{"id":45906,"date":"2025-12-04T09:01:17","date_gmt":"2025-12-04T09:01:17","guid":{"rendered":"https:\/\/elle-emme.it\/zone-reservee-elle-emme\/"},"modified":"2026-03-03T15:01:47","modified_gmt":"2026-03-03T15:01:47","slug":"zone-reservee-elle-emme","status":"publish","type":"page","link":"https:\/\/elle-emme.it\/fr\/zone-reservee-elle-emme\/","title":{"rendered":"Zone r\u00e9serv\u00e9e Elle emme"},"content":{"rendered":"\t\t<div data-elementor-type=\"wp-page\" data-elementor-id=\"45906\" class=\"elementor elementor-45906 elementor-45737\">\n\t\t\t\t<div class=\"elementor-element elementor-element-e24b84c e-flex e-con-boxed e-con e-parent\" data-id=\"e24b84c\" data-element_type=\"container\" data-e-type=\"container\">\n\t\t\t\t\t<div class=\"e-con-inner\">\n\t\t<div class=\"elementor-element elementor-element-967aea3 e-con-full e-flex e-con e-child\" data-id=\"967aea3\" data-element_type=\"container\" data-e-type=\"container\" data-settings=\"{&quot;background_background&quot;:&quot;classic&quot;}\">\n\t\t\t\t<div class=\"elementor-element elementor-element-045f97d elementor-widget elementor-widget-text-editor\" data-id=\"045f97d\" data-element_type=\"widget\" data-e-type=\"widget\" data-widget_type=\"text-editor.default\">\n\t\t\t\t<div class=\"elementor-widget-container\">\n\t\t\t\t\t\t\t\t\t<p>Zone disponible pendant la p\u00e9riode d&rsquo;\u00e9chantillonnage. La nouvelle collection sera bient\u00f4t disponible \u00e0 la commande. <\/p>\t\t\t\t\t\t\t\t<\/div>\n\t\t\t\t<\/div>\n\t\t\t\t<div class=\"elementor-element elementor-element-cd51346 elementor-widget elementor-widget-heading\" data-id=\"cd51346\" data-element_type=\"widget\" data-e-type=\"widget\" data-widget_type=\"heading.default\">\n\t\t\t\t<div class=\"elementor-widget-container\">\n\t\t\t\t\t<h2 class=\"elementor-heading-title elementor-size-default\">COMMANDE DE SAISON<\/h2>\t\t\t\t<\/div>\n\t\t\t\t<\/div>\n\t\t\t\t<div class=\"elementor-element elementor-element-b3c8e1d elementor-widget elementor-widget-text-editor\" data-id=\"b3c8e1d\" data-element_type=\"widget\" data-e-type=\"widget\" data-widget_type=\"text-editor.default\">\n\t\t\t\t<div class=\"elementor-widget-container\">\n\t\t\t\t\t\t\t\t\t<p>Les produits de cette cat\u00e9gorie ne sont pas actuellement en stock, mais peuvent \u00eatre command\u00e9s sur demande. Les d\u00e9lais de livraison peuvent varier en fonction de la disponibilit\u00e9 et seront communiqu\u00e9s au moment de l&rsquo;achat. <\/p>\t\t\t\t\t\t\t\t<\/div>\n\t\t\t\t<\/div>\n\t\t\t\t<\/div>\n\t\t<a class=\"elementor-element elementor-element-06fc3f1 e-con-full e-flex e-con e-child\" data-id=\"06fc3f1\" data-element_type=\"container\" data-e-type=\"container\" data-settings=\"{&quot;background_background&quot;:&quot;classic&quot;}\" href=\"https:\/\/elle-emme.it\/fr\/produits-prets-a-lemploi\/\">\n\t\t\t\t<div class=\"elementor-element elementor-element-c5d8e0e elementor-widget elementor-widget-heading\" data-id=\"c5d8e0e\" data-element_type=\"widget\" data-e-type=\"widget\" data-widget_type=\"heading.default\">\n\t\t\t\t<div class=\"elementor-widget-container\">\n\t\t\t\t\t<h2 class=\"elementor-heading-title elementor-size-default\">B2B STOCK DISPONIBLE<\/h2>\t\t\t\t<\/div>\n\t\t\t\t<\/div>\n\t\t\t\t<div class=\"elementor-element elementor-element-16929fa elementor-widget elementor-widget-text-editor\" data-id=\"16929fa\" data-element_type=\"widget\" data-e-type=\"widget\" data-widget_type=\"text-editor.default\">\n\t\t\t\t<div class=\"elementor-widget-container\">\n\t\t\t\t\t\t\t\t\t<p>Les produits de cette cat\u00e9gorie sont d\u00e9j\u00e0 disponibles dans notre entrep\u00f4t et pr\u00eats \u00e0 \u00eatre exp\u00e9di\u00e9s imm\u00e9diatement. Apr\u00e8s confirmation de la commande, celle-ci sera trait\u00e9e rapidement afin d&rsquo;assurer une livraison dans les meilleurs d\u00e9lais. <\/p>\t\t\t\t\t\t\t\t<\/div>\n\t\t\t\t<\/div>\n\t\t\t\t<\/a>\n\t\t\t\t\t<\/div>\n\t\t\t\t<\/div>\n\t\t\t\t<\/div>\n\t\t","protected":false},"excerpt":{"rendered":"<p>Zone disponible pendant la p\u00e9riode d&rsquo;\u00e9chantillonnage. La nouvelle collection sera bient\u00f4t disponible \u00e0 la commande. COMMANDE DE SAISON Les produits de cette cat\u00e9gorie ne sont pas actuellement en stock, mais peuvent \u00eatre command\u00e9s sur demande. Les d\u00e9lais de livraison peuvent varier en fonction de la disponibilit\u00e9 et seront communiqu\u00e9s au moment de l&rsquo;achat. B2B STOCK [&hellip;]<\/p>\n","protected":false},"author":1,"featured_media":0,"parent":0,"menu_order":0,"comment_status":"closed","ping_status":"closed","template":"","meta":{"footnotes":""},"class_list":["post-45906","page","type-page","status-publish","hentry"],"blocksy_meta":[],"yoast_head":"<!-- This site is optimized with the Yoast SEO plugin v27.4 - https:\/\/yoast.com\/product\/yoast-seo-wordpress\/ -->\n<title>Zone r\u00e9serv\u00e9e Elle emme - Elle Emme<\/title>\n<meta name=\"robots\" content=\"index, follow, max-snippet:-1, max-image-preview:large, max-video-preview:-1\" \/>\n<link rel=\"canonical\" href=\"https:\/\/elle-emme.it\/area-riservata-elle-emme\/\" \/>\n<meta property=\"og:locale\" content=\"fr_FR\" \/>\n<meta property=\"og:type\" content=\"article\" \/>\n<meta property=\"og:title\" content=\"Zone r\u00e9serv\u00e9e Elle emme - Elle Emme\" \/>\n<meta property=\"og:description\" content=\"Zone disponible pendant la p\u00e9riode d&rsquo;\u00e9chantillonnage. La nouvelle collection sera bient\u00f4t disponible \u00e0 la commande. COMMANDE DE SAISON Les produits de cette cat\u00e9gorie ne sont pas actuellement en stock, mais peuvent \u00eatre command\u00e9s sur demande. Les d\u00e9lais de livraison peuvent varier en fonction de la disponibilit\u00e9 et seront communiqu\u00e9s au moment de l&rsquo;achat. B2B STOCK [&hellip;]\" \/>\n<meta property=\"og:url\" content=\"https:\/\/elle-emme.it\/area-riservata-elle-emme\/\" \/>\n<meta property=\"og:site_name\" content=\"Elle Emme\" \/>\n<meta property=\"article:modified_time\" content=\"2026-03-03T15:01:47+00:00\" \/>\n<meta name=\"twitter:card\" content=\"summary_large_image\" \/>\n<meta name=\"twitter:label1\" content=\"Dur\u00e9e de lecture estim\u00e9e\" \/>\n\t<meta name=\"twitter:data1\" content=\"1 minute\" \/>\n<script type=\"application\/ld+json\" class=\"yoast-schema-graph\">{\"@context\":\"https:\\\/\\\/schema.org\",\"@graph\":[{\"@type\":\"WebPage\",\"@id\":\"https:\\\/\\\/elle-emme.it\\\/area-riservata-elle-emme\\\/\",\"url\":\"https:\\\/\\\/elle-emme.it\\\/area-riservata-elle-emme\\\/\",\"name\":\"Zone r\u00e9serv\u00e9e Elle emme - Elle Emme\",\"isPartOf\":{\"@id\":\"https:\\\/\\\/elle-emme.it\\\/#website\"},\"datePublished\":\"2025-12-04T09:01:17+00:00\",\"dateModified\":\"2026-03-03T15:01:47+00:00\",\"breadcrumb\":{\"@id\":\"https:\\\/\\\/elle-emme.it\\\/area-riservata-elle-emme\\\/#breadcrumb\"},\"inLanguage\":\"fr-FR\",\"potentialAction\":[{\"@type\":\"ReadAction\",\"target\":[\"https:\\\/\\\/elle-emme.it\\\/area-riservata-elle-emme\\\/\"]}]},{\"@type\":\"BreadcrumbList\",\"@id\":\"https:\\\/\\\/elle-emme.it\\\/area-riservata-elle-emme\\\/#breadcrumb\",\"itemListElement\":[{\"@type\":\"ListItem\",\"position\":1,\"name\":\"Home\",\"item\":\"https:\\\/\\\/elle-emme.it\\\/\"},{\"@type\":\"ListItem\",\"position\":2,\"name\":\"Zone r\u00e9serv\u00e9e Elle emme\"}]},{\"@type\":\"WebSite\",\"@id\":\"https:\\\/\\\/elle-emme.it\\\/#website\",\"url\":\"https:\\\/\\\/elle-emme.it\\\/\",\"name\":\"https:\\\/\\\/elle-emme.it\\\/\",\"description\":\"\",\"publisher\":{\"@id\":\"https:\\\/\\\/elle-emme.it\\\/#organization\"},\"potentialAction\":[{\"@type\":\"SearchAction\",\"target\":{\"@type\":\"EntryPoint\",\"urlTemplate\":\"https:\\\/\\\/elle-emme.it\\\/?s={search_term_string}\"},\"query-input\":{\"@type\":\"PropertyValueSpecification\",\"valueRequired\":true,\"valueName\":\"search_term_string\"}}],\"inLanguage\":\"fr-FR\"},{\"@type\":\"Organization\",\"@id\":\"https:\\\/\\\/elle-emme.it\\\/#organization\",\"name\":\"Elle-Emme\",\"url\":\"https:\\\/\\\/elle-emme.it\\\/\",\"logo\":{\"@type\":\"ImageObject\",\"inLanguage\":\"fr-FR\",\"@id\":\"https:\\\/\\\/elle-emme.it\\\/#\\\/schema\\\/logo\\\/image\\\/\",\"url\":\"https:\\\/\\\/elle-emme.it\\\/wp-content\\\/uploads\\\/2024\\\/03\\\/logo-elle-emme.png\",\"contentUrl\":\"https:\\\/\\\/elle-emme.it\\\/wp-content\\\/uploads\\\/2024\\\/03\\\/logo-elle-emme.png\",\"width\":686,\"height\":63,\"caption\":\"Elle-Emme\"},\"image\":{\"@id\":\"https:\\\/\\\/elle-emme.it\\\/#\\\/schema\\\/logo\\\/image\\\/\"}}]}<\/script>\n<!-- \/ Yoast SEO plugin. -->","yoast_head_json":{"title":"Zone r\u00e9serv\u00e9e Elle emme - Elle Emme","robots":{"index":"index","follow":"follow","max-snippet":"max-snippet:-1","max-image-preview":"max-image-preview:large","max-video-preview":"max-video-preview:-1"},"canonical":"https:\/\/elle-emme.it\/area-riservata-elle-emme\/","og_locale":"fr_FR","og_type":"article","og_title":"Zone r\u00e9serv\u00e9e Elle emme - Elle Emme","og_description":"Zone disponible pendant la p\u00e9riode d&rsquo;\u00e9chantillonnage. La nouvelle collection sera bient\u00f4t disponible \u00e0 la commande. COMMANDE DE SAISON Les produits de cette cat\u00e9gorie ne sont pas actuellement en stock, mais peuvent \u00eatre command\u00e9s sur demande. Les d\u00e9lais de livraison peuvent varier en fonction de la disponibilit\u00e9 et seront communiqu\u00e9s au moment de l&rsquo;achat. B2B STOCK [&hellip;]","og_url":"https:\/\/elle-emme.it\/area-riservata-elle-emme\/","og_site_name":"Elle Emme","article_modified_time":"2026-03-03T15:01:47+00:00","twitter_card":"summary_large_image","twitter_misc":{"Dur\u00e9e de lecture estim\u00e9e":"1 minute"},"schema":{"@context":"https:\/\/schema.org","@graph":[{"@type":"WebPage","@id":"https:\/\/elle-emme.it\/area-riservata-elle-emme\/","url":"https:\/\/elle-emme.it\/area-riservata-elle-emme\/","name":"Zone r\u00e9serv\u00e9e Elle emme - Elle Emme","isPartOf":{"@id":"https:\/\/elle-emme.it\/#website"},"datePublished":"2025-12-04T09:01:17+00:00","dateModified":"2026-03-03T15:01:47+00:00","breadcrumb":{"@id":"https:\/\/elle-emme.it\/area-riservata-elle-emme\/#breadcrumb"},"inLanguage":"fr-FR","potentialAction":[{"@type":"ReadAction","target":["https:\/\/elle-emme.it\/area-riservata-elle-emme\/"]}]},{"@type":"BreadcrumbList","@id":"https:\/\/elle-emme.it\/area-riservata-elle-emme\/#breadcrumb","itemListElement":[{"@type":"ListItem","position":1,"name":"Home","item":"https:\/\/elle-emme.it\/"},{"@type":"ListItem","position":2,"name":"Zone r\u00e9serv\u00e9e Elle emme"}]},{"@type":"WebSite","@id":"https:\/\/elle-emme.it\/#website","url":"https:\/\/elle-emme.it\/","name":"https:\/\/elle-emme.it\/","description":"","publisher":{"@id":"https:\/\/elle-emme.it\/#organization"},"potentialAction":[{"@type":"SearchAction","target":{"@type":"EntryPoint","urlTemplate":"https:\/\/elle-emme.it\/?s={search_term_string}"},"query-input":{"@type":"PropertyValueSpecification","valueRequired":true,"valueName":"search_term_string"}}],"inLanguage":"fr-FR"},{"@type":"Organization","@id":"https:\/\/elle-emme.it\/#organization","name":"Elle-Emme","url":"https:\/\/elle-emme.it\/","logo":{"@type":"ImageObject","inLanguage":"fr-FR","@id":"https:\/\/elle-emme.it\/#\/schema\/logo\/image\/","url":"https:\/\/elle-emme.it\/wp-content\/uploads\/2024\/03\/logo-elle-emme.png","contentUrl":"https:\/\/elle-emme.it\/wp-content\/uploads\/2024\/03\/logo-elle-emme.png","width":686,"height":63,"caption":"Elle-Emme"},"image":{"@id":"https:\/\/elle-emme.it\/#\/schema\/logo\/image\/"}}]}},"_links":{"self":[{"href":"https:\/\/elle-emme.it\/fr\/wp-json\/wp\/v2\/pages\/45906","targetHints":{"allow":["GET"]}}],"collection":[{"href":"https:\/\/elle-emme.it\/fr\/wp-json\/wp\/v2\/pages"}],"about":[{"href":"https:\/\/elle-emme.it\/fr\/wp-json\/wp\/v2\/types\/page"}],"author":[{"embeddable":true,"href":"https:\/\/elle-emme.it\/fr\/wp-json\/wp\/v2\/users\/1"}],"replies":[{"embeddable":true,"href":"https:\/\/elle-emme.it\/fr\/wp-json\/wp\/v2\/comments?post=45906"}],"version-history":[{"count":3,"href":"https:\/\/elle-emme.it\/fr\/wp-json\/wp\/v2\/pages\/45906\/revisions"}],"predecessor-version":[{"id":48499,"href":"https:\/\/elle-emme.it\/fr\/wp-json\/wp\/v2\/pages\/45906\/revisions\/48499"}],"wp:attachment":[{"href":"https:\/\/elle-emme.it\/fr\/wp-json\/wp\/v2\/media?parent=45906"}],"curies":[{"name":"wp","href":"https:\/\/api.w.org\/{rel}","templated":true}]}}