{"id":49218,"date":"2026-03-19T16:22:57","date_gmt":"2026-03-19T16:22:57","guid":{"rendered":"https:\/\/elle-emme.it\/?page_id=49218"},"modified":"2026-03-19T16:22:57","modified_gmt":"2026-03-19T16:22:57","slug":"code-de-conduite","status":"publish","type":"page","link":"https:\/\/elle-emme.it\/fr\/code-de-conduite\/","title":{"rendered":"CODE DE CONDUITE"},"content":{"rendered":"\n<p>CODE DE CONDUITE POUR LES RELATIONS COMMERCIALES<br>NUOVA ELLE EMME S.R.L. \u2013 2026<br><br>1. ENGAGEMENT POUR UNE CONDUITE D\u2019ENTREPRISE RESPONSABLE<br><br>NUOVA ELLE EMME S.R.L. s\u2019engage \u00e0 garantir que toutes ses activit\u00e9s, y compris celles de son unit\u00e9 de production interne et de ses fournisseurs, respectent les normes \u00e9thiques, sociales et environnementales les plus \u00e9lev\u00e9es. Tous les fournisseurs et partenaires commerciaux doivent mettre en \u0153uvre un syst\u00e8me de gestion responsable, fond\u00e9 sur l\u2019analyse des risques et la diligence raisonnable, afin de garantir le respect des droits humains, de la durabilit\u00e9 environnementale et de l\u2019\u00e9thique des affaires. Ce syst\u00e8me doit \u00eatre conforme aux Principes directeurs des Nations Unies relatifs aux entreprises et aux droits de l\u2019homme (UNGPs).<br><br>2. GESTION DES RISQUES ET DILIGENCE RAISONNABLE<br><br>Tous les fournisseurs et partenaires commerciaux de NUOVA ELLE EMME S.R.L., y compris son unit\u00e9 de production interne, doivent :<br><br>R\u00e9aliser des \u00e9valuations p\u00e9riodiques des risques dans leurs op\u00e9rations et leur cha\u00eene d\u2019approvisionnement.<br><br>Adopter des mesures pour att\u00e9nuer les risques et assurer une am\u00e9lioration continue.<br><br>Collaborer avec les parties prenantes (employ\u00e9s, communaut\u00e9s locales, etc.) afin de r\u00e9soudre les probl\u00e8mes et d\u2019am\u00e9liorer les conditions de travail, les pratiques environnementales et la gouvernance d\u2019entreprise.<br><br>3. CONFORMIT\u00c9 L\u00c9GALE<br><br>Tous les partenaires commerciaux doivent respecter les r\u00e9glementations nationales.<br><br>4. PRINCIPES ET NORMES<br><br>4.1 DROITS DE L\u2019HOMME ET NORMES DU TRAVAIL<br><br>Les fournisseurs de NUOVA ELLE EMME S.R.L. et son unit\u00e9 de production interne doivent respecter les droits humains et les droits du travail en mettant en \u0153uvre un syst\u00e8me de gestion garantissant :<br><br>L\u2019interdiction du travail forc\u00e9 et du travail des enfants, en garantissant qu\u2019aucun employ\u00e9 n\u2019a moins de 15 ans.<br><br>La libert\u00e9 d\u2019association et le droit \u00e0 la n\u00e9gociation collective.<br><br>L\u2019\u00e9galit\u00e9 de traitement, sans discrimination fond\u00e9e sur le genre, l\u2019\u00e2ge, la religion, la race, l\u2019orientation sexuelle ou d\u2019autres facteurs.<br><br>Une r\u00e9mun\u00e9ration \u00e9quitable, respectant le salaire minimum l\u00e9gal et favorisant un salaire d\u00e9cent.<br><br>La limitation du temps de travail, en veillant \u00e0 ce qu\u2019il ne d\u00e9passe pas 48 heures par semaine, avec au moins un jour de repos par semaine.<br><br>Un environnement de travail s\u00fbr et sain, incluant :<br><br>Des conditions de travail propres et s\u00fbres afin de r\u00e9duire les risques pour la sant\u00e9.<br><br>Une formation r\u00e9guli\u00e8re \u00e0 la s\u00e9curit\u00e9 pour les travailleurs.<br><br>L\u2019acc\u00e8s \u00e0 de l\u2019eau potable, \u00e0 des installations sanitaires et \u00e0 des zones de repos ad\u00e9quates.<br><br>4.2 RESPONSABILIT\u00c9 ENVIRONNEMENTALE<br><br>Les fournisseurs de NUOVA ELLE EMME S.R.L. et son unit\u00e9 de production interne doivent adopter des mesures pour prot\u00e9ger l\u2019environnement et lutter contre le changement climatique, notamment :<br><br>R\u00e9duire au minimum la consommation de ressources telles que l\u2019eau et l\u2019\u00e9nergie.<br><br>G\u00e9rer les d\u00e9chets de mani\u00e8re responsable, en favorisant le recyclage et la r\u00e9duction des d\u00e9chets envoy\u00e9s en d\u00e9charge.<br><br>R\u00e9duire les \u00e9missions de carbone et contr\u00f4ler la pollution sonore, les odeurs et les poussi\u00e8res.<br><br>Se conformer aux r\u00e9glementations internationales telles que le r\u00e8glement REACH de l\u2019Union europ\u00e9enne sur la gestion des substances chimiques.<br><br>4.3 TRANSPARENCE ET RESPONSABILIT\u00c9<br><br>Les fournisseurs doivent :<br><br>Agir avec int\u00e9grit\u00e9, en \u00e9vitant la corruption, l\u2019extorsion, le blanchiment d\u2019argent et les pratiques commerciales frauduleuses.<br><br>Tenir des registres pr\u00e9cis et transparents des op\u00e9rations commerciales.<br><br>Adopter des actions correctives pour r\u00e9soudre les probl\u00e8mes identifi\u00e9s lors d\u2019audits ou de v\u00e9rifications par des tiers.<br><br>Signaler \u00e0 NUOVA ELLE EMME S.R.L. toute violation li\u00e9e aux droits humains, \u00e0 l\u2019environnement ou \u00e0 la corruption.<br><br>5. RESPONSABILIT\u00c9 DANS LA CHA\u00ceNE D\u2019APPROVISIONNEMENT<br><br>Les fournisseurs doivent s\u2019assurer que leurs sous-traitants respectent \u00e9galement les m\u00eames normes \u00e9thiques, en garantissant :<br><br>Que tous les fournisseurs suivent ces principes.<br><br>Le suivi et la v\u00e9rification de la conformit\u00e9 \u00e0 tous les niveaux de la cha\u00eene d\u2019approvisionnement.<br><br>Des actions correctives imm\u00e9diates en cas de violations.<br><br>6. AM\u00c9LIORATION CONTINUE ET SUIVI<br><br>Les fournisseurs doivent :<br><br>Travailler \u00e0 am\u00e9liorer leurs pratiques sociales, environnementales et \u00e9conomiques.<br><br>\u00catre disponibles pour des contr\u00f4les et audits afin de garantir le respect de ce Code de conduite.<br><br>Collaborer avec NUOVA ELLE EMME S.R.L. pour mettre en \u0153uvre des actions correctives si n\u00e9cessaire.<br><br>7. SIGNALMENT DES VIOLATIONS<br><br>Les fournisseurs doivent garantir un syst\u00e8me s\u00fbr et confidentiel pour signaler les violations \u00e9thiques, sociales ou environnementales.<br><br>Les signalements doivent \u00eatre trait\u00e9s de mani\u00e8re \u00e9quitable et rapide.<br><br>Les signalements peuvent \u00eatre envoy\u00e9s directement \u00e0 NUOVA ELLE EMME S.R.L. via des canaux d\u00e9di\u00e9s.<br><br>8. SIGNATURE ET ENGAGEMENT<br><br>Chaque fournisseur collaborant avec NUOVA ELLE EMME S.R.L. s\u2019engage \u00e0 respecter les principes de ce Code et \u00e0 appliquer les normes requises.<br><br>Agliana 01-01-2020<br><br>Risaliti Federico (Propri\u00e9taire)<br>NUOVA ELLE EMME S.R.L.<br>Via Terracini 32, 51031 Agliana (PT), Italie<br><br><\/p>\n\n\n\n<p><\/p>\n","protected":false},"excerpt":{"rendered":"<p>CODE DE CONDUITE POUR LES RELATIONS COMMERCIALESNUOVA ELLE EMME S.R.L. \u2013 2026 1. ENGAGEMENT POUR UNE CONDUITE D\u2019ENTREPRISE RESPONSABLE NUOVA ELLE EMME S.R.L. s\u2019engage \u00e0 garantir que toutes ses activit\u00e9s, y compris celles de son unit\u00e9 de production interne et de ses fournisseurs, respectent les normes \u00e9thiques, sociales et environnementales les plus \u00e9lev\u00e9es. Tous les [&hellip;]<\/p>\n","protected":false},"author":106,"featured_media":0,"parent":0,"menu_order":0,"comment_status":"closed","ping_status":"closed","template":"","meta":{"footnotes":""},"class_list":["post-49218","page","type-page","status-publish","hentry"],"blocksy_meta":[],"yoast_head":"<!-- This site is optimized with the Yoast SEO plugin v27.4 - https:\/\/yoast.com\/product\/yoast-seo-wordpress\/ -->\n<title>CODE DE CONDUITE - Elle Emme<\/title>\n<meta name=\"robots\" content=\"index, follow, max-snippet:-1, max-image-preview:large, max-video-preview:-1\" \/>\n<link rel=\"canonical\" href=\"https:\/\/elle-emme.it\/fr\/code-de-conduite\/\" \/>\n<meta property=\"og:locale\" content=\"fr_FR\" \/>\n<meta property=\"og:type\" content=\"article\" \/>\n<meta property=\"og:title\" content=\"CODE DE CONDUITE - Elle Emme\" \/>\n<meta property=\"og:description\" content=\"CODE DE CONDUITE POUR LES RELATIONS COMMERCIALESNUOVA ELLE EMME S.R.L. \u2013 2026 1. ENGAGEMENT POUR UNE CONDUITE D\u2019ENTREPRISE RESPONSABLE NUOVA ELLE EMME S.R.L. s\u2019engage \u00e0 garantir que toutes ses activit\u00e9s, y compris celles de son unit\u00e9 de production interne et de ses fournisseurs, respectent les normes \u00e9thiques, sociales et environnementales les plus \u00e9lev\u00e9es. Tous les [&hellip;]\" \/>\n<meta property=\"og:url\" content=\"https:\/\/elle-emme.it\/fr\/code-de-conduite\/\" \/>\n<meta property=\"og:site_name\" content=\"Elle Emme\" \/>\n<meta name=\"twitter:card\" content=\"summary_large_image\" \/>\n<meta name=\"twitter:label1\" content=\"Dur\u00e9e de lecture estim\u00e9e\" \/>\n\t<meta name=\"twitter:data1\" content=\"4 minutes\" \/>\n<script type=\"application\/ld+json\" class=\"yoast-schema-graph\">{\"@context\":\"https:\\\/\\\/schema.org\",\"@graph\":[{\"@type\":\"WebPage\",\"@id\":\"https:\\\/\\\/elle-emme.it\\\/fr\\\/code-de-conduite\\\/\",\"url\":\"https:\\\/\\\/elle-emme.it\\\/fr\\\/code-de-conduite\\\/\",\"name\":\"CODE DE CONDUITE - Elle Emme\",\"isPartOf\":{\"@id\":\"https:\\\/\\\/elle-emme.it\\\/#website\"},\"datePublished\":\"2026-03-19T16:22:57+00:00\",\"breadcrumb\":{\"@id\":\"https:\\\/\\\/elle-emme.it\\\/fr\\\/code-de-conduite\\\/#breadcrumb\"},\"inLanguage\":\"fr-FR\",\"potentialAction\":[{\"@type\":\"ReadAction\",\"target\":[\"https:\\\/\\\/elle-emme.it\\\/fr\\\/code-de-conduite\\\/\"]}]},{\"@type\":\"BreadcrumbList\",\"@id\":\"https:\\\/\\\/elle-emme.it\\\/fr\\\/code-de-conduite\\\/#breadcrumb\",\"itemListElement\":[{\"@type\":\"ListItem\",\"position\":1,\"name\":\"Home\",\"item\":\"https:\\\/\\\/elle-emme.it\\\/\"},{\"@type\":\"ListItem\",\"position\":2,\"name\":\"CODE DE CONDUITE\"}]},{\"@type\":\"WebSite\",\"@id\":\"https:\\\/\\\/elle-emme.it\\\/#website\",\"url\":\"https:\\\/\\\/elle-emme.it\\\/\",\"name\":\"https:\\\/\\\/elle-emme.it\\\/\",\"description\":\"\",\"publisher\":{\"@id\":\"https:\\\/\\\/elle-emme.it\\\/#organization\"},\"potentialAction\":[{\"@type\":\"SearchAction\",\"target\":{\"@type\":\"EntryPoint\",\"urlTemplate\":\"https:\\\/\\\/elle-emme.it\\\/?s={search_term_string}\"},\"query-input\":{\"@type\":\"PropertyValueSpecification\",\"valueRequired\":true,\"valueName\":\"search_term_string\"}}],\"inLanguage\":\"fr-FR\"},{\"@type\":\"Organization\",\"@id\":\"https:\\\/\\\/elle-emme.it\\\/#organization\",\"name\":\"Elle-Emme\",\"url\":\"https:\\\/\\\/elle-emme.it\\\/\",\"logo\":{\"@type\":\"ImageObject\",\"inLanguage\":\"fr-FR\",\"@id\":\"https:\\\/\\\/elle-emme.it\\\/#\\\/schema\\\/logo\\\/image\\\/\",\"url\":\"https:\\\/\\\/elle-emme.it\\\/wp-content\\\/uploads\\\/2024\\\/03\\\/logo-elle-emme.png\",\"contentUrl\":\"https:\\\/\\\/elle-emme.it\\\/wp-content\\\/uploads\\\/2024\\\/03\\\/logo-elle-emme.png\",\"width\":686,\"height\":63,\"caption\":\"Elle-Emme\"},\"image\":{\"@id\":\"https:\\\/\\\/elle-emme.it\\\/#\\\/schema\\\/logo\\\/image\\\/\"}}]}<\/script>\n<!-- \/ Yoast SEO plugin. -->","yoast_head_json":{"title":"CODE DE CONDUITE - Elle Emme","robots":{"index":"index","follow":"follow","max-snippet":"max-snippet:-1","max-image-preview":"max-image-preview:large","max-video-preview":"max-video-preview:-1"},"canonical":"https:\/\/elle-emme.it\/fr\/code-de-conduite\/","og_locale":"fr_FR","og_type":"article","og_title":"CODE DE CONDUITE - Elle Emme","og_description":"CODE DE CONDUITE POUR LES RELATIONS COMMERCIALESNUOVA ELLE EMME S.R.L. \u2013 2026 1. ENGAGEMENT POUR UNE CONDUITE D\u2019ENTREPRISE RESPONSABLE NUOVA ELLE EMME S.R.L. s\u2019engage \u00e0 garantir que toutes ses activit\u00e9s, y compris celles de son unit\u00e9 de production interne et de ses fournisseurs, respectent les normes \u00e9thiques, sociales et environnementales les plus \u00e9lev\u00e9es. Tous les [&hellip;]","og_url":"https:\/\/elle-emme.it\/fr\/code-de-conduite\/","og_site_name":"Elle Emme","twitter_card":"summary_large_image","twitter_misc":{"Dur\u00e9e de lecture estim\u00e9e":"4 minutes"},"schema":{"@context":"https:\/\/schema.org","@graph":[{"@type":"WebPage","@id":"https:\/\/elle-emme.it\/fr\/code-de-conduite\/","url":"https:\/\/elle-emme.it\/fr\/code-de-conduite\/","name":"CODE DE CONDUITE - Elle Emme","isPartOf":{"@id":"https:\/\/elle-emme.it\/#website"},"datePublished":"2026-03-19T16:22:57+00:00","breadcrumb":{"@id":"https:\/\/elle-emme.it\/fr\/code-de-conduite\/#breadcrumb"},"inLanguage":"fr-FR","potentialAction":[{"@type":"ReadAction","target":["https:\/\/elle-emme.it\/fr\/code-de-conduite\/"]}]},{"@type":"BreadcrumbList","@id":"https:\/\/elle-emme.it\/fr\/code-de-conduite\/#breadcrumb","itemListElement":[{"@type":"ListItem","position":1,"name":"Home","item":"https:\/\/elle-emme.it\/"},{"@type":"ListItem","position":2,"name":"CODE DE CONDUITE"}]},{"@type":"WebSite","@id":"https:\/\/elle-emme.it\/#website","url":"https:\/\/elle-emme.it\/","name":"https:\/\/elle-emme.it\/","description":"","publisher":{"@id":"https:\/\/elle-emme.it\/#organization"},"potentialAction":[{"@type":"SearchAction","target":{"@type":"EntryPoint","urlTemplate":"https:\/\/elle-emme.it\/?s={search_term_string}"},"query-input":{"@type":"PropertyValueSpecification","valueRequired":true,"valueName":"search_term_string"}}],"inLanguage":"fr-FR"},{"@type":"Organization","@id":"https:\/\/elle-emme.it\/#organization","name":"Elle-Emme","url":"https:\/\/elle-emme.it\/","logo":{"@type":"ImageObject","inLanguage":"fr-FR","@id":"https:\/\/elle-emme.it\/#\/schema\/logo\/image\/","url":"https:\/\/elle-emme.it\/wp-content\/uploads\/2024\/03\/logo-elle-emme.png","contentUrl":"https:\/\/elle-emme.it\/wp-content\/uploads\/2024\/03\/logo-elle-emme.png","width":686,"height":63,"caption":"Elle-Emme"},"image":{"@id":"https:\/\/elle-emme.it\/#\/schema\/logo\/image\/"}}]}},"_links":{"self":[{"href":"https:\/\/elle-emme.it\/fr\/wp-json\/wp\/v2\/pages\/49218","targetHints":{"allow":["GET"]}}],"collection":[{"href":"https:\/\/elle-emme.it\/fr\/wp-json\/wp\/v2\/pages"}],"about":[{"href":"https:\/\/elle-emme.it\/fr\/wp-json\/wp\/v2\/types\/page"}],"author":[{"embeddable":true,"href":"https:\/\/elle-emme.it\/fr\/wp-json\/wp\/v2\/users\/106"}],"replies":[{"embeddable":true,"href":"https:\/\/elle-emme.it\/fr\/wp-json\/wp\/v2\/comments?post=49218"}],"version-history":[{"count":2,"href":"https:\/\/elle-emme.it\/fr\/wp-json\/wp\/v2\/pages\/49218\/revisions"}],"predecessor-version":[{"id":49220,"href":"https:\/\/elle-emme.it\/fr\/wp-json\/wp\/v2\/pages\/49218\/revisions\/49220"}],"wp:attachment":[{"href":"https:\/\/elle-emme.it\/fr\/wp-json\/wp\/v2\/media?parent=49218"}],"curies":[{"name":"wp","href":"https:\/\/api.w.org\/{rel}","templated":true}]}}