{"id":50138,"date":"2025-10-06T08:08:48","date_gmt":"2025-10-06T08:08:48","guid":{"rendered":"https:\/\/elle-emme.it\/connexion-a-la-demo-de-la-zone-reserveearea-riservata-login-demo\/"},"modified":"2026-04-08T20:43:26","modified_gmt":"2026-04-08T20:43:26","slug":"connexion-a-la-demo-de-la-zone-reserveearea-riservata-login-demo","status":"publish","type":"page","link":"https:\/\/elle-emme.it\/fr\/connexion-a-la-demo-de-la-zone-reserveearea-riservata-login-demo\/","title":{"rendered":"Connexion \u00e0 la d\u00e9mo de la zone r\u00e9serv\u00e9eArea riservata login demo"},"content":{"rendered":"\t\t<div data-elementor-type=\"wp-page\" data-elementor-id=\"50138\" class=\"elementor elementor-50138 elementor-41363\">\n\t\t\t\t<div class=\"elementor-element elementor-element-66b103c e-flex e-con-boxed e-con e-parent\" data-id=\"66b103c\" data-element_type=\"container\" data-e-type=\"container\" data-settings=\"{&quot;background_background&quot;:&quot;classic&quot;}\">\n\t\t\t\t\t<div class=\"e-con-inner\">\n\t\t<div class=\"elementor-element elementor-element-9babfbb e-flex e-con-boxed e-con e-child\" data-id=\"9babfbb\" data-element_type=\"container\" data-e-type=\"container\" data-settings=\"{&quot;background_background&quot;:&quot;classic&quot;}\">\n\t\t\t\t\t<div class=\"e-con-inner\">\n\t\t\t\t<div class=\"elementor-element elementor-element-94e571b elementor-widget elementor-widget-text-editor\" data-id=\"94e571b\" data-element_type=\"widget\" data-e-type=\"widget\" data-widget_type=\"text-editor.default\">\n\t\t\t\t<div class=\"elementor-widget-container\">\n\t\t\t\t\t\t\t\t\t<p>Vous devez vous connecter pour acc\u00e9der \u00e0 toutes les donn\u00e9es de notre catalogue.<br>Si vous n&rsquo;avez pas de donn\u00e9es d&rsquo;acc\u00e8s, veuillez vous enregistrer en remplissant le formulaire ci-dessous.<\/p>\t\t\t\t\t\t\t\t<\/div>\n\t\t\t\t<\/div>\n\t\t\t\t<div class=\"elementor-element elementor-element-302dc34 elementor-widget elementor-widget-shortcode\" data-id=\"302dc34\" data-element_type=\"widget\" data-e-type=\"widget\" data-widget_type=\"shortcode.default\">\n\t\t\t\t<div class=\"elementor-widget-container\">\n\t\t\t\t\t\t\t<div class=\"elementor-shortcode\"><div class=\"woocommerce ct-woo-unauthorized\"><\/div><\/div>\n\t\t\t\t\t\t<\/div>\n\t\t\t\t<\/div>\n\t\t\t\t\t<\/div>\n\t\t\t\t<\/div>\n\t\t\t\t<div class=\"elementor-element elementor-element-bb2259c elementor-widget elementor-widget-html\" data-id=\"bb2259c\" data-element_type=\"widget\" data-e-type=\"widget\" data-widget_type=\"html.default\">\n\t\t\t\t<div class=\"elementor-widget-container\">\n\t\t\t\t\t<style>.elementor-41363 .elementor-element.elementor-element-302dc34.elementor-element {\n\talign-self:inherit;\n\tfont-family:Hedvig Letters Serif;\n\tfont-size:18px;\t\n}\n<\/style>\t\t\t\t<\/div>\n\t\t\t\t<\/div>\n\t\t\t\t\t<\/div>\n\t\t\t\t<\/div>\n\t\t\t\t<\/div>\n\t\t","protected":false},"excerpt":{"rendered":"<p>Vous devez vous connecter pour acc\u00e9der \u00e0 toutes les donn\u00e9es de notre catalogue.Si vous n&rsquo;avez pas de donn\u00e9es d&rsquo;acc\u00e8s, veuillez vous enregistrer en remplissant le formulaire ci-dessous.<\/p>\n","protected":false},"author":1,"featured_media":0,"parent":0,"menu_order":0,"comment_status":"closed","ping_status":"closed","template":"","meta":{"footnotes":""},"class_list":["post-50138","page","type-page","status-publish","hentry"],"blocksy_meta":{"has_hero_section":"disabled","styles_descriptor":{"styles":{"desktop":"","tablet":"","mobile":""},"google_fonts":[],"version":6}},"yoast_head":"<!-- This site is optimized with the Yoast SEO plugin v27.4 - https:\/\/yoast.com\/product\/yoast-seo-wordpress\/ -->\n<title>Connexion \u00e0 la d\u00e9mo de la zone r\u00e9serv\u00e9eArea riservata login demo - Elle Emme<\/title>\n<meta name=\"robots\" content=\"index, follow, max-snippet:-1, max-image-preview:large, max-video-preview:-1\" \/>\n<link rel=\"canonical\" href=\"https:\/\/elle-emme.it\/fr\/connexion-a-la-demo-de-la-zone-reserveearea-riservata-login-demo\/\" \/>\n<meta property=\"og:locale\" content=\"fr_FR\" \/>\n<meta property=\"og:type\" content=\"article\" \/>\n<meta property=\"og:title\" content=\"Connexion \u00e0 la d\u00e9mo de la zone r\u00e9serv\u00e9eArea riservata login demo - Elle Emme\" \/>\n<meta property=\"og:description\" content=\"Vous devez vous connecter pour acc\u00e9der \u00e0 toutes les donn\u00e9es de notre catalogue.Si vous n&rsquo;avez pas de donn\u00e9es d&rsquo;acc\u00e8s, veuillez vous enregistrer en remplissant le formulaire ci-dessous.\" \/>\n<meta property=\"og:url\" content=\"https:\/\/elle-emme.it\/fr\/connexion-a-la-demo-de-la-zone-reserveearea-riservata-login-demo\/\" \/>\n<meta property=\"og:site_name\" content=\"Elle Emme\" \/>\n<meta property=\"article:modified_time\" content=\"2026-04-08T20:43:26+00:00\" \/>\n<meta name=\"twitter:card\" content=\"summary_large_image\" \/>\n<script type=\"application\/ld+json\" class=\"yoast-schema-graph\">{\"@context\":\"https:\\\/\\\/schema.org\",\"@graph\":[{\"@type\":\"WebPage\",\"@id\":\"https:\\\/\\\/elle-emme.it\\\/fr\\\/connexion-a-la-demo-de-la-zone-reserveearea-riservata-login-demo\\\/\",\"url\":\"https:\\\/\\\/elle-emme.it\\\/fr\\\/connexion-a-la-demo-de-la-zone-reserveearea-riservata-login-demo\\\/\",\"name\":\"Connexion \u00e0 la d\u00e9mo de la zone r\u00e9serv\u00e9eArea riservata login demo - Elle Emme\",\"isPartOf\":{\"@id\":\"https:\\\/\\\/elle-emme.it\\\/#website\"},\"datePublished\":\"2025-10-06T08:08:48+00:00\",\"dateModified\":\"2026-04-08T20:43:26+00:00\",\"breadcrumb\":{\"@id\":\"https:\\\/\\\/elle-emme.it\\\/fr\\\/connexion-a-la-demo-de-la-zone-reserveearea-riservata-login-demo\\\/#breadcrumb\"},\"inLanguage\":\"fr-FR\",\"potentialAction\":[{\"@type\":\"ReadAction\",\"target\":[\"https:\\\/\\\/elle-emme.it\\\/fr\\\/connexion-a-la-demo-de-la-zone-reserveearea-riservata-login-demo\\\/\"]}]},{\"@type\":\"BreadcrumbList\",\"@id\":\"https:\\\/\\\/elle-emme.it\\\/fr\\\/connexion-a-la-demo-de-la-zone-reserveearea-riservata-login-demo\\\/#breadcrumb\",\"itemListElement\":[{\"@type\":\"ListItem\",\"position\":1,\"name\":\"Home\",\"item\":\"https:\\\/\\\/elle-emme.it\\\/\"},{\"@type\":\"ListItem\",\"position\":2,\"name\":\"Connexion \u00e0 la d\u00e9mo de la zone r\u00e9serv\u00e9eArea riservata login demo\"}]},{\"@type\":\"WebSite\",\"@id\":\"https:\\\/\\\/elle-emme.it\\\/#website\",\"url\":\"https:\\\/\\\/elle-emme.it\\\/\",\"name\":\"https:\\\/\\\/elle-emme.it\\\/\",\"description\":\"\",\"publisher\":{\"@id\":\"https:\\\/\\\/elle-emme.it\\\/#organization\"},\"potentialAction\":[{\"@type\":\"SearchAction\",\"target\":{\"@type\":\"EntryPoint\",\"urlTemplate\":\"https:\\\/\\\/elle-emme.it\\\/?s={search_term_string}\"},\"query-input\":{\"@type\":\"PropertyValueSpecification\",\"valueRequired\":true,\"valueName\":\"search_term_string\"}}],\"inLanguage\":\"fr-FR\"},{\"@type\":\"Organization\",\"@id\":\"https:\\\/\\\/elle-emme.it\\\/#organization\",\"name\":\"Elle-Emme\",\"url\":\"https:\\\/\\\/elle-emme.it\\\/\",\"logo\":{\"@type\":\"ImageObject\",\"inLanguage\":\"fr-FR\",\"@id\":\"https:\\\/\\\/elle-emme.it\\\/#\\\/schema\\\/logo\\\/image\\\/\",\"url\":\"https:\\\/\\\/elle-emme.it\\\/wp-content\\\/uploads\\\/2024\\\/03\\\/logo-elle-emme.png\",\"contentUrl\":\"https:\\\/\\\/elle-emme.it\\\/wp-content\\\/uploads\\\/2024\\\/03\\\/logo-elle-emme.png\",\"width\":686,\"height\":63,\"caption\":\"Elle-Emme\"},\"image\":{\"@id\":\"https:\\\/\\\/elle-emme.it\\\/#\\\/schema\\\/logo\\\/image\\\/\"}}]}<\/script>\n<!-- \/ Yoast SEO plugin. -->","yoast_head_json":{"title":"Connexion \u00e0 la d\u00e9mo de la zone r\u00e9serv\u00e9eArea riservata login demo - Elle Emme","robots":{"index":"index","follow":"follow","max-snippet":"max-snippet:-1","max-image-preview":"max-image-preview:large","max-video-preview":"max-video-preview:-1"},"canonical":"https:\/\/elle-emme.it\/fr\/connexion-a-la-demo-de-la-zone-reserveearea-riservata-login-demo\/","og_locale":"fr_FR","og_type":"article","og_title":"Connexion \u00e0 la d\u00e9mo de la zone r\u00e9serv\u00e9eArea riservata login demo - Elle Emme","og_description":"Vous devez vous connecter pour acc\u00e9der \u00e0 toutes les donn\u00e9es de notre catalogue.Si vous n&rsquo;avez pas de donn\u00e9es d&rsquo;acc\u00e8s, veuillez vous enregistrer en remplissant le formulaire ci-dessous.","og_url":"https:\/\/elle-emme.it\/fr\/connexion-a-la-demo-de-la-zone-reserveearea-riservata-login-demo\/","og_site_name":"Elle Emme","article_modified_time":"2026-04-08T20:43:26+00:00","twitter_card":"summary_large_image","schema":{"@context":"https:\/\/schema.org","@graph":[{"@type":"WebPage","@id":"https:\/\/elle-emme.it\/fr\/connexion-a-la-demo-de-la-zone-reserveearea-riservata-login-demo\/","url":"https:\/\/elle-emme.it\/fr\/connexion-a-la-demo-de-la-zone-reserveearea-riservata-login-demo\/","name":"Connexion \u00e0 la d\u00e9mo de la zone r\u00e9serv\u00e9eArea riservata login demo - Elle Emme","isPartOf":{"@id":"https:\/\/elle-emme.it\/#website"},"datePublished":"2025-10-06T08:08:48+00:00","dateModified":"2026-04-08T20:43:26+00:00","breadcrumb":{"@id":"https:\/\/elle-emme.it\/fr\/connexion-a-la-demo-de-la-zone-reserveearea-riservata-login-demo\/#breadcrumb"},"inLanguage":"fr-FR","potentialAction":[{"@type":"ReadAction","target":["https:\/\/elle-emme.it\/fr\/connexion-a-la-demo-de-la-zone-reserveearea-riservata-login-demo\/"]}]},{"@type":"BreadcrumbList","@id":"https:\/\/elle-emme.it\/fr\/connexion-a-la-demo-de-la-zone-reserveearea-riservata-login-demo\/#breadcrumb","itemListElement":[{"@type":"ListItem","position":1,"name":"Home","item":"https:\/\/elle-emme.it\/"},{"@type":"ListItem","position":2,"name":"Connexion \u00e0 la d\u00e9mo de la zone r\u00e9serv\u00e9eArea riservata login demo"}]},{"@type":"WebSite","@id":"https:\/\/elle-emme.it\/#website","url":"https:\/\/elle-emme.it\/","name":"https:\/\/elle-emme.it\/","description":"","publisher":{"@id":"https:\/\/elle-emme.it\/#organization"},"potentialAction":[{"@type":"SearchAction","target":{"@type":"EntryPoint","urlTemplate":"https:\/\/elle-emme.it\/?s={search_term_string}"},"query-input":{"@type":"PropertyValueSpecification","valueRequired":true,"valueName":"search_term_string"}}],"inLanguage":"fr-FR"},{"@type":"Organization","@id":"https:\/\/elle-emme.it\/#organization","name":"Elle-Emme","url":"https:\/\/elle-emme.it\/","logo":{"@type":"ImageObject","inLanguage":"fr-FR","@id":"https:\/\/elle-emme.it\/#\/schema\/logo\/image\/","url":"https:\/\/elle-emme.it\/wp-content\/uploads\/2024\/03\/logo-elle-emme.png","contentUrl":"https:\/\/elle-emme.it\/wp-content\/uploads\/2024\/03\/logo-elle-emme.png","width":686,"height":63,"caption":"Elle-Emme"},"image":{"@id":"https:\/\/elle-emme.it\/#\/schema\/logo\/image\/"}}]}},"_links":{"self":[{"href":"https:\/\/elle-emme.it\/fr\/wp-json\/wp\/v2\/pages\/50138","targetHints":{"allow":["GET"]}}],"collection":[{"href":"https:\/\/elle-emme.it\/fr\/wp-json\/wp\/v2\/pages"}],"about":[{"href":"https:\/\/elle-emme.it\/fr\/wp-json\/wp\/v2\/types\/page"}],"author":[{"embeddable":true,"href":"https:\/\/elle-emme.it\/fr\/wp-json\/wp\/v2\/users\/1"}],"replies":[{"embeddable":true,"href":"https:\/\/elle-emme.it\/fr\/wp-json\/wp\/v2\/comments?post=50138"}],"version-history":[{"count":1,"href":"https:\/\/elle-emme.it\/fr\/wp-json\/wp\/v2\/pages\/50138\/revisions"}],"predecessor-version":[{"id":50139,"href":"https:\/\/elle-emme.it\/fr\/wp-json\/wp\/v2\/pages\/50138\/revisions\/50139"}],"wp:attachment":[{"href":"https:\/\/elle-emme.it\/fr\/wp-json\/wp\/v2\/media?parent=50138"}],"curies":[{"name":"wp","href":"https:\/\/api.w.org\/{rel}","templated":true}]}}