{"id":5827,"date":"2024-04-24T05:56:27","date_gmt":"2024-04-24T05:56:27","guid":{"rendered":"https:\/\/tau.landweb.it\/zone-de-restriction-des-produits\/"},"modified":"2026-05-04T08:50:03","modified_gmt":"2026-05-04T08:50:03","slug":"zone-de-restriction-des-produits","status":"publish","type":"page","link":"https:\/\/elle-emme.it\/fr\/zone-de-restriction-des-produits\/","title":{"rendered":"Zone de restriction des produits"},"content":{"rendered":"\t\t<div data-elementor-type=\"wp-page\" data-elementor-id=\"5827\" class=\"elementor elementor-5827 elementor-5285\">\n\t\t\t\t<div class=\"elementor-element elementor-element-1f4d91c e-con-full e-flex e-con e-parent\" data-id=\"1f4d91c\" data-element_type=\"container\" data-e-type=\"container\">\n\t\t\t\t<div class=\"elementor-element elementor-element-64c95ed elementor-widget__width-initial elementor-widget-tablet__width-inherit elementor-widget elementor-widget-text-editor\" data-id=\"64c95ed\" data-element_type=\"widget\" data-e-type=\"widget\" data-widget_type=\"text-editor.default\">\n\t\t\t\t<div class=\"elementor-widget-container\">\n\t\t\t\t\t\t\t\t\t<h2><strong>Comment\u00a0construire\u00a0des\u00a0marges\u00a0attractives<\/strong>.<\/h2><p><strong>Quels\u00a0sont\u00a0les leviers\u00a0psychologiques\u00a0qui\u00a0guident\u00a0les clients\u00a0finaux\u00a0haut de\u00a0gamme.<\/strong><\/p><p>Voici deux des points cl\u00e9s dans un march\u00e9 o\u00f9 le client final recherche de plus en plus l\u2019authenticit\u00e9, la s\u00e9lection et la valeur per\u00e7ue.<br \/>L\u2019histoire et les promesses contenues dans nos mailles peuvent faire\u00a0 a diff\u00e9rence dans vos ventes.<br \/><br \/>Voici\u00a0comment.<\/p><p>Notre maille est produite en Italie, au c\u0153ur de la culture toscane, et s\u2019adresse \u00e0 ceux qui souhaitent se distinguer avec une proposition coh\u00e9rente, reconnaissable et \u00e0 fort potentiel commercial.<br \/>Nous\u00a0avons\u00a0d\u00e9velopp\u00e9\u00a0deux\u00a0lignes\u00a0compl\u00e9mentaires,\u00a0con\u00e7ues\u00a0pour\u00a0construire\u00a0une\u00a0offre\u00a0structur\u00e9e\u00a0et\u00a0performante\u00a0:<\/p><ul><li><strong>Ellemme<\/strong>, une production\u00a0italienne\u00a0classique\u00a0et\u00a0\u00e9l\u00e9gante\u00a0qui\u00a0valorise\u00a0la\u00a0continuit\u00e9, la\u00a0qualit\u00e9\u00a0et l\u2019identit\u00e9\u00a0;\u00a0<\/li><li><strong>Demo<\/strong>, une\u00a0interpr\u00e9tation\u00a0raffin\u00e9e\u00a0du\u00a0luxe\u00a0toscan\u00a0\u00e0\u00a0travers\u00a0l\u2019essentiel\u00a0et\u00a0des\u00a0fibres\u00a0nobles.\u00a0<\/li><\/ul><p>Des\u00a0pi\u00e8ces\u00a0r\u00e9alis\u00e9es\u00a0avec\u00a0des\u00a0fils\u00a0nobles\u00a0et un savoir-faire\u00a0attentif, pens\u00e9es pour offrir une\u00a0flexibilit\u00e9\u00a0de style et de\u00a0choix,\u00a0garantissant\u00a0desperformances\u00a0commerciales\u00a0\u00e9lev\u00e9es. Une\u00a0proposition\u00a0solide,\u00a0capable\u00a0de\u00a0susciter\u00a0l\u2019int\u00e9r\u00eat\u00a0de\u00a0votre\u00a0client\u00e8le\u00a0et de\u00a0g\u00e9n\u00e9rer\u00a0des\u00a0marges\u00a0attractivesdans\u00a0vos\u00a0ventes.<\/p><p>Nos\u00a0promesses\u00a0sont\u00a0:\u00a0<em>artisanat<\/em>,\u00a0<em>temps\u00a0<\/em>et\u00a0<em>silence <\/em>\u00a0des\u00a0gestes\u00a0qui ne\u00a0recherchent\u00a0pas\u00a0la\u00a0h\u00e2te, mais la\u00a0pr\u00e9cision\u00a0et l\u2019attention.<\/p><p>D\u00e9couvrez\u00a0nos\u00a0collections\u00a0: <strong>Ellemme<\/strong> et <strong>Demo<\/strong>.<\/p>\t\t\t\t\t\t\t\t<\/div>\n\t\t\t\t<\/div>\n\t\t<a class=\"elementor-element elementor-element-204af9b e-con-full e-flex e-con e-child\" data-id=\"204af9b\" data-element_type=\"container\" data-e-type=\"container\" data-settings=\"{&quot;background_background&quot;:&quot;classic&quot;}\" href=\"https:\/\/elle-emme.it\/fr\/zone-reservee-elle-emme\/\">\n\t\t\t\t<div class=\"elementor-element elementor-element-af32161 elementor-widget elementor-widget-image\" data-id=\"af32161\" data-element_type=\"widget\" data-e-type=\"widget\" data-widget_type=\"image.default\">\n\t\t\t\t<div class=\"elementor-widget-container\">\n\t\t\t\t\t\t\t\t\t\t\t\t\t\t\t<img decoding=\"async\" width=\"244\" height=\"80\" src=\"https:\/\/elle-emme.it\/wp-content\/uploads\/2026\/05\/elle-emme-logo-mobile.png\" class=\"attachment-large size-large wp-image-50508\" alt=\"\" \/>\t\t\t\t\t\t\t\t\t\t\t\t\t\t\t<\/div>\n\t\t\t\t<\/div>\n\t\t\t\t<\/a>\n\t\t<a class=\"elementor-element elementor-element-17cab6e e-con-full e-flex e-con e-child\" data-id=\"17cab6e\" data-element_type=\"container\" data-e-type=\"container\" data-settings=\"{&quot;background_background&quot;:&quot;classic&quot;}\" href=\"https:\/\/elle-emme.it\/fr\/demo-knitwear\/\">\n\t\t\t\t<div class=\"elementor-element elementor-element-82efcd4 elementor-widget elementor-widget-image\" data-id=\"82efcd4\" data-element_type=\"widget\" data-e-type=\"widget\" data-widget_type=\"image.default\">\n\t\t\t\t<div class=\"elementor-widget-container\">\n\t\t\t\t\t\t\t\t\t\t\t\t\t\t\t<img fetchpriority=\"high\" decoding=\"async\" width=\"887\" height=\"887\" src=\"https:\/\/elle-emme.it\/wp-content\/uploads\/2026\/05\/Untitled-1.png\" class=\"attachment-large size-large wp-image-50514\" alt=\"\" srcset=\"https:\/\/elle-emme.it\/wp-content\/uploads\/2026\/05\/Untitled-1.png 887w, https:\/\/elle-emme.it\/wp-content\/uploads\/2026\/05\/Untitled-1-300x300.png 300w, https:\/\/elle-emme.it\/wp-content\/uploads\/2026\/05\/Untitled-1-150x150.png 150w, https:\/\/elle-emme.it\/wp-content\/uploads\/2026\/05\/Untitled-1-768x768.png 768w, https:\/\/elle-emme.it\/wp-content\/uploads\/2026\/05\/Untitled-1-600x600.png 600w, https:\/\/elle-emme.it\/wp-content\/uploads\/2026\/05\/Untitled-1-800x800.png 800w\" sizes=\"(max-width: 887px) 100vw, 887px\" \/>\t\t\t\t\t\t\t\t\t\t\t\t\t\t\t<\/div>\n\t\t\t\t<\/div>\n\t\t\t\t<\/a>\n\t\t\t\t<\/div>\n\t\t\t\t<\/div>\n\t\t","protected":false},"excerpt":{"rendered":"<p>Comment\u00a0construire\u00a0des\u00a0marges\u00a0attractives. Quels\u00a0sont\u00a0les leviers\u00a0psychologiques\u00a0qui\u00a0guident\u00a0les clients\u00a0finaux\u00a0haut de\u00a0gamme. Voici deux des points cl\u00e9s dans un march\u00e9 o\u00f9 le client final recherche de plus en plus l\u2019authenticit\u00e9, la s\u00e9lection et la valeur per\u00e7ue.L\u2019histoire et les promesses contenues dans nos mailles peuvent faire\u00a0 a diff\u00e9rence dans vos ventes. Voici\u00a0comment. Notre maille est produite en Italie, au c\u0153ur de la culture [&hellip;]<\/p>\n","protected":false},"author":1,"featured_media":0,"parent":0,"menu_order":0,"comment_status":"closed","ping_status":"closed","template":"","meta":{"footnotes":""},"class_list":["post-5827","page","type-page","status-publish","hentry"],"blocksy_meta":{"has_hero_section":"disabled","styles_descriptor":{"styles":{"desktop":"","tablet":"","mobile":""},"google_fonts":[],"version":6}},"yoast_head":"<!-- This site is optimized with the Yoast SEO plugin v27.5 - https:\/\/yoast.com\/product\/yoast-seo-wordpress\/ -->\n<title>Zone de restriction des produits - Elle Emme<\/title>\n<meta name=\"robots\" content=\"index, follow, max-snippet:-1, max-image-preview:large, max-video-preview:-1\" \/>\n<link rel=\"canonical\" href=\"https:\/\/elle-emme.it\/fr\/zone-de-restriction-des-produits\/\" \/>\n<meta property=\"og:locale\" content=\"fr_FR\" \/>\n<meta property=\"og:type\" content=\"article\" \/>\n<meta property=\"og:title\" content=\"Zone de restriction des produits - Elle Emme\" \/>\n<meta property=\"og:description\" content=\"Comment\u00a0construire\u00a0des\u00a0marges\u00a0attractives. Quels\u00a0sont\u00a0les leviers\u00a0psychologiques\u00a0qui\u00a0guident\u00a0les clients\u00a0finaux\u00a0haut de\u00a0gamme. Voici deux des points cl\u00e9s dans un march\u00e9 o\u00f9 le client final recherche de plus en plus l\u2019authenticit\u00e9, la s\u00e9lection et la valeur per\u00e7ue.L\u2019histoire et les promesses contenues dans nos mailles peuvent faire\u00a0 a diff\u00e9rence dans vos ventes. Voici\u00a0comment. Notre maille est produite en Italie, au c\u0153ur de la culture [&hellip;]\" \/>\n<meta property=\"og:url\" content=\"https:\/\/elle-emme.it\/fr\/zone-de-restriction-des-produits\/\" \/>\n<meta property=\"og:site_name\" content=\"Elle Emme\" \/>\n<meta property=\"article:modified_time\" content=\"2026-05-04T08:50:03+00:00\" \/>\n<meta property=\"og:image\" content=\"https:\/\/elle-emme.it\/wp-content\/uploads\/2026\/05\/elle-emme-logo-mobile.png\" \/>\n\t<meta property=\"og:image:width\" content=\"244\" \/>\n\t<meta property=\"og:image:height\" content=\"80\" \/>\n\t<meta property=\"og:image:type\" content=\"image\/png\" \/>\n<meta name=\"twitter:card\" content=\"summary_large_image\" \/>\n<meta name=\"twitter:label1\" content=\"Dur\u00e9e de lecture estim\u00e9e\" \/>\n\t<meta name=\"twitter:data1\" content=\"2 minutes\" \/>\n<script type=\"application\/ld+json\" class=\"yoast-schema-graph\">{\"@context\":\"https:\\\/\\\/schema.org\",\"@graph\":[{\"@type\":\"WebPage\",\"@id\":\"https:\\\/\\\/elle-emme.it\\\/fr\\\/zone-de-restriction-des-produits\\\/\",\"url\":\"https:\\\/\\\/elle-emme.it\\\/fr\\\/zone-de-restriction-des-produits\\\/\",\"name\":\"Zone de restriction des produits - Elle Emme\",\"isPartOf\":{\"@id\":\"https:\\\/\\\/elle-emme.it\\\/#website\"},\"primaryImageOfPage\":{\"@id\":\"https:\\\/\\\/elle-emme.it\\\/fr\\\/zone-de-restriction-des-produits\\\/#primaryimage\"},\"image\":{\"@id\":\"https:\\\/\\\/elle-emme.it\\\/fr\\\/zone-de-restriction-des-produits\\\/#primaryimage\"},\"thumbnailUrl\":\"https:\\\/\\\/elle-emme.it\\\/wp-content\\\/uploads\\\/2026\\\/05\\\/elle-emme-logo-mobile.png\",\"datePublished\":\"2024-04-24T05:56:27+00:00\",\"dateModified\":\"2026-05-04T08:50:03+00:00\",\"breadcrumb\":{\"@id\":\"https:\\\/\\\/elle-emme.it\\\/fr\\\/zone-de-restriction-des-produits\\\/#breadcrumb\"},\"inLanguage\":\"fr-FR\",\"potentialAction\":[{\"@type\":\"ReadAction\",\"target\":[\"https:\\\/\\\/elle-emme.it\\\/fr\\\/zone-de-restriction-des-produits\\\/\"]}]},{\"@type\":\"ImageObject\",\"inLanguage\":\"fr-FR\",\"@id\":\"https:\\\/\\\/elle-emme.it\\\/fr\\\/zone-de-restriction-des-produits\\\/#primaryimage\",\"url\":\"https:\\\/\\\/elle-emme.it\\\/wp-content\\\/uploads\\\/2026\\\/05\\\/elle-emme-logo-mobile.png\",\"contentUrl\":\"https:\\\/\\\/elle-emme.it\\\/wp-content\\\/uploads\\\/2026\\\/05\\\/elle-emme-logo-mobile.png\"},{\"@type\":\"BreadcrumbList\",\"@id\":\"https:\\\/\\\/elle-emme.it\\\/fr\\\/zone-de-restriction-des-produits\\\/#breadcrumb\",\"itemListElement\":[{\"@type\":\"ListItem\",\"position\":1,\"name\":\"Home\",\"item\":\"https:\\\/\\\/elle-emme.it\\\/\"},{\"@type\":\"ListItem\",\"position\":2,\"name\":\"Zone de restriction des produits\"}]},{\"@type\":\"WebSite\",\"@id\":\"https:\\\/\\\/elle-emme.it\\\/#website\",\"url\":\"https:\\\/\\\/elle-emme.it\\\/\",\"name\":\"https:\\\/\\\/elle-emme.it\\\/\",\"description\":\"\",\"publisher\":{\"@id\":\"https:\\\/\\\/elle-emme.it\\\/#organization\"},\"potentialAction\":[{\"@type\":\"SearchAction\",\"target\":{\"@type\":\"EntryPoint\",\"urlTemplate\":\"https:\\\/\\\/elle-emme.it\\\/?s={search_term_string}\"},\"query-input\":{\"@type\":\"PropertyValueSpecification\",\"valueRequired\":true,\"valueName\":\"search_term_string\"}}],\"inLanguage\":\"fr-FR\"},{\"@type\":\"Organization\",\"@id\":\"https:\\\/\\\/elle-emme.it\\\/#organization\",\"name\":\"Elle-Emme\",\"url\":\"https:\\\/\\\/elle-emme.it\\\/\",\"logo\":{\"@type\":\"ImageObject\",\"inLanguage\":\"fr-FR\",\"@id\":\"https:\\\/\\\/elle-emme.it\\\/#\\\/schema\\\/logo\\\/image\\\/\",\"url\":\"https:\\\/\\\/elle-emme.it\\\/wp-content\\\/uploads\\\/2024\\\/03\\\/logo-elle-emme.png\",\"contentUrl\":\"https:\\\/\\\/elle-emme.it\\\/wp-content\\\/uploads\\\/2024\\\/03\\\/logo-elle-emme.png\",\"width\":686,\"height\":63,\"caption\":\"Elle-Emme\"},\"image\":{\"@id\":\"https:\\\/\\\/elle-emme.it\\\/#\\\/schema\\\/logo\\\/image\\\/\"}}]}<\/script>\n<!-- \/ Yoast SEO plugin. -->","yoast_head_json":{"title":"Zone de restriction des produits - Elle Emme","robots":{"index":"index","follow":"follow","max-snippet":"max-snippet:-1","max-image-preview":"max-image-preview:large","max-video-preview":"max-video-preview:-1"},"canonical":"https:\/\/elle-emme.it\/fr\/zone-de-restriction-des-produits\/","og_locale":"fr_FR","og_type":"article","og_title":"Zone de restriction des produits - Elle Emme","og_description":"Comment\u00a0construire\u00a0des\u00a0marges\u00a0attractives. Quels\u00a0sont\u00a0les leviers\u00a0psychologiques\u00a0qui\u00a0guident\u00a0les clients\u00a0finaux\u00a0haut de\u00a0gamme. Voici deux des points cl\u00e9s dans un march\u00e9 o\u00f9 le client final recherche de plus en plus l\u2019authenticit\u00e9, la s\u00e9lection et la valeur per\u00e7ue.L\u2019histoire et les promesses contenues dans nos mailles peuvent faire\u00a0 a diff\u00e9rence dans vos ventes. Voici\u00a0comment. Notre maille est produite en Italie, au c\u0153ur de la culture [&hellip;]","og_url":"https:\/\/elle-emme.it\/fr\/zone-de-restriction-des-produits\/","og_site_name":"Elle Emme","article_modified_time":"2026-05-04T08:50:03+00:00","og_image":[{"width":244,"height":80,"url":"https:\/\/elle-emme.it\/wp-content\/uploads\/2026\/05\/elle-emme-logo-mobile.png","type":"image\/png"}],"twitter_card":"summary_large_image","twitter_misc":{"Dur\u00e9e de lecture estim\u00e9e":"2 minutes"},"schema":{"@context":"https:\/\/schema.org","@graph":[{"@type":"WebPage","@id":"https:\/\/elle-emme.it\/fr\/zone-de-restriction-des-produits\/","url":"https:\/\/elle-emme.it\/fr\/zone-de-restriction-des-produits\/","name":"Zone de restriction des produits - Elle Emme","isPartOf":{"@id":"https:\/\/elle-emme.it\/#website"},"primaryImageOfPage":{"@id":"https:\/\/elle-emme.it\/fr\/zone-de-restriction-des-produits\/#primaryimage"},"image":{"@id":"https:\/\/elle-emme.it\/fr\/zone-de-restriction-des-produits\/#primaryimage"},"thumbnailUrl":"https:\/\/elle-emme.it\/wp-content\/uploads\/2026\/05\/elle-emme-logo-mobile.png","datePublished":"2024-04-24T05:56:27+00:00","dateModified":"2026-05-04T08:50:03+00:00","breadcrumb":{"@id":"https:\/\/elle-emme.it\/fr\/zone-de-restriction-des-produits\/#breadcrumb"},"inLanguage":"fr-FR","potentialAction":[{"@type":"ReadAction","target":["https:\/\/elle-emme.it\/fr\/zone-de-restriction-des-produits\/"]}]},{"@type":"ImageObject","inLanguage":"fr-FR","@id":"https:\/\/elle-emme.it\/fr\/zone-de-restriction-des-produits\/#primaryimage","url":"https:\/\/elle-emme.it\/wp-content\/uploads\/2026\/05\/elle-emme-logo-mobile.png","contentUrl":"https:\/\/elle-emme.it\/wp-content\/uploads\/2026\/05\/elle-emme-logo-mobile.png"},{"@type":"BreadcrumbList","@id":"https:\/\/elle-emme.it\/fr\/zone-de-restriction-des-produits\/#breadcrumb","itemListElement":[{"@type":"ListItem","position":1,"name":"Home","item":"https:\/\/elle-emme.it\/"},{"@type":"ListItem","position":2,"name":"Zone de restriction des produits"}]},{"@type":"WebSite","@id":"https:\/\/elle-emme.it\/#website","url":"https:\/\/elle-emme.it\/","name":"https:\/\/elle-emme.it\/","description":"","publisher":{"@id":"https:\/\/elle-emme.it\/#organization"},"potentialAction":[{"@type":"SearchAction","target":{"@type":"EntryPoint","urlTemplate":"https:\/\/elle-emme.it\/?s={search_term_string}"},"query-input":{"@type":"PropertyValueSpecification","valueRequired":true,"valueName":"search_term_string"}}],"inLanguage":"fr-FR"},{"@type":"Organization","@id":"https:\/\/elle-emme.it\/#organization","name":"Elle-Emme","url":"https:\/\/elle-emme.it\/","logo":{"@type":"ImageObject","inLanguage":"fr-FR","@id":"https:\/\/elle-emme.it\/#\/schema\/logo\/image\/","url":"https:\/\/elle-emme.it\/wp-content\/uploads\/2024\/03\/logo-elle-emme.png","contentUrl":"https:\/\/elle-emme.it\/wp-content\/uploads\/2024\/03\/logo-elle-emme.png","width":686,"height":63,"caption":"Elle-Emme"},"image":{"@id":"https:\/\/elle-emme.it\/#\/schema\/logo\/image\/"}}]}},"_links":{"self":[{"href":"https:\/\/elle-emme.it\/fr\/wp-json\/wp\/v2\/pages\/5827","targetHints":{"allow":["GET"]}}],"collection":[{"href":"https:\/\/elle-emme.it\/fr\/wp-json\/wp\/v2\/pages"}],"about":[{"href":"https:\/\/elle-emme.it\/fr\/wp-json\/wp\/v2\/types\/page"}],"author":[{"embeddable":true,"href":"https:\/\/elle-emme.it\/fr\/wp-json\/wp\/v2\/users\/1"}],"replies":[{"embeddable":true,"href":"https:\/\/elle-emme.it\/fr\/wp-json\/wp\/v2\/comments?post=5827"}],"version-history":[{"count":18,"href":"https:\/\/elle-emme.it\/fr\/wp-json\/wp\/v2\/pages\/5827\/revisions"}],"predecessor-version":[{"id":50522,"href":"https:\/\/elle-emme.it\/fr\/wp-json\/wp\/v2\/pages\/5827\/revisions\/50522"}],"wp:attachment":[{"href":"https:\/\/elle-emme.it\/fr\/wp-json\/wp\/v2\/media?parent=5827"}],"curies":[{"name":"wp","href":"https:\/\/api.w.org\/{rel}","templated":true}]}}