{"id":5833,"date":"2024-04-22T09:36:14","date_gmt":"2024-04-22T09:36:14","guid":{"rendered":"https:\/\/tau.landweb.it\/a-propos-de-nous\/"},"modified":"2026-04-08T20:59:01","modified_gmt":"2026-04-08T20:59:01","slug":"a-propos-de-nous","status":"publish","type":"page","link":"https:\/\/elle-emme.it\/fr\/a-propos-de-nous\/","title":{"rendered":"A propos de nous"},"content":{"rendered":"\t\t<div data-elementor-type=\"wp-post\" data-elementor-id=\"5833\" class=\"elementor elementor-5833 elementor-208\">\n\t\t\t\t<div class=\"elementor-element elementor-element-225e50b e-flex e-con-boxed e-con e-parent\" data-id=\"225e50b\" data-element_type=\"container\" data-e-type=\"container\" data-settings=\"{&quot;background_background&quot;:&quot;classic&quot;}\">\n\t\t\t\t\t<div class=\"e-con-inner\">\n\t\t\t\t\t<\/div>\n\t\t\t\t<\/div>\n\t\t<div class=\"elementor-element elementor-element-3b76cc7 e-flex e-con-boxed e-con e-parent\" data-id=\"3b76cc7\" data-element_type=\"container\" data-e-type=\"container\" data-settings=\"{&quot;background_background&quot;:&quot;classic&quot;}\">\n\t\t\t\t\t<div class=\"e-con-inner\">\n\t\t\t\t<div class=\"elementor-element elementor-element-406446a elementor-widget elementor-widget-text-editor\" data-id=\"406446a\" data-element_type=\"widget\" data-e-type=\"widget\" data-widget_type=\"text-editor.default\">\n\t\t\t\t<div class=\"elementor-widget-container\">\n\t\t\t\t\t\t\t\t\t<p>[Qui sommes-nous]<\/p>\t\t\t\t\t\t\t\t<\/div>\n\t\t\t\t<\/div>\n\t\t\t\t<div class=\"elementor-element elementor-element-1d1995a elementor-widget elementor-widget-heading\" data-id=\"1d1995a\" data-element_type=\"widget\" data-e-type=\"widget\" data-widget_type=\"heading.default\">\n\t\t\t\t<div class=\"elementor-widget-container\">\n\t\t\t\t\t<h3 class=\"elementor-heading-title elementor-size-default\">ELLE EMME, L'\u00c9L\u00c9GANCE DE S'HABILLER \u00c0 L'\u00c9POQUE<\/h3>\t\t\t\t<\/div>\n\t\t\t\t<\/div>\n\t\t\t\t<div class=\"elementor-element elementor-element-c216ce4 elementor-widget elementor-widget-text-editor\" data-id=\"c216ce4\" data-element_type=\"widget\" data-e-type=\"widget\" data-widget_type=\"text-editor.default\">\n\t\t\t\t<div class=\"elementor-widget-container\">\n\t\t\t\t\t\t\t\t\t<div id=\"_rich_text-11-74\" class=\"oxy-rich-text\"><p>Elle Emme, entreprise familiale de tricots artisanaux, est sp\u00e9cialis\u00e9e depuis 1968 dans la production de v\u00eatements en maille pour hommes et femmes. Notre entreprise a d\u00e9but\u00e9 en 1968 avec les premi\u00e8res productions destin\u00e9es \u00e0 la grande distribution, aux cha\u00eenes de magasins et \u00e0 quelques marques de cr\u00e9ateurs. Depuis lors, nous n&rsquo;avons jamais cess\u00e9 d&rsquo;investir dans l&rsquo;innovation et le d\u00e9veloppement durable sans jamais oublier la tradition et le savoir-faire artisanal.<\/p><p>Aujourd&rsquo;hui, la marque Ellemme est une r\u00e9f\u00e9rence pour ceux qui recherchent une qualit\u00e9 moyenne-haute et un savoir-faire moyen-fin.<\/p><p>Nous produisons des tricots avec un service de marque priv\u00e9e, sur la base des sp\u00e9cifications du client, et nous collaborons avec des maisons de couture pour produire des prototypes, des \u00e9chantillons et des productions en petites et grandes quantit\u00e9s.<\/p><\/div><h4 id=\"headline-44-74\" class=\"ct-headline\">SIMPLE, CR\u00c9ATIF, UNIQUE : UN STYLE INTEMPOREL<\/h4><div id=\"_rich_text-43-74\" class=\"oxy-rich-text\"><p>Dans les ann\u00e9es 1980, nous avons cr\u00e9\u00e9 notre premi\u00e8re collection de tricots fabriqu\u00e9s \u00e0 la main en Italie : le style basique et \u00e9l\u00e9gant qui distingue notre marque Ellemme est n\u00e9.<\/p><p>Les pi\u00e8ces Ellemme se caract\u00e9risent par une simplicit\u00e9 minimaliste et une \u00e9l\u00e9gance intemporelle.<br>Des pi\u00e8ces polyvalentes qui peuvent \u00eatre port\u00e9es seules au quotidien, ou combin\u00e9es pour cr\u00e9er un style unique et personnel.<\/p><\/div>\t\t\t\t\t\t\t\t<\/div>\n\t\t\t\t<\/div>\n\t\t\t\t<div class=\"elementor-element elementor-element-1b33a2c elementor-widget elementor-widget-heading\" data-id=\"1b33a2c\" data-element_type=\"widget\" data-e-type=\"widget\" data-widget_type=\"heading.default\">\n\t\t\t\t<div class=\"elementor-widget-container\">\n\t\t\t\t\t<h3 class=\"elementor-heading-title elementor-size-default\">NOTRE PHILOSOPHIE EST AUSSI SIMPLE QUE NOS V\u00caTEMENTS.<\/h3>\t\t\t\t<\/div>\n\t\t\t\t<\/div>\n\t\t\t\t<div class=\"elementor-element elementor-element-1a9fa02 elementor-widget elementor-widget-text-editor\" data-id=\"1a9fa02\" data-element_type=\"widget\" data-e-type=\"widget\" data-widget_type=\"text-editor.default\">\n\t\t\t\t<div class=\"elementor-widget-container\">\n\t\t\t\t\t\t\t\t\t<p>Trouver son propre style est fondamental pour exprimer sa personnalit\u00e9. Le style basique des v\u00eatements de la marque Ellemme vous permet d&rsquo;exp\u00e9rimenter une infinit\u00e9 de possibilit\u00e9s et de combinaisons.<\/p><p>Nos cr\u00e9ations se marient parfaitement avec toutes les combinaisons. Vous pouvez m\u00e9langer les couleurs et les textures avec les v\u00eatements et accessoires de votre garde-robe.<\/p><p>Nous choisissons de miser sur la simplicit\u00e9. Les lignes minimalistes des v\u00eatements Ellemme s&rsquo;adaptent facilement \u00e0 tous les styles : un simple accessoire suffit pour passer d&rsquo;un look classique \u00e0 un chic d\u00e9contract\u00e9 ou pour transformer une tenue casual en une tenue dynamique et originale.<\/p><p>Gr\u00e2ce \u00e0 notre exp\u00e9rience d&rsquo;artisan et au choix de fils fins, nous r\u00e9alisons des v\u00eatements cr\u00e9atifs, de qualit\u00e9 et destin\u00e9s \u00e0 durer.<\/p>\t\t\t\t\t\t\t\t<\/div>\n\t\t\t\t<\/div>\n\t\t<div class=\"elementor-element elementor-element-3f1755e e-grid e-con-boxed e-con e-child\" data-id=\"3f1755e\" data-element_type=\"container\" data-e-type=\"container\">\n\t\t\t\t\t<div class=\"e-con-inner\">\n\t\t\t\t<div class=\"elementor-element elementor-element-fee84c6 elementor-position-top elementor-invisible elementor-widget elementor-widget-image-box\" data-id=\"fee84c6\" data-element_type=\"widget\" data-e-type=\"widget\" data-settings=\"{&quot;_animation&quot;:&quot;fadeInUp&quot;}\" data-widget_type=\"image-box.default\">\n\t\t\t\t<div class=\"elementor-widget-container\">\n\t\t\t\t\t<div class=\"elementor-image-box-wrapper\"><figure class=\"elementor-image-box-img\"><a href=\"https:\/\/elle-emme.it\/fr\/valeurs\/\" tabindex=\"-1\"><img fetchpriority=\"high\" decoding=\"async\" width=\"328\" height=\"440\" src=\"https:\/\/elle-emme.it\/wp-content\/uploads\/2024\/04\/elle-emme-cosa-facciamo.jpg\" class=\"attachment-full size-full wp-image-155\" alt=\"\" srcset=\"https:\/\/elle-emme.it\/wp-content\/uploads\/2024\/04\/elle-emme-cosa-facciamo.jpg 328w, https:\/\/elle-emme.it\/wp-content\/uploads\/2024\/04\/elle-emme-cosa-facciamo-224x300.jpg 224w\" sizes=\"(max-width: 328px) 100vw, 328px\" \/><\/a><\/figure><div class=\"elementor-image-box-content\"><h3 class=\"elementor-image-box-title\"><a href=\"https:\/\/elle-emme.it\/fr\/valeurs\/\">VALEURS<\/a><\/h3><\/div><\/div>\t\t\t\t<\/div>\n\t\t\t\t<\/div>\n\t\t\t\t<div class=\"elementor-element elementor-element-594c32b elementor-position-top elementor-invisible elementor-widget elementor-widget-image-box\" data-id=\"594c32b\" data-element_type=\"widget\" data-e-type=\"widget\" data-settings=\"{&quot;_animation&quot;:&quot;fadeInUp&quot;,&quot;_animation_delay&quot;:60}\" data-widget_type=\"image-box.default\">\n\t\t\t\t<div class=\"elementor-widget-container\">\n\t\t\t\t\t<div class=\"elementor-image-box-wrapper\"><figure class=\"elementor-image-box-img\"><a href=\"https:\/\/elle-emme.it\/fr\/artisanat\/\" tabindex=\"-1\"><img decoding=\"async\" width=\"328\" height=\"440\" src=\"https:\/\/elle-emme.it\/wp-content\/uploads\/2024\/04\/elle-emme-servizi.jpg\" class=\"attachment-full size-full wp-image-157\" alt=\"\" srcset=\"https:\/\/elle-emme.it\/wp-content\/uploads\/2024\/04\/elle-emme-servizi.jpg 328w, https:\/\/elle-emme.it\/wp-content\/uploads\/2024\/04\/elle-emme-servizi-224x300.jpg 224w\" sizes=\"(max-width: 328px) 100vw, 328px\" \/><\/a><\/figure><div class=\"elementor-image-box-content\"><h3 class=\"elementor-image-box-title\"><a href=\"https:\/\/elle-emme.it\/fr\/artisanat\/\">ARTISANIT\u00c9<\/a><\/h3><\/div><\/div>\t\t\t\t<\/div>\n\t\t\t\t<\/div>\n\t\t\t\t<div class=\"elementor-element elementor-element-d3daa6b elementor-position-top elementor-invisible elementor-widget elementor-widget-image-box\" data-id=\"d3daa6b\" data-element_type=\"widget\" data-e-type=\"widget\" data-settings=\"{&quot;_animation&quot;:&quot;fadeInUp&quot;,&quot;_animation_delay&quot;:120}\" data-widget_type=\"image-box.default\">\n\t\t\t\t<div class=\"elementor-widget-container\">\n\t\t\t\t\t<div class=\"elementor-image-box-wrapper\"><figure class=\"elementor-image-box-img\"><a href=\"https:\/\/elle-emme.it\/fr\/durabilite\/\" tabindex=\"-1\"><img decoding=\"async\" width=\"329\" height=\"440\" src=\"https:\/\/elle-emme.it\/wp-content\/uploads\/2024\/04\/elle-emme-lavorazioni.jpg\" class=\"attachment-full size-full wp-image-159\" alt=\"\" srcset=\"https:\/\/elle-emme.it\/wp-content\/uploads\/2024\/04\/elle-emme-lavorazioni.jpg 329w, https:\/\/elle-emme.it\/wp-content\/uploads\/2024\/04\/elle-emme-lavorazioni-224x300.jpg 224w\" sizes=\"(max-width: 329px) 100vw, 329px\" \/><\/a><\/figure><div class=\"elementor-image-box-content\"><h3 class=\"elementor-image-box-title\"><a href=\"https:\/\/elle-emme.it\/fr\/durabilite\/\">DURABILIT\u00c9<\/a><\/h3><\/div><\/div>\t\t\t\t<\/div>\n\t\t\t\t<\/div>\n\t\t\t\t\t<\/div>\n\t\t\t\t<\/div>\n\t\t\t\t\t<\/div>\n\t\t\t\t<\/div>\n\t\t\t\t<\/div>\n\t\t","protected":false},"excerpt":{"rendered":"<p>[Qui sommes-nous] ELLE EMME, L&rsquo;\u00c9L\u00c9GANCE DE S&rsquo;HABILLER \u00c0 L&rsquo;\u00c9POQUE Elle Emme, entreprise familiale de tricots artisanaux, est sp\u00e9cialis\u00e9e depuis 1968 dans la production de v\u00eatements en maille pour hommes et femmes. Notre entreprise a d\u00e9but\u00e9 en 1968 avec les premi\u00e8res productions destin\u00e9es \u00e0 la grande distribution, aux cha\u00eenes de magasins et \u00e0 quelques marques de [&hellip;]<\/p>\n","protected":false},"author":1,"featured_media":5673,"parent":0,"menu_order":0,"comment_status":"closed","ping_status":"closed","template":"","meta":{"footnotes":""},"class_list":["post-5833","page","type-page","status-publish","has-post-thumbnail","hentry"],"blocksy_meta":{"has_hero_section":"disabled","styles_descriptor":{"styles":{"desktop":"","tablet":"","mobile":""},"google_fonts":[],"version":6}},"yoast_head":"<!-- This site is optimized with the Yoast SEO plugin v27.4 - https:\/\/yoast.com\/product\/yoast-seo-wordpress\/ -->\n<title>Elle Emme | Fabricant italien de tricots artisanaux pour le B2B<\/title>\n<meta name=\"description\" content=\"Elle Emme est une usine italienne de tricots artisanaux sp\u00e9cialis\u00e9e dans la production de tricots pour le march\u00e9 B2B. Qualit\u00e9, tradition et innovation.\" \/>\n<meta name=\"robots\" content=\"index, follow, max-snippet:-1, max-image-preview:large, max-video-preview:-1\" \/>\n<link rel=\"canonical\" href=\"https:\/\/elle-emme.it\/fr\/a-propos-de-nous\/\" \/>\n<meta property=\"og:locale\" content=\"fr_FR\" \/>\n<meta property=\"og:type\" content=\"article\" \/>\n<meta property=\"og:title\" content=\"Elle Emme | Fabricant italien de tricots artisanaux pour le B2B\" \/>\n<meta property=\"og:description\" content=\"Elle Emme est une usine italienne de tricots artisanaux sp\u00e9cialis\u00e9e dans la production de tricots pour le march\u00e9 B2B. Qualit\u00e9, tradition et innovation.\" \/>\n<meta property=\"og:url\" content=\"https:\/\/elle-emme.it\/fr\/a-propos-de-nous\/\" \/>\n<meta property=\"og:site_name\" content=\"Elle Emme\" \/>\n<meta property=\"article:modified_time\" content=\"2026-04-08T20:59:01+00:00\" \/>\n<meta property=\"og:image\" content=\"https:\/\/elle-emme.it\/wp-content\/uploads\/2024\/06\/ellemme_23.jpg\" \/>\n\t<meta property=\"og:image:width\" content=\"2048\" \/>\n\t<meta property=\"og:image:height\" content=\"1717\" \/>\n\t<meta property=\"og:image:type\" content=\"image\/jpeg\" \/>\n<meta name=\"twitter:card\" content=\"summary_large_image\" \/>\n<meta name=\"twitter:label1\" content=\"Dur\u00e9e de lecture estim\u00e9e\" \/>\n\t<meta name=\"twitter:data1\" content=\"2 minutes\" \/>\n<script type=\"application\/ld+json\" class=\"yoast-schema-graph\">{\"@context\":\"https:\\\/\\\/schema.org\",\"@graph\":[{\"@type\":\"WebPage\",\"@id\":\"https:\\\/\\\/elle-emme.it\\\/fr\\\/a-propos-de-nous\\\/\",\"url\":\"https:\\\/\\\/elle-emme.it\\\/fr\\\/a-propos-de-nous\\\/\",\"name\":\"Elle Emme | Fabricant italien de tricots artisanaux pour le B2B\",\"isPartOf\":{\"@id\":\"https:\\\/\\\/elle-emme.it\\\/#website\"},\"primaryImageOfPage\":{\"@id\":\"https:\\\/\\\/elle-emme.it\\\/fr\\\/a-propos-de-nous\\\/#primaryimage\"},\"image\":{\"@id\":\"https:\\\/\\\/elle-emme.it\\\/fr\\\/a-propos-de-nous\\\/#primaryimage\"},\"thumbnailUrl\":\"https:\\\/\\\/elle-emme.it\\\/wp-content\\\/uploads\\\/2024\\\/06\\\/ellemme_23.jpg\",\"datePublished\":\"2024-04-22T09:36:14+00:00\",\"dateModified\":\"2026-04-08T20:59:01+00:00\",\"description\":\"Elle Emme est une usine italienne de tricots artisanaux sp\u00e9cialis\u00e9e dans la production de tricots pour le march\u00e9 B2B. Qualit\u00e9, tradition et innovation.\",\"breadcrumb\":{\"@id\":\"https:\\\/\\\/elle-emme.it\\\/fr\\\/a-propos-de-nous\\\/#breadcrumb\"},\"inLanguage\":\"fr-FR\",\"potentialAction\":[{\"@type\":\"ReadAction\",\"target\":[\"https:\\\/\\\/elle-emme.it\\\/fr\\\/a-propos-de-nous\\\/\"]}]},{\"@type\":\"ImageObject\",\"inLanguage\":\"fr-FR\",\"@id\":\"https:\\\/\\\/elle-emme.it\\\/fr\\\/a-propos-de-nous\\\/#primaryimage\",\"url\":\"https:\\\/\\\/elle-emme.it\\\/wp-content\\\/uploads\\\/2024\\\/06\\\/ellemme_23.jpg\",\"contentUrl\":\"https:\\\/\\\/elle-emme.it\\\/wp-content\\\/uploads\\\/2024\\\/06\\\/ellemme_23.jpg\",\"width\":2048,\"height\":1717,\"caption\":\"Progetto senza titolo - ellemme_23\"},{\"@type\":\"BreadcrumbList\",\"@id\":\"https:\\\/\\\/elle-emme.it\\\/fr\\\/a-propos-de-nous\\\/#breadcrumb\",\"itemListElement\":[{\"@type\":\"ListItem\",\"position\":1,\"name\":\"Home\",\"item\":\"https:\\\/\\\/elle-emme.it\\\/\"},{\"@type\":\"ListItem\",\"position\":2,\"name\":\"A propos de nous\"}]},{\"@type\":\"WebSite\",\"@id\":\"https:\\\/\\\/elle-emme.it\\\/#website\",\"url\":\"https:\\\/\\\/elle-emme.it\\\/\",\"name\":\"https:\\\/\\\/elle-emme.it\\\/\",\"description\":\"\",\"publisher\":{\"@id\":\"https:\\\/\\\/elle-emme.it\\\/#organization\"},\"potentialAction\":[{\"@type\":\"SearchAction\",\"target\":{\"@type\":\"EntryPoint\",\"urlTemplate\":\"https:\\\/\\\/elle-emme.it\\\/?s={search_term_string}\"},\"query-input\":{\"@type\":\"PropertyValueSpecification\",\"valueRequired\":true,\"valueName\":\"search_term_string\"}}],\"inLanguage\":\"fr-FR\"},{\"@type\":\"Organization\",\"@id\":\"https:\\\/\\\/elle-emme.it\\\/#organization\",\"name\":\"Elle-Emme\",\"url\":\"https:\\\/\\\/elle-emme.it\\\/\",\"logo\":{\"@type\":\"ImageObject\",\"inLanguage\":\"fr-FR\",\"@id\":\"https:\\\/\\\/elle-emme.it\\\/#\\\/schema\\\/logo\\\/image\\\/\",\"url\":\"https:\\\/\\\/elle-emme.it\\\/wp-content\\\/uploads\\\/2024\\\/03\\\/logo-elle-emme.png\",\"contentUrl\":\"https:\\\/\\\/elle-emme.it\\\/wp-content\\\/uploads\\\/2024\\\/03\\\/logo-elle-emme.png\",\"width\":686,\"height\":63,\"caption\":\"Elle-Emme\"},\"image\":{\"@id\":\"https:\\\/\\\/elle-emme.it\\\/#\\\/schema\\\/logo\\\/image\\\/\"}}]}<\/script>\n<!-- \/ Yoast SEO plugin. -->","yoast_head_json":{"title":"Elle Emme | Fabricant italien de tricots artisanaux pour le B2B","description":"Elle Emme est une usine italienne de tricots artisanaux sp\u00e9cialis\u00e9e dans la production de tricots pour le march\u00e9 B2B. Qualit\u00e9, tradition et innovation.","robots":{"index":"index","follow":"follow","max-snippet":"max-snippet:-1","max-image-preview":"max-image-preview:large","max-video-preview":"max-video-preview:-1"},"canonical":"https:\/\/elle-emme.it\/fr\/a-propos-de-nous\/","og_locale":"fr_FR","og_type":"article","og_title":"Elle Emme | Fabricant italien de tricots artisanaux pour le B2B","og_description":"Elle Emme est une usine italienne de tricots artisanaux sp\u00e9cialis\u00e9e dans la production de tricots pour le march\u00e9 B2B. Qualit\u00e9, tradition et innovation.","og_url":"https:\/\/elle-emme.it\/fr\/a-propos-de-nous\/","og_site_name":"Elle Emme","article_modified_time":"2026-04-08T20:59:01+00:00","og_image":[{"width":2048,"height":1717,"url":"https:\/\/elle-emme.it\/wp-content\/uploads\/2024\/06\/ellemme_23.jpg","type":"image\/jpeg"}],"twitter_card":"summary_large_image","twitter_misc":{"Dur\u00e9e de lecture estim\u00e9e":"2 minutes"},"schema":{"@context":"https:\/\/schema.org","@graph":[{"@type":"WebPage","@id":"https:\/\/elle-emme.it\/fr\/a-propos-de-nous\/","url":"https:\/\/elle-emme.it\/fr\/a-propos-de-nous\/","name":"Elle Emme | Fabricant italien de tricots artisanaux pour le B2B","isPartOf":{"@id":"https:\/\/elle-emme.it\/#website"},"primaryImageOfPage":{"@id":"https:\/\/elle-emme.it\/fr\/a-propos-de-nous\/#primaryimage"},"image":{"@id":"https:\/\/elle-emme.it\/fr\/a-propos-de-nous\/#primaryimage"},"thumbnailUrl":"https:\/\/elle-emme.it\/wp-content\/uploads\/2024\/06\/ellemme_23.jpg","datePublished":"2024-04-22T09:36:14+00:00","dateModified":"2026-04-08T20:59:01+00:00","description":"Elle Emme est une usine italienne de tricots artisanaux sp\u00e9cialis\u00e9e dans la production de tricots pour le march\u00e9 B2B. Qualit\u00e9, tradition et innovation.","breadcrumb":{"@id":"https:\/\/elle-emme.it\/fr\/a-propos-de-nous\/#breadcrumb"},"inLanguage":"fr-FR","potentialAction":[{"@type":"ReadAction","target":["https:\/\/elle-emme.it\/fr\/a-propos-de-nous\/"]}]},{"@type":"ImageObject","inLanguage":"fr-FR","@id":"https:\/\/elle-emme.it\/fr\/a-propos-de-nous\/#primaryimage","url":"https:\/\/elle-emme.it\/wp-content\/uploads\/2024\/06\/ellemme_23.jpg","contentUrl":"https:\/\/elle-emme.it\/wp-content\/uploads\/2024\/06\/ellemme_23.jpg","width":2048,"height":1717,"caption":"Progetto senza titolo - ellemme_23"},{"@type":"BreadcrumbList","@id":"https:\/\/elle-emme.it\/fr\/a-propos-de-nous\/#breadcrumb","itemListElement":[{"@type":"ListItem","position":1,"name":"Home","item":"https:\/\/elle-emme.it\/"},{"@type":"ListItem","position":2,"name":"A propos de nous"}]},{"@type":"WebSite","@id":"https:\/\/elle-emme.it\/#website","url":"https:\/\/elle-emme.it\/","name":"https:\/\/elle-emme.it\/","description":"","publisher":{"@id":"https:\/\/elle-emme.it\/#organization"},"potentialAction":[{"@type":"SearchAction","target":{"@type":"EntryPoint","urlTemplate":"https:\/\/elle-emme.it\/?s={search_term_string}"},"query-input":{"@type":"PropertyValueSpecification","valueRequired":true,"valueName":"search_term_string"}}],"inLanguage":"fr-FR"},{"@type":"Organization","@id":"https:\/\/elle-emme.it\/#organization","name":"Elle-Emme","url":"https:\/\/elle-emme.it\/","logo":{"@type":"ImageObject","inLanguage":"fr-FR","@id":"https:\/\/elle-emme.it\/#\/schema\/logo\/image\/","url":"https:\/\/elle-emme.it\/wp-content\/uploads\/2024\/03\/logo-elle-emme.png","contentUrl":"https:\/\/elle-emme.it\/wp-content\/uploads\/2024\/03\/logo-elle-emme.png","width":686,"height":63,"caption":"Elle-Emme"},"image":{"@id":"https:\/\/elle-emme.it\/#\/schema\/logo\/image\/"}}]}},"_links":{"self":[{"href":"https:\/\/elle-emme.it\/fr\/wp-json\/wp\/v2\/pages\/5833","targetHints":{"allow":["GET"]}}],"collection":[{"href":"https:\/\/elle-emme.it\/fr\/wp-json\/wp\/v2\/pages"}],"about":[{"href":"https:\/\/elle-emme.it\/fr\/wp-json\/wp\/v2\/types\/page"}],"author":[{"embeddable":true,"href":"https:\/\/elle-emme.it\/fr\/wp-json\/wp\/v2\/users\/1"}],"replies":[{"embeddable":true,"href":"https:\/\/elle-emme.it\/fr\/wp-json\/wp\/v2\/comments?post=5833"}],"version-history":[{"count":2,"href":"https:\/\/elle-emme.it\/fr\/wp-json\/wp\/v2\/pages\/5833\/revisions"}],"predecessor-version":[{"id":50145,"href":"https:\/\/elle-emme.it\/fr\/wp-json\/wp\/v2\/pages\/5833\/revisions\/50145"}],"wp:featuredmedia":[{"embeddable":true,"href":"https:\/\/elle-emme.it\/fr\/wp-json\/wp\/v2\/media\/5673"}],"wp:attachment":[{"href":"https:\/\/elle-emme.it\/fr\/wp-json\/wp\/v2\/media?parent=5833"}],"curies":[{"name":"wp","href":"https:\/\/api.w.org\/{rel}","templated":true}]}}