{"id":5885,"date":"2024-06-21T15:42:42","date_gmt":"2024-06-21T15:42:42","guid":{"rendered":"https:\/\/tau.landweb.it\/services\/"},"modified":"2026-03-02T10:32:00","modified_gmt":"2026-03-02T10:32:00","slug":"services","status":"publish","type":"page","link":"https:\/\/elle-emme.it\/fr\/services\/","title":{"rendered":"Services"},"content":{"rendered":"\t\t<div data-elementor-type=\"wp-post\" data-elementor-id=\"5885\" class=\"elementor elementor-5885 elementor-5853\">\n\t\t\t\t<div class=\"elementor-element elementor-element-225e50b e-flex e-con-boxed e-con e-parent\" data-id=\"225e50b\" data-element_type=\"container\" data-e-type=\"container\" data-settings=\"{&quot;background_background&quot;:&quot;classic&quot;}\">\n\t\t\t\t\t<div class=\"e-con-inner\">\n\t\t\t\t\t<\/div>\n\t\t\t\t<\/div>\n\t\t<div class=\"elementor-element elementor-element-3b76cc7 e-flex e-con-boxed e-con e-parent\" data-id=\"3b76cc7\" data-element_type=\"container\" data-e-type=\"container\" data-settings=\"{&quot;background_background&quot;:&quot;classic&quot;}\">\n\t\t\t\t\t<div class=\"e-con-inner\">\n\t\t\t\t<div class=\"elementor-element elementor-element-406446a elementor-widget elementor-widget-text-editor\" data-id=\"406446a\" data-element_type=\"widget\" data-e-type=\"widget\" data-widget_type=\"text-editor.default\">\n\t\t\t\t<div class=\"elementor-widget-container\">\n\t\t\t\t\t\t\t\t\t<p>[Cosa Facciamo \/ Servizi]<\/p>\n\t\t\t\t\t\t\t\t<\/div>\n\t\t\t\t<\/div>\n\t\t\t\t<div class=\"elementor-element elementor-element-1d1995a elementor-widget elementor-widget-heading\" data-id=\"1d1995a\" data-element_type=\"widget\" data-e-type=\"widget\" data-widget_type=\"heading.default\">\n\t\t\t\t<div class=\"elementor-widget-container\">\n\t\t\t\t\t<h3 class=\"elementor-heading-title elementor-size-default\">0 KM FABRICATION DURABLE<\/h3>\t\t\t\t<\/div>\n\t\t\t\t<\/div>\n\t\t\t\t<div class=\"elementor-element elementor-element-c216ce4 elementor-widget elementor-widget-text-editor\" data-id=\"c216ce4\" data-element_type=\"widget\" data-e-type=\"widget\" data-widget_type=\"text-editor.default\">\n\t\t\t\t<div class=\"elementor-widget-container\">\n\t\t\t\t\t\t\t\t\t<p>Nous produisons des <strong>tricots<\/strong> en <strong>marque propre<\/strong>, r\u00e9alisons des prototypes et des \u00e9chantillons, et r\u00e9pondons aux besoins des particuliers, des marques et des entreprises du secteur.<\/p>\n<p>La majeure partie du processus de production est r\u00e9alis\u00e9e en interne, en s&rsquo;appuyant sur l&rsquo;expertise de nos artisans et de notre \u00e9quipe.<\/p>\n<p>Nous nous occupons personnellement de toutes les \u00e9tapes de la transformation et effectuons des contr\u00f4les de qualit\u00e9 r\u00e9guliers.<\/p>\n<p>Les petits <strong>\u00e9chantillons et les prototypes<\/strong> sont enti\u00e8rement r\u00e9alis\u00e9s dans notre entreprise, de la conception au tissage.<\/p>\n\t\t\t\t\t\t\t\t<\/div>\n\t\t\t\t<\/div>\n\t\t<div class=\"elementor-element elementor-element-922fb81 e-grid e-con-boxed e-con e-child\" data-id=\"922fb81\" data-element_type=\"container\" data-e-type=\"container\">\n\t\t\t\t\t<div class=\"e-con-inner\">\n\t\t\t\t<div class=\"elementor-element elementor-element-afd8441 elementor-widget elementor-widget-image\" data-id=\"afd8441\" data-element_type=\"widget\" data-e-type=\"widget\" data-widget_type=\"image.default\">\n\t\t\t\t<div class=\"elementor-widget-container\">\n\t\t\t\t\t\t\t\t\t\t\t\t\t\t\t<img fetchpriority=\"high\" decoding=\"async\" width=\"600\" height=\"826\" src=\"https:\/\/elle-emme.it\/wp-content\/uploads\/2024\/06\/MG_7977-600x826-1.jpg\" class=\"attachment-large size-large wp-image-5864\" alt=\"produzione di maglieria\" srcset=\"https:\/\/elle-emme.it\/wp-content\/uploads\/2024\/06\/MG_7977-600x826-1.jpg 600w, https:\/\/elle-emme.it\/wp-content\/uploads\/2024\/06\/MG_7977-600x826-1-218x300.jpg 218w\" sizes=\"(max-width: 600px) 100vw, 600px\" \/>\t\t\t\t\t\t\t\t\t\t\t\t\t\t\t<\/div>\n\t\t\t\t<\/div>\n\t\t\t\t<div class=\"elementor-element elementor-element-f2481d4 elementor-widget elementor-widget-image\" data-id=\"f2481d4\" data-element_type=\"widget\" data-e-type=\"widget\" data-widget_type=\"image.default\">\n\t\t\t\t<div class=\"elementor-widget-container\">\n\t\t\t\t\t\t\t\t\t\t\t\t\t\t\t<img decoding=\"async\" width=\"1024\" height=\"859\" src=\"https:\/\/elle-emme.it\/wp-content\/uploads\/2024\/06\/ellemme_23-1-1024x859.jpg\" class=\"attachment-large size-large wp-image-5861\" alt=\"produzione di maglieria\" srcset=\"https:\/\/elle-emme.it\/wp-content\/uploads\/2024\/06\/ellemme_23-1-1024x859.jpg 1024w, https:\/\/elle-emme.it\/wp-content\/uploads\/2024\/06\/ellemme_23-1-800x671.jpg 800w, https:\/\/elle-emme.it\/wp-content\/uploads\/2024\/06\/ellemme_23-1-600x503.jpg 600w, https:\/\/elle-emme.it\/wp-content\/uploads\/2024\/06\/ellemme_23-1-300x252.jpg 300w, https:\/\/elle-emme.it\/wp-content\/uploads\/2024\/06\/ellemme_23-1-768x644.jpg 768w, https:\/\/elle-emme.it\/wp-content\/uploads\/2024\/06\/ellemme_23-1-1536x1288.jpg 1536w, https:\/\/elle-emme.it\/wp-content\/uploads\/2024\/06\/ellemme_23-1.jpg 2048w\" sizes=\"(max-width: 1024px) 100vw, 1024px\" \/>\t\t\t\t\t\t\t\t\t\t\t\t\t\t\t<\/div>\n\t\t\t\t<\/div>\n\t\t\t\t\t<\/div>\n\t\t\t\t<\/div>\n\t\t\t\t<div class=\"elementor-element elementor-element-1a9fa02 elementor-widget elementor-widget-text-editor\" data-id=\"1a9fa02\" data-element_type=\"widget\" data-e-type=\"widget\" data-widget_type=\"text-editor.default\">\n\t\t\t\t<div class=\"elementor-widget-container\">\n\t\t\t\t\t\t\t\t\t<p>Sur notre site de production, nous nous occupons de la production de tricots de qualit\u00e9, depuis les prototypes jusqu&rsquo;aux grandes quantit\u00e9s en passant par les petits \u00e9chantillons.<\/p>\n<p>Notre \u00e9quipe conseille et choisit personnellement les meilleurs fils en fonction des exigences du design, garantissant ainsi la qualit\u00e9 des v\u00eatements.<\/p>\n<p>Nous collaborons activement avec d&rsquo;autres entreprises de notre r\u00e9gion auxquelles nous confions certains services tels que l&#8217;emballage ou le repassage. De cette mani\u00e8re, l&rsquo;ensemble du processus de production se d\u00e9roule dans une cha\u00eene d&rsquo;approvisionnement de 0 km. <br \/>Nous concevons \u00e9galement des prototypes pour des marques et des particuliers du secteur de la mode, traduisant l&rsquo;id\u00e9e ou le croquis en v\u00eatements exclusifs et personnalis\u00e9s.<\/p>\n<p><strong>Pour d\u00e9couvrir avec quelle finesse nous r\u00e9alisons nos \u00e9chantillons et prototypes, visitez la page usinage du site.<\/strong><\/p>\n\t\t\t\t\t\t\t\t<\/div>\n\t\t\t\t<\/div>\n\t\t<div class=\"elementor-element elementor-element-0ae53fb e-grid e-con-boxed e-con e-child\" data-id=\"0ae53fb\" data-element_type=\"container\" data-e-type=\"container\">\n\t\t\t\t\t<div class=\"e-con-inner\">\n\t\t\t\t<div class=\"elementor-element elementor-element-1f5fcf5 elementor-widget elementor-widget-image\" data-id=\"1f5fcf5\" data-element_type=\"widget\" data-e-type=\"widget\" data-widget_type=\"image.default\">\n\t\t\t\t<div class=\"elementor-widget-container\">\n\t\t\t\t\t\t\t\t\t\t\t\t\t\t\t<img decoding=\"async\" width=\"529\" height=\"408\" src=\"https:\/\/elle-emme.it\/wp-content\/uploads\/2024\/06\/MG_7908_1.jpg\" class=\"attachment-large size-large wp-image-5867\" alt=\"produzione di maglieria\" srcset=\"https:\/\/elle-emme.it\/wp-content\/uploads\/2024\/06\/MG_7908_1.jpg 529w, https:\/\/elle-emme.it\/wp-content\/uploads\/2024\/06\/MG_7908_1-300x231.jpg 300w\" sizes=\"(max-width: 529px) 100vw, 529px\" \/>\t\t\t\t\t\t\t\t\t\t\t\t\t\t\t<\/div>\n\t\t\t\t<\/div>\n\t\t\t\t<div class=\"elementor-element elementor-element-9a25411 elementor-widget elementor-widget-image\" data-id=\"9a25411\" data-element_type=\"widget\" data-e-type=\"widget\" data-widget_type=\"image.default\">\n\t\t\t\t<div class=\"elementor-widget-container\">\n\t\t\t\t\t\t\t\t\t\t\t\t\t\t\t<img loading=\"lazy\" decoding=\"async\" width=\"1024\" height=\"683\" src=\"https:\/\/elle-emme.it\/wp-content\/uploads\/2024\/06\/ellemme_22-1-1024x683.jpg\" class=\"attachment-large size-large wp-image-5870\" alt=\"produzione di maglieria\" srcset=\"https:\/\/elle-emme.it\/wp-content\/uploads\/2024\/06\/ellemme_22-1-1024x683.jpg 1024w, https:\/\/elle-emme.it\/wp-content\/uploads\/2024\/06\/ellemme_22-1-800x533.jpg 800w, https:\/\/elle-emme.it\/wp-content\/uploads\/2024\/06\/ellemme_22-1-600x400.jpg 600w, https:\/\/elle-emme.it\/wp-content\/uploads\/2024\/06\/ellemme_22-1-300x200.jpg 300w, https:\/\/elle-emme.it\/wp-content\/uploads\/2024\/06\/ellemme_22-1-768x512.jpg 768w, https:\/\/elle-emme.it\/wp-content\/uploads\/2024\/06\/ellemme_22-1-1536x1024.jpg 1536w, https:\/\/elle-emme.it\/wp-content\/uploads\/2024\/06\/ellemme_22-1.jpg 2048w\" sizes=\"(max-width: 1024px) 100vw, 1024px\" \/>\t\t\t\t\t\t\t\t\t\t\t\t\t\t\t<\/div>\n\t\t\t\t<\/div>\n\t\t\t\t\t<\/div>\n\t\t\t\t<\/div>\n\t\t<div class=\"elementor-element elementor-element-b8fefac e-grid e-con-boxed e-con e-child\" data-id=\"b8fefac\" data-element_type=\"container\" data-e-type=\"container\">\n\t\t\t\t\t<div class=\"e-con-inner\">\n\t\t\t\t<div class=\"elementor-element elementor-element-7322435 elementor-widget elementor-widget-image\" data-id=\"7322435\" data-element_type=\"widget\" data-e-type=\"widget\" data-widget_type=\"image.default\">\n\t\t\t\t<div class=\"elementor-widget-container\">\n\t\t\t\t\t\t\t\t\t\t\t\t\t\t\t<img loading=\"lazy\" decoding=\"async\" width=\"269\" height=\"300\" src=\"https:\/\/elle-emme.it\/wp-content\/uploads\/2024\/06\/MG_7859-269x300-1.jpg\" class=\"attachment-large size-large wp-image-5873\" alt=\"\" \/>\t\t\t\t\t\t\t\t\t\t\t\t\t\t\t<\/div>\n\t\t\t\t<\/div>\n\t\t\t\t<div class=\"elementor-element elementor-element-daac75b elementor-widget elementor-widget-image\" data-id=\"daac75b\" data-element_type=\"widget\" data-e-type=\"widget\" data-widget_type=\"image.default\">\n\t\t\t\t<div class=\"elementor-widget-container\">\n\t\t\t\t\t\t\t\t\t\t\t\t\t\t\t<img loading=\"lazy\" decoding=\"async\" width=\"600\" height=\"387\" src=\"https:\/\/elle-emme.it\/wp-content\/uploads\/2024\/06\/MG_7838-600x387-1.jpg\" class=\"attachment-large size-large wp-image-5876\" alt=\"\" srcset=\"https:\/\/elle-emme.it\/wp-content\/uploads\/2024\/06\/MG_7838-600x387-1.jpg 600w, https:\/\/elle-emme.it\/wp-content\/uploads\/2024\/06\/MG_7838-600x387-1-300x194.jpg 300w\" sizes=\"(max-width: 600px) 100vw, 600px\" \/>\t\t\t\t\t\t\t\t\t\t\t\t\t\t\t<\/div>\n\t\t\t\t<\/div>\n\t\t\t\t<div class=\"elementor-element elementor-element-d2fd643 elementor-widget elementor-widget-image\" data-id=\"d2fd643\" data-element_type=\"widget\" data-e-type=\"widget\" data-widget_type=\"image.default\">\n\t\t\t\t<div class=\"elementor-widget-container\">\n\t\t\t\t\t\t\t\t\t\t\t\t\t\t\t<img loading=\"lazy\" decoding=\"async\" width=\"518\" height=\"419\" src=\"https:\/\/elle-emme.it\/wp-content\/uploads\/2024\/06\/MG_7953_1.jpg\" class=\"attachment-large size-large wp-image-5879\" alt=\"\" srcset=\"https:\/\/elle-emme.it\/wp-content\/uploads\/2024\/06\/MG_7953_1.jpg 518w, https:\/\/elle-emme.it\/wp-content\/uploads\/2024\/06\/MG_7953_1-300x243.jpg 300w\" sizes=\"(max-width: 518px) 100vw, 518px\" \/>\t\t\t\t\t\t\t\t\t\t\t\t\t\t\t<\/div>\n\t\t\t\t<\/div>\n\t\t\t\t\t<\/div>\n\t\t\t\t<\/div>\n\t\t\t\t<div class=\"elementor-element elementor-element-dfb2a46 elementor-widget elementor-widget-heading\" data-id=\"dfb2a46\" data-element_type=\"widget\" data-e-type=\"widget\" data-widget_type=\"heading.default\">\n\t\t\t\t<div class=\"elementor-widget-container\">\n\t\t\t\t\t<h3 class=\"elementor-heading-title elementor-size-default\">NOTRE PHILOSOPHIE EST AUSSI SIMPLE QUE NOS V\u00caTEMENTS.<\/h3>\t\t\t\t<\/div>\n\t\t\t\t<\/div>\n\t\t<div class=\"elementor-element elementor-element-3f1755e e-grid e-con-boxed e-con e-child\" data-id=\"3f1755e\" data-element_type=\"container\" data-e-type=\"container\">\n\t\t\t\t\t<div class=\"e-con-inner\">\n\t\t\t\t<div class=\"elementor-element elementor-element-fee84c6 elementor-position-top elementor-invisible elementor-widget elementor-widget-image-box\" data-id=\"fee84c6\" data-element_type=\"widget\" data-e-type=\"widget\" data-settings=\"{&quot;_animation&quot;:&quot;fadeInUp&quot;}\" data-widget_type=\"image-box.default\">\n\t\t\t\t<div class=\"elementor-widget-container\">\n\t\t\t\t\t<div class=\"elementor-image-box-wrapper\"><figure class=\"elementor-image-box-img\"><a href=\"https:\/\/elle-emme.it\/fr\/nos-activites\/\" tabindex=\"-1\"><img loading=\"lazy\" decoding=\"async\" width=\"328\" height=\"440\" src=\"https:\/\/elle-emme.it\/wp-content\/uploads\/2024\/04\/elle-emme-cosa-facciamo.jpg\" class=\"attachment-full size-full wp-image-155\" alt=\"\" srcset=\"https:\/\/elle-emme.it\/wp-content\/uploads\/2024\/04\/elle-emme-cosa-facciamo.jpg 328w, https:\/\/elle-emme.it\/wp-content\/uploads\/2024\/04\/elle-emme-cosa-facciamo-224x300.jpg 224w\" sizes=\"(max-width: 328px) 100vw, 328px\" \/><\/a><\/figure><div class=\"elementor-image-box-content\"><h3 class=\"elementor-image-box-title\"><a href=\"https:\/\/elle-emme.it\/fr\/nos-activites\/\">CE QUE NOUS FAISONS<\/a><\/h3><\/div><\/div>\t\t\t\t<\/div>\n\t\t\t\t<\/div>\n\t\t\t\t<div class=\"elementor-element elementor-element-594c32b elementor-position-top elementor-invisible elementor-widget elementor-widget-image-box\" data-id=\"594c32b\" data-element_type=\"widget\" data-e-type=\"widget\" data-settings=\"{&quot;_animation&quot;:&quot;fadeInUp&quot;,&quot;_animation_delay&quot;:60}\" data-widget_type=\"image-box.default\">\n\t\t\t\t<div class=\"elementor-widget-container\">\n\t\t\t\t\t<div class=\"elementor-image-box-wrapper\"><figure class=\"elementor-image-box-img\"><a href=\"https:\/\/elle-emme.it\/cosa-facciamo-servizi\/\" tabindex=\"-1\"><img loading=\"lazy\" decoding=\"async\" width=\"328\" height=\"440\" src=\"https:\/\/elle-emme.it\/wp-content\/uploads\/2024\/04\/elle-emme-servizi.jpg\" class=\"attachment-full size-full wp-image-157\" alt=\"\" srcset=\"https:\/\/elle-emme.it\/wp-content\/uploads\/2024\/04\/elle-emme-servizi.jpg 328w, https:\/\/elle-emme.it\/wp-content\/uploads\/2024\/04\/elle-emme-servizi-224x300.jpg 224w\" sizes=\"(max-width: 328px) 100vw, 328px\" \/><\/a><\/figure><div class=\"elementor-image-box-content\"><h3 class=\"elementor-image-box-title\"><a href=\"https:\/\/elle-emme.it\/cosa-facciamo-servizi\/\">SERVICES<\/a><\/h3><\/div><\/div>\t\t\t\t<\/div>\n\t\t\t\t<\/div>\n\t\t\t\t<div class=\"elementor-element elementor-element-d3daa6b elementor-position-top elementor-invisible elementor-widget elementor-widget-image-box\" data-id=\"d3daa6b\" data-element_type=\"widget\" data-e-type=\"widget\" data-settings=\"{&quot;_animation&quot;:&quot;fadeInUp&quot;,&quot;_animation_delay&quot;:120}\" data-widget_type=\"image-box.default\">\n\t\t\t\t<div class=\"elementor-widget-container\">\n\t\t\t\t\t<div class=\"elementor-image-box-wrapper\"><figure class=\"elementor-image-box-img\"><a href=\"\/cosa-facciamo-lavorazioni\/\" tabindex=\"-1\"><img loading=\"lazy\" decoding=\"async\" width=\"329\" height=\"440\" src=\"https:\/\/elle-emme.it\/wp-content\/uploads\/2024\/04\/elle-emme-lavorazioni.jpg\" class=\"attachment-full size-full wp-image-159\" alt=\"\" srcset=\"https:\/\/elle-emme.it\/wp-content\/uploads\/2024\/04\/elle-emme-lavorazioni.jpg 329w, https:\/\/elle-emme.it\/wp-content\/uploads\/2024\/04\/elle-emme-lavorazioni-224x300.jpg 224w\" sizes=\"(max-width: 329px) 100vw, 329px\" \/><\/a><\/figure><div class=\"elementor-image-box-content\"><h3 class=\"elementor-image-box-title\"><a href=\"\/cosa-facciamo-lavorazioni\/\">ATELIERS<\/a><\/h3><\/div><\/div>\t\t\t\t<\/div>\n\t\t\t\t<\/div>\n\t\t\t\t<div class=\"elementor-element elementor-element-bbc26c6 elementor-position-top elementor-invisible elementor-widget elementor-widget-image-box\" data-id=\"bbc26c6\" data-element_type=\"widget\" data-e-type=\"widget\" data-settings=\"{&quot;_animation&quot;:&quot;fadeInUp&quot;,&quot;_animation_delay&quot;:180}\" data-widget_type=\"image-box.default\">\n\t\t\t\t<div class=\"elementor-widget-container\">\n\t\t\t\t\t<div class=\"elementor-image-box-wrapper\"><figure class=\"elementor-image-box-img\"><a href=\"\/cosa-facciamo-materiali\/\" tabindex=\"-1\"><img loading=\"lazy\" decoding=\"async\" width=\"328\" height=\"440\" src=\"https:\/\/elle-emme.it\/wp-content\/uploads\/2024\/04\/elle-emme-cosa-facciamo.jpg\" class=\"attachment-full size-full wp-image-155\" alt=\"\" srcset=\"https:\/\/elle-emme.it\/wp-content\/uploads\/2024\/04\/elle-emme-cosa-facciamo.jpg 328w, https:\/\/elle-emme.it\/wp-content\/uploads\/2024\/04\/elle-emme-cosa-facciamo-224x300.jpg 224w\" sizes=\"(max-width: 328px) 100vw, 328px\" \/><\/a><\/figure><div class=\"elementor-image-box-content\"><h3 class=\"elementor-image-box-title\"><a href=\"\/cosa-facciamo-materiali\/\">MAT\u00c9RIAUX<\/a><\/h3><\/div><\/div>\t\t\t\t<\/div>\n\t\t\t\t<\/div>\n\t\t\t\t\t<\/div>\n\t\t\t\t<\/div>\n\t\t\t\t\t<\/div>\n\t\t\t\t<\/div>\n\t\t\t\t<\/div>\n\t\t","protected":false},"excerpt":{"rendered":"<p>[Cosa Facciamo \/ Servizi] 0 KM FABRICATION DURABLE Nous produisons des tricots en marque propre, r\u00e9alisons des prototypes et des \u00e9chantillons, et r\u00e9pondons aux besoins des particuliers, des marques et des entreprises du secteur. La majeure partie du processus de production est r\u00e9alis\u00e9e en interne, en s&rsquo;appuyant sur l&rsquo;expertise de nos artisans et de notre [&hellip;]<\/p>\n","protected":false},"author":1,"featured_media":5864,"parent":0,"menu_order":0,"comment_status":"closed","ping_status":"closed","template":"","meta":{"footnotes":""},"class_list":["post-5885","page","type-page","status-publish","has-post-thumbnail","hentry"],"blocksy_meta":{"has_hero_section":"disabled","styles_descriptor":{"styles":{"desktop":"","tablet":"","mobile":""},"google_fonts":[],"version":6}},"yoast_head":"<!-- This site is optimized with the Yoast SEO plugin v27.4 - https:\/\/yoast.com\/product\/yoast-seo-wordpress\/ -->\n<title>Services - Elle Emme<\/title>\n<meta name=\"robots\" content=\"index, follow, max-snippet:-1, max-image-preview:large, max-video-preview:-1\" \/>\n<link rel=\"canonical\" href=\"https:\/\/elle-emme.it\/fr\/services\/\" \/>\n<meta property=\"og:locale\" content=\"fr_FR\" \/>\n<meta property=\"og:type\" content=\"article\" \/>\n<meta property=\"og:title\" content=\"Services - Elle Emme\" \/>\n<meta property=\"og:description\" content=\"[Cosa Facciamo \/ Servizi] 0 KM FABRICATION DURABLE Nous produisons des tricots en marque propre, r\u00e9alisons des prototypes et des \u00e9chantillons, et r\u00e9pondons aux besoins des particuliers, des marques et des entreprises du secteur. La majeure partie du processus de production est r\u00e9alis\u00e9e en interne, en s&rsquo;appuyant sur l&rsquo;expertise de nos artisans et de notre [&hellip;]\" \/>\n<meta property=\"og:url\" content=\"https:\/\/elle-emme.it\/fr\/services\/\" \/>\n<meta property=\"og:site_name\" content=\"Elle Emme\" \/>\n<meta property=\"article:modified_time\" content=\"2026-03-02T10:32:00+00:00\" \/>\n<meta property=\"og:image\" content=\"https:\/\/elle-emme.it\/wp-content\/uploads\/2024\/06\/MG_7977-600x826-1.jpg\" \/>\n\t<meta property=\"og:image:width\" content=\"600\" \/>\n\t<meta property=\"og:image:height\" content=\"826\" \/>\n\t<meta property=\"og:image:type\" content=\"image\/jpeg\" \/>\n<meta name=\"twitter:card\" content=\"summary_large_image\" \/>\n<meta name=\"twitter:label1\" content=\"Dur\u00e9e de lecture estim\u00e9e\" \/>\n\t<meta name=\"twitter:data1\" content=\"4 minutes\" \/>\n<script type=\"application\/ld+json\" class=\"yoast-schema-graph\">{\"@context\":\"https:\\\/\\\/schema.org\",\"@graph\":[{\"@type\":\"WebPage\",\"@id\":\"https:\\\/\\\/elle-emme.it\\\/fr\\\/services\\\/\",\"url\":\"https:\\\/\\\/elle-emme.it\\\/fr\\\/services\\\/\",\"name\":\"Services - Elle Emme\",\"isPartOf\":{\"@id\":\"https:\\\/\\\/elle-emme.it\\\/#website\"},\"primaryImageOfPage\":{\"@id\":\"https:\\\/\\\/elle-emme.it\\\/fr\\\/services\\\/#primaryimage\"},\"image\":{\"@id\":\"https:\\\/\\\/elle-emme.it\\\/fr\\\/services\\\/#primaryimage\"},\"thumbnailUrl\":\"https:\\\/\\\/elle-emme.it\\\/wp-content\\\/uploads\\\/2024\\\/06\\\/MG_7977-600x826-1.jpg\",\"datePublished\":\"2024-06-21T15:42:42+00:00\",\"dateModified\":\"2026-03-02T10:32:00+00:00\",\"breadcrumb\":{\"@id\":\"https:\\\/\\\/elle-emme.it\\\/fr\\\/services\\\/#breadcrumb\"},\"inLanguage\":\"fr-FR\",\"potentialAction\":[{\"@type\":\"ReadAction\",\"target\":[\"https:\\\/\\\/elle-emme.it\\\/fr\\\/services\\\/\"]}]},{\"@type\":\"ImageObject\",\"inLanguage\":\"fr-FR\",\"@id\":\"https:\\\/\\\/elle-emme.it\\\/fr\\\/services\\\/#primaryimage\",\"url\":\"https:\\\/\\\/elle-emme.it\\\/wp-content\\\/uploads\\\/2024\\\/06\\\/MG_7977-600x826-1.jpg\",\"contentUrl\":\"https:\\\/\\\/elle-emme.it\\\/wp-content\\\/uploads\\\/2024\\\/06\\\/MG_7977-600x826-1.jpg\",\"width\":600,\"height\":826,\"caption\":\"produzione di maglieria\"},{\"@type\":\"BreadcrumbList\",\"@id\":\"https:\\\/\\\/elle-emme.it\\\/fr\\\/services\\\/#breadcrumb\",\"itemListElement\":[{\"@type\":\"ListItem\",\"position\":1,\"name\":\"Home\",\"item\":\"https:\\\/\\\/elle-emme.it\\\/\"},{\"@type\":\"ListItem\",\"position\":2,\"name\":\"Services\"}]},{\"@type\":\"WebSite\",\"@id\":\"https:\\\/\\\/elle-emme.it\\\/#website\",\"url\":\"https:\\\/\\\/elle-emme.it\\\/\",\"name\":\"https:\\\/\\\/elle-emme.it\\\/\",\"description\":\"\",\"publisher\":{\"@id\":\"https:\\\/\\\/elle-emme.it\\\/#organization\"},\"potentialAction\":[{\"@type\":\"SearchAction\",\"target\":{\"@type\":\"EntryPoint\",\"urlTemplate\":\"https:\\\/\\\/elle-emme.it\\\/?s={search_term_string}\"},\"query-input\":{\"@type\":\"PropertyValueSpecification\",\"valueRequired\":true,\"valueName\":\"search_term_string\"}}],\"inLanguage\":\"fr-FR\"},{\"@type\":\"Organization\",\"@id\":\"https:\\\/\\\/elle-emme.it\\\/#organization\",\"name\":\"Elle-Emme\",\"url\":\"https:\\\/\\\/elle-emme.it\\\/\",\"logo\":{\"@type\":\"ImageObject\",\"inLanguage\":\"fr-FR\",\"@id\":\"https:\\\/\\\/elle-emme.it\\\/#\\\/schema\\\/logo\\\/image\\\/\",\"url\":\"https:\\\/\\\/elle-emme.it\\\/wp-content\\\/uploads\\\/2024\\\/03\\\/logo-elle-emme.png\",\"contentUrl\":\"https:\\\/\\\/elle-emme.it\\\/wp-content\\\/uploads\\\/2024\\\/03\\\/logo-elle-emme.png\",\"width\":686,\"height\":63,\"caption\":\"Elle-Emme\"},\"image\":{\"@id\":\"https:\\\/\\\/elle-emme.it\\\/#\\\/schema\\\/logo\\\/image\\\/\"}}]}<\/script>\n<!-- \/ Yoast SEO plugin. -->","yoast_head_json":{"title":"Services - Elle Emme","robots":{"index":"index","follow":"follow","max-snippet":"max-snippet:-1","max-image-preview":"max-image-preview:large","max-video-preview":"max-video-preview:-1"},"canonical":"https:\/\/elle-emme.it\/fr\/services\/","og_locale":"fr_FR","og_type":"article","og_title":"Services - Elle Emme","og_description":"[Cosa Facciamo \/ Servizi] 0 KM FABRICATION DURABLE Nous produisons des tricots en marque propre, r\u00e9alisons des prototypes et des \u00e9chantillons, et r\u00e9pondons aux besoins des particuliers, des marques et des entreprises du secteur. La majeure partie du processus de production est r\u00e9alis\u00e9e en interne, en s&rsquo;appuyant sur l&rsquo;expertise de nos artisans et de notre [&hellip;]","og_url":"https:\/\/elle-emme.it\/fr\/services\/","og_site_name":"Elle Emme","article_modified_time":"2026-03-02T10:32:00+00:00","og_image":[{"width":600,"height":826,"url":"https:\/\/elle-emme.it\/wp-content\/uploads\/2024\/06\/MG_7977-600x826-1.jpg","type":"image\/jpeg"}],"twitter_card":"summary_large_image","twitter_misc":{"Dur\u00e9e de lecture estim\u00e9e":"4 minutes"},"schema":{"@context":"https:\/\/schema.org","@graph":[{"@type":"WebPage","@id":"https:\/\/elle-emme.it\/fr\/services\/","url":"https:\/\/elle-emme.it\/fr\/services\/","name":"Services - Elle Emme","isPartOf":{"@id":"https:\/\/elle-emme.it\/#website"},"primaryImageOfPage":{"@id":"https:\/\/elle-emme.it\/fr\/services\/#primaryimage"},"image":{"@id":"https:\/\/elle-emme.it\/fr\/services\/#primaryimage"},"thumbnailUrl":"https:\/\/elle-emme.it\/wp-content\/uploads\/2024\/06\/MG_7977-600x826-1.jpg","datePublished":"2024-06-21T15:42:42+00:00","dateModified":"2026-03-02T10:32:00+00:00","breadcrumb":{"@id":"https:\/\/elle-emme.it\/fr\/services\/#breadcrumb"},"inLanguage":"fr-FR","potentialAction":[{"@type":"ReadAction","target":["https:\/\/elle-emme.it\/fr\/services\/"]}]},{"@type":"ImageObject","inLanguage":"fr-FR","@id":"https:\/\/elle-emme.it\/fr\/services\/#primaryimage","url":"https:\/\/elle-emme.it\/wp-content\/uploads\/2024\/06\/MG_7977-600x826-1.jpg","contentUrl":"https:\/\/elle-emme.it\/wp-content\/uploads\/2024\/06\/MG_7977-600x826-1.jpg","width":600,"height":826,"caption":"produzione di maglieria"},{"@type":"BreadcrumbList","@id":"https:\/\/elle-emme.it\/fr\/services\/#breadcrumb","itemListElement":[{"@type":"ListItem","position":1,"name":"Home","item":"https:\/\/elle-emme.it\/"},{"@type":"ListItem","position":2,"name":"Services"}]},{"@type":"WebSite","@id":"https:\/\/elle-emme.it\/#website","url":"https:\/\/elle-emme.it\/","name":"https:\/\/elle-emme.it\/","description":"","publisher":{"@id":"https:\/\/elle-emme.it\/#organization"},"potentialAction":[{"@type":"SearchAction","target":{"@type":"EntryPoint","urlTemplate":"https:\/\/elle-emme.it\/?s={search_term_string}"},"query-input":{"@type":"PropertyValueSpecification","valueRequired":true,"valueName":"search_term_string"}}],"inLanguage":"fr-FR"},{"@type":"Organization","@id":"https:\/\/elle-emme.it\/#organization","name":"Elle-Emme","url":"https:\/\/elle-emme.it\/","logo":{"@type":"ImageObject","inLanguage":"fr-FR","@id":"https:\/\/elle-emme.it\/#\/schema\/logo\/image\/","url":"https:\/\/elle-emme.it\/wp-content\/uploads\/2024\/03\/logo-elle-emme.png","contentUrl":"https:\/\/elle-emme.it\/wp-content\/uploads\/2024\/03\/logo-elle-emme.png","width":686,"height":63,"caption":"Elle-Emme"},"image":{"@id":"https:\/\/elle-emme.it\/#\/schema\/logo\/image\/"}}]}},"_links":{"self":[{"href":"https:\/\/elle-emme.it\/fr\/wp-json\/wp\/v2\/pages\/5885","targetHints":{"allow":["GET"]}}],"collection":[{"href":"https:\/\/elle-emme.it\/fr\/wp-json\/wp\/v2\/pages"}],"about":[{"href":"https:\/\/elle-emme.it\/fr\/wp-json\/wp\/v2\/types\/page"}],"author":[{"embeddable":true,"href":"https:\/\/elle-emme.it\/fr\/wp-json\/wp\/v2\/users\/1"}],"replies":[{"embeddable":true,"href":"https:\/\/elle-emme.it\/fr\/wp-json\/wp\/v2\/comments?post=5885"}],"version-history":[{"count":3,"href":"https:\/\/elle-emme.it\/fr\/wp-json\/wp\/v2\/pages\/5885\/revisions"}],"predecessor-version":[{"id":48433,"href":"https:\/\/elle-emme.it\/fr\/wp-json\/wp\/v2\/pages\/5885\/revisions\/48433"}],"wp:featuredmedia":[{"embeddable":true,"href":"https:\/\/elle-emme.it\/fr\/wp-json\/wp\/v2\/media\/5864"}],"wp:attachment":[{"href":"https:\/\/elle-emme.it\/fr\/wp-json\/wp\/v2\/media?parent=5885"}],"curies":[{"name":"wp","href":"https:\/\/api.w.org\/{rel}","templated":true}]}}