{"id":5992,"date":"2024-06-21T16:20:20","date_gmt":"2024-06-21T16:20:20","guid":{"rendered":"https:\/\/tau.landweb.it\/materiaux\/"},"modified":"2026-03-02T13:46:53","modified_gmt":"2026-03-02T13:46:53","slug":"materiaux","status":"publish","type":"page","link":"https:\/\/elle-emme.it\/fr\/materiaux\/","title":{"rendered":"Mat\u00e9riaux"},"content":{"rendered":"\t\t<div data-elementor-type=\"wp-post\" data-elementor-id=\"5992\" class=\"elementor elementor-5992 elementor-5961\">\n\t\t\t\t<div class=\"elementor-element elementor-element-225e50b e-flex e-con-boxed e-con e-parent\" data-id=\"225e50b\" data-element_type=\"container\" data-e-type=\"container\" data-settings=\"{&quot;background_background&quot;:&quot;classic&quot;}\">\n\t\t\t\t\t<div class=\"e-con-inner\">\n\t\t\t\t\t<\/div>\n\t\t\t\t<\/div>\n\t\t<div class=\"elementor-element elementor-element-3b76cc7 e-flex e-con-boxed e-con e-parent\" data-id=\"3b76cc7\" data-element_type=\"container\" data-e-type=\"container\" data-settings=\"{&quot;background_background&quot;:&quot;classic&quot;}\">\n\t\t\t\t\t<div class=\"e-con-inner\">\n\t\t\t\t<div class=\"elementor-element elementor-element-406446a elementor-widget elementor-widget-text-editor\" data-id=\"406446a\" data-element_type=\"widget\" data-e-type=\"widget\" data-widget_type=\"text-editor.default\">\n\t\t\t\t<div class=\"elementor-widget-container\">\n\t\t\t\t\t\t\t\t\t<p>[Cosa Facciamo \/ Materiali]<\/p>\n\t\t\t\t\t\t\t\t<\/div>\n\t\t\t\t<\/div>\n\t\t\t\t<div class=\"elementor-element elementor-element-1d1995a elementor-widget elementor-widget-heading\" data-id=\"1d1995a\" data-element_type=\"widget\" data-e-type=\"widget\" data-widget_type=\"heading.default\">\n\t\t\t\t<div class=\"elementor-widget-container\">\n\t\t\t\t\t<h3 class=\"elementor-heading-title elementor-size-default\">NOUS TRAVAILLONS LA LAINE ET LES FILS FINS AVEC SOIN ET PASSION.<\/h3>\t\t\t\t<\/div>\n\t\t\t\t<\/div>\n\t\t\t\t<div class=\"elementor-element elementor-element-c216ce4 elementor-widget elementor-widget-text-editor\" data-id=\"c216ce4\" data-element_type=\"widget\" data-e-type=\"widget\" data-widget_type=\"text-editor.default\">\n\t\t\t\t<div class=\"elementor-widget-container\">\n\t\t\t\t\t\t\t\t\t<p>Nous sommes des artisans sp\u00e9cialis\u00e9s dans la <strong>production de tricots de laine<\/strong> depuis plus de cinquante ans.<br \/>Nous ne fabriquons nos v\u00eatements qu&rsquo;avec des fils italiens de haute qualit\u00e9.<br \/>Gr\u00e2ce \u00e0 notre exp\u00e9rience, nous travaillons avec toutes sortes de mati\u00e8res, du doux <strong>cachemire <\/strong> au <strong>mohair<\/strong>, en passant par la brillance de <strong>l&rsquo;alpaga<\/strong>.<\/p>\n<p>Nous d\u00e9veloppons des projets de <strong>marques priv\u00e9es<\/strong>, de petits \u00e9chantillons et des prototypes.<\/p>\n\t\t\t\t\t\t\t\t<\/div>\n\t\t\t\t<\/div>\n\t\t<div class=\"elementor-element elementor-element-922fb81 e-grid e-con-boxed e-con e-child\" data-id=\"922fb81\" data-element_type=\"container\" data-e-type=\"container\">\n\t\t\t\t\t<div class=\"e-con-inner\">\n\t\t\t\t<div class=\"elementor-element elementor-element-afd8441 elementor-widget elementor-widget-image\" data-id=\"afd8441\" data-element_type=\"widget\" data-e-type=\"widget\" data-widget_type=\"image.default\">\n\t\t\t\t<div class=\"elementor-widget-container\">\n\t\t\t\t\t\t\t\t\t\t\t\t\t\t\t<img fetchpriority=\"high\" decoding=\"async\" width=\"683\" height=\"1024\" src=\"https:\/\/elle-emme.it\/wp-content\/uploads\/2026\/02\/IMG_0403-copia-683x1024.jpg\" class=\"attachment-large size-large wp-image-46762\" alt=\"\" srcset=\"https:\/\/elle-emme.it\/wp-content\/uploads\/2026\/02\/IMG_0403-copia-683x1024.jpg 683w, https:\/\/elle-emme.it\/wp-content\/uploads\/2026\/02\/IMG_0403-copia-200x300.jpg 200w, https:\/\/elle-emme.it\/wp-content\/uploads\/2026\/02\/IMG_0403-copia-600x900.jpg 600w, https:\/\/elle-emme.it\/wp-content\/uploads\/2026\/02\/IMG_0403-copia.jpg 720w\" sizes=\"(max-width: 683px) 100vw, 683px\" \/>\t\t\t\t\t\t\t\t\t\t\t\t\t\t\t<\/div>\n\t\t\t\t<\/div>\n\t\t\t\t<div class=\"elementor-element elementor-element-f2481d4 elementor-widget elementor-widget-image\" data-id=\"f2481d4\" data-element_type=\"widget\" data-e-type=\"widget\" data-widget_type=\"image.default\">\n\t\t\t\t<div class=\"elementor-widget-container\">\n\t\t\t\t\t\t\t\t\t\t\t\t\t\t\t<img decoding=\"async\" width=\"600\" height=\"560\" src=\"https:\/\/elle-emme.it\/wp-content\/uploads\/2024\/06\/AdobeStock_28702741233-600x560-1.jpg\" class=\"attachment-large size-large wp-image-5970\" alt=\"maglieria in lana\" srcset=\"https:\/\/elle-emme.it\/wp-content\/uploads\/2024\/06\/AdobeStock_28702741233-600x560-1.jpg 600w, https:\/\/elle-emme.it\/wp-content\/uploads\/2024\/06\/AdobeStock_28702741233-600x560-1-300x280.jpg 300w\" sizes=\"(max-width: 600px) 100vw, 600px\" \/>\t\t\t\t\t\t\t\t\t\t\t\t\t\t\t<\/div>\n\t\t\t\t<\/div>\n\t\t\t\t\t<\/div>\n\t\t\t\t<\/div>\n\t\t\t\t<div class=\"elementor-element elementor-element-1a9fa02 elementor-widget elementor-widget-text-editor\" data-id=\"1a9fa02\" data-element_type=\"widget\" data-e-type=\"widget\" data-widget_type=\"text-editor.default\">\n\t\t\t\t<div class=\"elementor-widget-container\">\n\t\t\t\t\t\t\t\t\t<p>Pour chaque projet, nous choisissons personnellement les fils pour nos clients, en respectant les exigences du design, ce qui donne des v\u00eatements uniques et de qualit\u00e9.<\/p>\n<p>Les \u00e9chantillons et les prototypes peuvent \u00eatre r\u00e9alis\u00e9s dans n&rsquo;importe quel type de mat\u00e9riau, qu&rsquo;il s&rsquo;agisse de v\u00eatements sportifs, \u00e9l\u00e9gants, classiques ou alternatifs.<\/p>\n<p>Chez Elle Emme, nous accordons une attention particuli\u00e8re \u00e0 la durabilit\u00e9. C&rsquo;est pourquoi nous avons inclus dans certains processus de production l&rsquo;utilisation de <strong>fils r\u00e9g\u00e9n\u00e9r\u00e9s<\/strong> et de teintures naturelles qui nous permettent d&rsquo;\u00e9conomiser les ressources au profit de l&rsquo;environnement.<\/p>\n\t\t\t\t\t\t\t\t<\/div>\n\t\t\t\t<\/div>\n\t\t<div class=\"elementor-element elementor-element-0ae53fb e-grid e-con-boxed e-con e-child\" data-id=\"0ae53fb\" data-element_type=\"container\" data-e-type=\"container\">\n\t\t\t\t\t<div class=\"e-con-inner\">\n\t\t\t\t<div class=\"elementor-element elementor-element-1f5fcf5 elementor-widget elementor-widget-image\" data-id=\"1f5fcf5\" data-element_type=\"widget\" data-e-type=\"widget\" data-widget_type=\"image.default\">\n\t\t\t\t<div class=\"elementor-widget-container\">\n\t\t\t\t\t\t\t\t\t\t\t\t\t\t\t<img decoding=\"async\" width=\"529\" height=\"408\" src=\"https:\/\/elle-emme.it\/wp-content\/uploads\/2024\/06\/close-up-of-sheep-wool-texture.jpg\" class=\"attachment-large size-large wp-image-5976\" alt=\"\" srcset=\"https:\/\/elle-emme.it\/wp-content\/uploads\/2024\/06\/close-up-of-sheep-wool-texture.jpg 529w, https:\/\/elle-emme.it\/wp-content\/uploads\/2024\/06\/close-up-of-sheep-wool-texture-300x231.jpg 300w\" sizes=\"(max-width: 529px) 100vw, 529px\" \/>\t\t\t\t\t\t\t\t\t\t\t\t\t\t\t<\/div>\n\t\t\t\t<\/div>\n\t\t\t\t<div class=\"elementor-element elementor-element-9a25411 elementor-widget elementor-widget-image\" data-id=\"9a25411\" data-element_type=\"widget\" data-e-type=\"widget\" data-widget_type=\"image.default\">\n\t\t\t\t<div class=\"elementor-widget-container\">\n\t\t\t\t\t\t\t\t\t\t\t\t\t\t\t<img loading=\"lazy\" decoding=\"async\" width=\"600\" height=\"435\" src=\"https:\/\/elle-emme.it\/wp-content\/uploads\/2024\/06\/warm-knitted-sleeve-from-a-sweater-with-a-pattern-isolate-on-white-600x435-1.jpg\" class=\"attachment-large size-large wp-image-5985\" alt=\"\" srcset=\"https:\/\/elle-emme.it\/wp-content\/uploads\/2024\/06\/warm-knitted-sleeve-from-a-sweater-with-a-pattern-isolate-on-white-600x435-1.jpg 600w, https:\/\/elle-emme.it\/wp-content\/uploads\/2024\/06\/warm-knitted-sleeve-from-a-sweater-with-a-pattern-isolate-on-white-600x435-1-300x218.jpg 300w\" sizes=\"(max-width: 600px) 100vw, 600px\" \/>\t\t\t\t\t\t\t\t\t\t\t\t\t\t\t<\/div>\n\t\t\t\t<\/div>\n\t\t\t\t\t<\/div>\n\t\t\t\t<\/div>\n\t\t<div class=\"elementor-element elementor-element-b8fefac e-grid e-con-boxed e-con e-child\" data-id=\"b8fefac\" data-element_type=\"container\" data-e-type=\"container\">\n\t\t\t\t\t<div class=\"e-con-inner\">\n\t\t\t\t<div class=\"elementor-element elementor-element-7322435 elementor-widget elementor-widget-image\" data-id=\"7322435\" data-element_type=\"widget\" data-e-type=\"widget\" data-widget_type=\"image.default\">\n\t\t\t\t<div class=\"elementor-widget-container\">\n\t\t\t\t\t\t\t\t\t\t\t\t\t\t\t<img loading=\"lazy\" decoding=\"async\" width=\"269\" height=\"300\" src=\"https:\/\/elle-emme.it\/wp-content\/uploads\/2024\/06\/wool-yarn-texture-close-up-in-the-colors-of-the-year-2022-269x300-1.jpg\" class=\"attachment-large size-large wp-image-5988\" alt=\"\" \/>\t\t\t\t\t\t\t\t\t\t\t\t\t\t\t<\/div>\n\t\t\t\t<\/div>\n\t\t\t\t<div class=\"elementor-element elementor-element-daac75b elementor-widget elementor-widget-image\" data-id=\"daac75b\" data-element_type=\"widget\" data-e-type=\"widget\" data-widget_type=\"image.default\">\n\t\t\t\t<div class=\"elementor-widget-container\">\n\t\t\t\t\t\t\t\t\t\t\t\t\t\t\t<img loading=\"lazy\" decoding=\"async\" width=\"600\" height=\"387\" src=\"https:\/\/elle-emme.it\/wp-content\/uploads\/2024\/06\/colorful-threads-on-a-white-surface-600x387-1.jpg\" class=\"attachment-large size-large wp-image-5982\" alt=\"\" srcset=\"https:\/\/elle-emme.it\/wp-content\/uploads\/2024\/06\/colorful-threads-on-a-white-surface-600x387-1.jpg 600w, https:\/\/elle-emme.it\/wp-content\/uploads\/2024\/06\/colorful-threads-on-a-white-surface-600x387-1-300x194.jpg 300w\" sizes=\"(max-width: 600px) 100vw, 600px\" \/>\t\t\t\t\t\t\t\t\t\t\t\t\t\t\t<\/div>\n\t\t\t\t<\/div>\n\t\t\t\t<div class=\"elementor-element elementor-element-d2fd643 elementor-widget elementor-widget-image\" data-id=\"d2fd643\" data-element_type=\"widget\" data-e-type=\"widget\" data-widget_type=\"image.default\">\n\t\t\t\t<div class=\"elementor-widget-container\">\n\t\t\t\t\t\t\t\t\t\t\t\t\t\t\t<img loading=\"lazy\" decoding=\"async\" width=\"518\" height=\"419\" src=\"https:\/\/elle-emme.it\/wp-content\/uploads\/2024\/06\/colored-thread-spools-with-scissors.jpg\" class=\"attachment-large size-large wp-image-5979\" alt=\"\" srcset=\"https:\/\/elle-emme.it\/wp-content\/uploads\/2024\/06\/colored-thread-spools-with-scissors.jpg 518w, https:\/\/elle-emme.it\/wp-content\/uploads\/2024\/06\/colored-thread-spools-with-scissors-300x243.jpg 300w\" sizes=\"(max-width: 518px) 100vw, 518px\" \/>\t\t\t\t\t\t\t\t\t\t\t\t\t\t\t<\/div>\n\t\t\t\t<\/div>\n\t\t\t\t\t<\/div>\n\t\t\t\t<\/div>\n\t\t\t\t<div class=\"elementor-element elementor-element-fc9ad51 elementor-widget elementor-widget-spacer\" data-id=\"fc9ad51\" data-element_type=\"widget\" data-e-type=\"widget\" data-widget_type=\"spacer.default\">\n\t\t\t\t<div class=\"elementor-widget-container\">\n\t\t\t\t\t\t\t<div class=\"elementor-spacer\">\n\t\t\t<div class=\"elementor-spacer-inner\"><\/div>\n\t\t<\/div>\n\t\t\t\t\t\t<\/div>\n\t\t\t\t<\/div>\n\t\t\t\t<div class=\"elementor-element elementor-element-dfb2a46 elementor-widget elementor-widget-heading\" data-id=\"dfb2a46\" data-element_type=\"widget\" data-e-type=\"widget\" data-widget_type=\"heading.default\">\n\t\t\t\t<div class=\"elementor-widget-container\">\n\t\t\t\t\t<h3 class=\"elementor-heading-title elementor-size-default\">NOTRE PHILOSOPHIE EST AUSSI SIMPLE QUE NOS V\u00caTEMENTS.<\/h3>\t\t\t\t<\/div>\n\t\t\t\t<\/div>\n\t\t<div class=\"elementor-element elementor-element-3f1755e e-grid e-con-boxed e-con e-child\" data-id=\"3f1755e\" data-element_type=\"container\" data-e-type=\"container\">\n\t\t\t\t\t<div class=\"e-con-inner\">\n\t\t\t\t<div class=\"elementor-element elementor-element-fee84c6 elementor-position-top elementor-invisible elementor-widget elementor-widget-image-box\" data-id=\"fee84c6\" data-element_type=\"widget\" data-e-type=\"widget\" data-settings=\"{&quot;_animation&quot;:&quot;fadeInUp&quot;}\" data-widget_type=\"image-box.default\">\n\t\t\t\t<div class=\"elementor-widget-container\">\n\t\t\t\t\t<div class=\"elementor-image-box-wrapper\"><figure class=\"elementor-image-box-img\"><a href=\"https:\/\/elle-emme.it\/fr\/nos-activites\/\" tabindex=\"-1\"><img loading=\"lazy\" decoding=\"async\" width=\"328\" height=\"440\" src=\"https:\/\/elle-emme.it\/wp-content\/uploads\/2024\/04\/elle-emme-cosa-facciamo.jpg\" class=\"attachment-full size-full wp-image-155\" alt=\"\" srcset=\"https:\/\/elle-emme.it\/wp-content\/uploads\/2024\/04\/elle-emme-cosa-facciamo.jpg 328w, https:\/\/elle-emme.it\/wp-content\/uploads\/2024\/04\/elle-emme-cosa-facciamo-224x300.jpg 224w\" sizes=\"(max-width: 328px) 100vw, 328px\" \/><\/a><\/figure><div class=\"elementor-image-box-content\"><h3 class=\"elementor-image-box-title\"><a href=\"https:\/\/elle-emme.it\/fr\/nos-activites\/\">CE QUE NOUS FAISONS<\/a><\/h3><\/div><\/div>\t\t\t\t<\/div>\n\t\t\t\t<\/div>\n\t\t\t\t<div class=\"elementor-element elementor-element-594c32b elementor-position-top elementor-invisible elementor-widget elementor-widget-image-box\" data-id=\"594c32b\" data-element_type=\"widget\" data-e-type=\"widget\" data-settings=\"{&quot;_animation&quot;:&quot;fadeInUp&quot;,&quot;_animation_delay&quot;:60}\" data-widget_type=\"image-box.default\">\n\t\t\t\t<div class=\"elementor-widget-container\">\n\t\t\t\t\t<div class=\"elementor-image-box-wrapper\"><figure class=\"elementor-image-box-img\"><a href=\"https:\/\/elle-emme.it\/fr\/services\/\" tabindex=\"-1\"><img loading=\"lazy\" decoding=\"async\" width=\"328\" height=\"440\" src=\"https:\/\/elle-emme.it\/wp-content\/uploads\/2024\/04\/elle-emme-servizi.jpg\" class=\"attachment-full size-full wp-image-157\" alt=\"\" srcset=\"https:\/\/elle-emme.it\/wp-content\/uploads\/2024\/04\/elle-emme-servizi.jpg 328w, https:\/\/elle-emme.it\/wp-content\/uploads\/2024\/04\/elle-emme-servizi-224x300.jpg 224w\" sizes=\"(max-width: 328px) 100vw, 328px\" \/><\/a><\/figure><div class=\"elementor-image-box-content\"><h3 class=\"elementor-image-box-title\"><a href=\"https:\/\/elle-emme.it\/fr\/services\/\">SERVICES<\/a><\/h3><\/div><\/div>\t\t\t\t<\/div>\n\t\t\t\t<\/div>\n\t\t\t\t<div class=\"elementor-element elementor-element-d3daa6b elementor-position-top elementor-invisible elementor-widget elementor-widget-image-box\" data-id=\"d3daa6b\" data-element_type=\"widget\" data-e-type=\"widget\" data-settings=\"{&quot;_animation&quot;:&quot;fadeInUp&quot;,&quot;_animation_delay&quot;:120}\" data-widget_type=\"image-box.default\">\n\t\t\t\t<div class=\"elementor-widget-container\">\n\t\t\t\t\t<div class=\"elementor-image-box-wrapper\"><figure class=\"elementor-image-box-img\"><a href=\"https:\/\/elle-emme.it\/fr\/traitement\/\" tabindex=\"-1\"><img loading=\"lazy\" decoding=\"async\" width=\"329\" height=\"440\" src=\"https:\/\/elle-emme.it\/wp-content\/uploads\/2024\/04\/elle-emme-lavorazioni.jpg\" class=\"attachment-full size-full wp-image-159\" alt=\"\" srcset=\"https:\/\/elle-emme.it\/wp-content\/uploads\/2024\/04\/elle-emme-lavorazioni.jpg 329w, https:\/\/elle-emme.it\/wp-content\/uploads\/2024\/04\/elle-emme-lavorazioni-224x300.jpg 224w\" sizes=\"(max-width: 329px) 100vw, 329px\" \/><\/a><\/figure><div class=\"elementor-image-box-content\"><h3 class=\"elementor-image-box-title\"><a href=\"https:\/\/elle-emme.it\/fr\/traitement\/\">ATELIERS<\/a><\/h3><\/div><\/div>\t\t\t\t<\/div>\n\t\t\t\t<\/div>\n\t\t\t\t<div class=\"elementor-element elementor-element-bbc26c6 elementor-position-top elementor-invisible elementor-widget elementor-widget-image-box\" data-id=\"bbc26c6\" data-element_type=\"widget\" data-e-type=\"widget\" data-settings=\"{&quot;_animation&quot;:&quot;fadeInUp&quot;,&quot;_animation_delay&quot;:180}\" data-widget_type=\"image-box.default\">\n\t\t\t\t<div class=\"elementor-widget-container\">\n\t\t\t\t\t<div class=\"elementor-image-box-wrapper\"><figure class=\"elementor-image-box-img\"><a href=\"\/cosa-facciamo-materiali\/\" tabindex=\"-1\"><img loading=\"lazy\" decoding=\"async\" width=\"328\" height=\"440\" src=\"https:\/\/elle-emme.it\/wp-content\/uploads\/2024\/04\/elle-emme-cosa-facciamo.jpg\" class=\"attachment-full size-full wp-image-155\" alt=\"\" srcset=\"https:\/\/elle-emme.it\/wp-content\/uploads\/2024\/04\/elle-emme-cosa-facciamo.jpg 328w, https:\/\/elle-emme.it\/wp-content\/uploads\/2024\/04\/elle-emme-cosa-facciamo-224x300.jpg 224w\" sizes=\"(max-width: 328px) 100vw, 328px\" \/><\/a><\/figure><div class=\"elementor-image-box-content\"><h3 class=\"elementor-image-box-title\"><a href=\"\/cosa-facciamo-materiali\/\">MAT\u00c9RIAUX<\/a><\/h3><\/div><\/div>\t\t\t\t<\/div>\n\t\t\t\t<\/div>\n\t\t\t\t\t<\/div>\n\t\t\t\t<\/div>\n\t\t\t\t\t<\/div>\n\t\t\t\t<\/div>\n\t\t\t\t<\/div>\n\t\t","protected":false},"excerpt":{"rendered":"<p>[Cosa Facciamo \/ Materiali] NOUS TRAVAILLONS LA LAINE ET LES FILS FINS AVEC SOIN ET PASSION. Nous sommes des artisans sp\u00e9cialis\u00e9s dans la production de tricots de laine depuis plus de cinquante ans.Nous ne fabriquons nos v\u00eatements qu&rsquo;avec des fils italiens de haute qualit\u00e9.Gr\u00e2ce \u00e0 notre exp\u00e9rience, nous travaillons avec toutes sortes de mati\u00e8res, du [&hellip;]<\/p>\n","protected":false},"author":1,"featured_media":5970,"parent":0,"menu_order":0,"comment_status":"closed","ping_status":"closed","template":"","meta":{"footnotes":""},"class_list":["post-5992","page","type-page","status-publish","has-post-thumbnail","hentry"],"blocksy_meta":{"has_hero_section":"disabled","styles_descriptor":{"styles":{"desktop":"","tablet":"","mobile":""},"google_fonts":[],"version":6}},"yoast_head":"<!-- This site is optimized with the Yoast SEO plugin v27.4 - https:\/\/yoast.com\/product\/yoast-seo-wordpress\/ -->\n<title>Mat\u00e9riaux - Elle Emme<\/title>\n<meta name=\"robots\" content=\"index, follow, max-snippet:-1, max-image-preview:large, max-video-preview:-1\" \/>\n<link rel=\"canonical\" href=\"https:\/\/elle-emme.it\/fr\/materiaux\/\" \/>\n<meta property=\"og:locale\" content=\"fr_FR\" \/>\n<meta property=\"og:type\" content=\"article\" \/>\n<meta property=\"og:title\" content=\"Mat\u00e9riaux - Elle Emme\" \/>\n<meta property=\"og:description\" content=\"[Cosa Facciamo \/ Materiali] NOUS TRAVAILLONS LA LAINE ET LES FILS FINS AVEC SOIN ET PASSION. Nous sommes des artisans sp\u00e9cialis\u00e9s dans la production de tricots de laine depuis plus de cinquante ans.Nous ne fabriquons nos v\u00eatements qu&rsquo;avec des fils italiens de haute qualit\u00e9.Gr\u00e2ce \u00e0 notre exp\u00e9rience, nous travaillons avec toutes sortes de mati\u00e8res, du [&hellip;]\" \/>\n<meta property=\"og:url\" content=\"https:\/\/elle-emme.it\/fr\/materiaux\/\" \/>\n<meta property=\"og:site_name\" content=\"Elle Emme\" \/>\n<meta property=\"article:modified_time\" content=\"2026-03-02T13:46:53+00:00\" \/>\n<meta property=\"og:image\" content=\"https:\/\/elle-emme.it\/wp-content\/uploads\/2024\/06\/AdobeStock_28702741233-600x560-1.jpg\" \/>\n\t<meta property=\"og:image:width\" content=\"600\" \/>\n\t<meta property=\"og:image:height\" content=\"560\" \/>\n\t<meta property=\"og:image:type\" content=\"image\/jpeg\" \/>\n<meta name=\"twitter:card\" content=\"summary_large_image\" \/>\n<meta name=\"twitter:label1\" content=\"Dur\u00e9e de lecture estim\u00e9e\" \/>\n\t<meta name=\"twitter:data1\" content=\"4 minutes\" \/>\n<script type=\"application\/ld+json\" class=\"yoast-schema-graph\">{\"@context\":\"https:\\\/\\\/schema.org\",\"@graph\":[{\"@type\":\"WebPage\",\"@id\":\"https:\\\/\\\/elle-emme.it\\\/fr\\\/materiaux\\\/\",\"url\":\"https:\\\/\\\/elle-emme.it\\\/fr\\\/materiaux\\\/\",\"name\":\"Mat\u00e9riaux - Elle Emme\",\"isPartOf\":{\"@id\":\"https:\\\/\\\/elle-emme.it\\\/#website\"},\"primaryImageOfPage\":{\"@id\":\"https:\\\/\\\/elle-emme.it\\\/fr\\\/materiaux\\\/#primaryimage\"},\"image\":{\"@id\":\"https:\\\/\\\/elle-emme.it\\\/fr\\\/materiaux\\\/#primaryimage\"},\"thumbnailUrl\":\"https:\\\/\\\/elle-emme.it\\\/wp-content\\\/uploads\\\/2024\\\/06\\\/AdobeStock_28702741233-600x560-1.jpg\",\"datePublished\":\"2024-06-21T16:20:20+00:00\",\"dateModified\":\"2026-03-02T13:46:53+00:00\",\"breadcrumb\":{\"@id\":\"https:\\\/\\\/elle-emme.it\\\/fr\\\/materiaux\\\/#breadcrumb\"},\"inLanguage\":\"fr-FR\",\"potentialAction\":[{\"@type\":\"ReadAction\",\"target\":[\"https:\\\/\\\/elle-emme.it\\\/fr\\\/materiaux\\\/\"]}]},{\"@type\":\"ImageObject\",\"inLanguage\":\"fr-FR\",\"@id\":\"https:\\\/\\\/elle-emme.it\\\/fr\\\/materiaux\\\/#primaryimage\",\"url\":\"https:\\\/\\\/elle-emme.it\\\/wp-content\\\/uploads\\\/2024\\\/06\\\/AdobeStock_28702741233-600x560-1.jpg\",\"contentUrl\":\"https:\\\/\\\/elle-emme.it\\\/wp-content\\\/uploads\\\/2024\\\/06\\\/AdobeStock_28702741233-600x560-1.jpg\",\"width\":600,\"height\":560,\"caption\":\"maglieria in lana\"},{\"@type\":\"BreadcrumbList\",\"@id\":\"https:\\\/\\\/elle-emme.it\\\/fr\\\/materiaux\\\/#breadcrumb\",\"itemListElement\":[{\"@type\":\"ListItem\",\"position\":1,\"name\":\"Home\",\"item\":\"https:\\\/\\\/elle-emme.it\\\/\"},{\"@type\":\"ListItem\",\"position\":2,\"name\":\"Mat\u00e9riaux\"}]},{\"@type\":\"WebSite\",\"@id\":\"https:\\\/\\\/elle-emme.it\\\/#website\",\"url\":\"https:\\\/\\\/elle-emme.it\\\/\",\"name\":\"https:\\\/\\\/elle-emme.it\\\/\",\"description\":\"\",\"publisher\":{\"@id\":\"https:\\\/\\\/elle-emme.it\\\/#organization\"},\"potentialAction\":[{\"@type\":\"SearchAction\",\"target\":{\"@type\":\"EntryPoint\",\"urlTemplate\":\"https:\\\/\\\/elle-emme.it\\\/?s={search_term_string}\"},\"query-input\":{\"@type\":\"PropertyValueSpecification\",\"valueRequired\":true,\"valueName\":\"search_term_string\"}}],\"inLanguage\":\"fr-FR\"},{\"@type\":\"Organization\",\"@id\":\"https:\\\/\\\/elle-emme.it\\\/#organization\",\"name\":\"Elle-Emme\",\"url\":\"https:\\\/\\\/elle-emme.it\\\/\",\"logo\":{\"@type\":\"ImageObject\",\"inLanguage\":\"fr-FR\",\"@id\":\"https:\\\/\\\/elle-emme.it\\\/#\\\/schema\\\/logo\\\/image\\\/\",\"url\":\"https:\\\/\\\/elle-emme.it\\\/wp-content\\\/uploads\\\/2024\\\/03\\\/logo-elle-emme.png\",\"contentUrl\":\"https:\\\/\\\/elle-emme.it\\\/wp-content\\\/uploads\\\/2024\\\/03\\\/logo-elle-emme.png\",\"width\":686,\"height\":63,\"caption\":\"Elle-Emme\"},\"image\":{\"@id\":\"https:\\\/\\\/elle-emme.it\\\/#\\\/schema\\\/logo\\\/image\\\/\"}}]}<\/script>\n<!-- \/ Yoast SEO plugin. -->","yoast_head_json":{"title":"Mat\u00e9riaux - Elle Emme","robots":{"index":"index","follow":"follow","max-snippet":"max-snippet:-1","max-image-preview":"max-image-preview:large","max-video-preview":"max-video-preview:-1"},"canonical":"https:\/\/elle-emme.it\/fr\/materiaux\/","og_locale":"fr_FR","og_type":"article","og_title":"Mat\u00e9riaux - Elle Emme","og_description":"[Cosa Facciamo \/ Materiali] NOUS TRAVAILLONS LA LAINE ET LES FILS FINS AVEC SOIN ET PASSION. Nous sommes des artisans sp\u00e9cialis\u00e9s dans la production de tricots de laine depuis plus de cinquante ans.Nous ne fabriquons nos v\u00eatements qu&rsquo;avec des fils italiens de haute qualit\u00e9.Gr\u00e2ce \u00e0 notre exp\u00e9rience, nous travaillons avec toutes sortes de mati\u00e8res, du [&hellip;]","og_url":"https:\/\/elle-emme.it\/fr\/materiaux\/","og_site_name":"Elle Emme","article_modified_time":"2026-03-02T13:46:53+00:00","og_image":[{"width":600,"height":560,"url":"https:\/\/elle-emme.it\/wp-content\/uploads\/2024\/06\/AdobeStock_28702741233-600x560-1.jpg","type":"image\/jpeg"}],"twitter_card":"summary_large_image","twitter_misc":{"Dur\u00e9e de lecture estim\u00e9e":"4 minutes"},"schema":{"@context":"https:\/\/schema.org","@graph":[{"@type":"WebPage","@id":"https:\/\/elle-emme.it\/fr\/materiaux\/","url":"https:\/\/elle-emme.it\/fr\/materiaux\/","name":"Mat\u00e9riaux - Elle Emme","isPartOf":{"@id":"https:\/\/elle-emme.it\/#website"},"primaryImageOfPage":{"@id":"https:\/\/elle-emme.it\/fr\/materiaux\/#primaryimage"},"image":{"@id":"https:\/\/elle-emme.it\/fr\/materiaux\/#primaryimage"},"thumbnailUrl":"https:\/\/elle-emme.it\/wp-content\/uploads\/2024\/06\/AdobeStock_28702741233-600x560-1.jpg","datePublished":"2024-06-21T16:20:20+00:00","dateModified":"2026-03-02T13:46:53+00:00","breadcrumb":{"@id":"https:\/\/elle-emme.it\/fr\/materiaux\/#breadcrumb"},"inLanguage":"fr-FR","potentialAction":[{"@type":"ReadAction","target":["https:\/\/elle-emme.it\/fr\/materiaux\/"]}]},{"@type":"ImageObject","inLanguage":"fr-FR","@id":"https:\/\/elle-emme.it\/fr\/materiaux\/#primaryimage","url":"https:\/\/elle-emme.it\/wp-content\/uploads\/2024\/06\/AdobeStock_28702741233-600x560-1.jpg","contentUrl":"https:\/\/elle-emme.it\/wp-content\/uploads\/2024\/06\/AdobeStock_28702741233-600x560-1.jpg","width":600,"height":560,"caption":"maglieria in lana"},{"@type":"BreadcrumbList","@id":"https:\/\/elle-emme.it\/fr\/materiaux\/#breadcrumb","itemListElement":[{"@type":"ListItem","position":1,"name":"Home","item":"https:\/\/elle-emme.it\/"},{"@type":"ListItem","position":2,"name":"Mat\u00e9riaux"}]},{"@type":"WebSite","@id":"https:\/\/elle-emme.it\/#website","url":"https:\/\/elle-emme.it\/","name":"https:\/\/elle-emme.it\/","description":"","publisher":{"@id":"https:\/\/elle-emme.it\/#organization"},"potentialAction":[{"@type":"SearchAction","target":{"@type":"EntryPoint","urlTemplate":"https:\/\/elle-emme.it\/?s={search_term_string}"},"query-input":{"@type":"PropertyValueSpecification","valueRequired":true,"valueName":"search_term_string"}}],"inLanguage":"fr-FR"},{"@type":"Organization","@id":"https:\/\/elle-emme.it\/#organization","name":"Elle-Emme","url":"https:\/\/elle-emme.it\/","logo":{"@type":"ImageObject","inLanguage":"fr-FR","@id":"https:\/\/elle-emme.it\/#\/schema\/logo\/image\/","url":"https:\/\/elle-emme.it\/wp-content\/uploads\/2024\/03\/logo-elle-emme.png","contentUrl":"https:\/\/elle-emme.it\/wp-content\/uploads\/2024\/03\/logo-elle-emme.png","width":686,"height":63,"caption":"Elle-Emme"},"image":{"@id":"https:\/\/elle-emme.it\/#\/schema\/logo\/image\/"}}]}},"_links":{"self":[{"href":"https:\/\/elle-emme.it\/fr\/wp-json\/wp\/v2\/pages\/5992","targetHints":{"allow":["GET"]}}],"collection":[{"href":"https:\/\/elle-emme.it\/fr\/wp-json\/wp\/v2\/pages"}],"about":[{"href":"https:\/\/elle-emme.it\/fr\/wp-json\/wp\/v2\/types\/page"}],"author":[{"embeddable":true,"href":"https:\/\/elle-emme.it\/fr\/wp-json\/wp\/v2\/users\/1"}],"replies":[{"embeddable":true,"href":"https:\/\/elle-emme.it\/fr\/wp-json\/wp\/v2\/comments?post=5992"}],"version-history":[{"count":6,"href":"https:\/\/elle-emme.it\/fr\/wp-json\/wp\/v2\/pages\/5992\/revisions"}],"predecessor-version":[{"id":48458,"href":"https:\/\/elle-emme.it\/fr\/wp-json\/wp\/v2\/pages\/5992\/revisions\/48458"}],"wp:featuredmedia":[{"embeddable":true,"href":"https:\/\/elle-emme.it\/fr\/wp-json\/wp\/v2\/media\/5970"}],"wp:attachment":[{"href":"https:\/\/elle-emme.it\/fr\/wp-json\/wp\/v2\/media?parent=5992"}],"curies":[{"name":"wp","href":"https:\/\/api.w.org\/{rel}","templated":true}]}}