{"id":6037,"date":"2024-06-24T09:29:01","date_gmt":"2024-06-24T09:29:01","guid":{"rendered":"https:\/\/tau.landweb.it\/valeurs\/"},"modified":"2024-06-24T13:06:35","modified_gmt":"2024-06-24T13:06:35","slug":"valeurs","status":"publish","type":"page","link":"https:\/\/elle-emme.it\/fr\/valeurs\/","title":{"rendered":"Valeurs"},"content":{"rendered":"\t\t<div data-elementor-type=\"wp-post\" data-elementor-id=\"6037\" class=\"elementor elementor-6037 elementor-5996\">\n\t\t\t\t<div class=\"elementor-element elementor-element-225e50b e-flex e-con-boxed e-con e-parent\" data-id=\"225e50b\" data-element_type=\"container\" data-e-type=\"container\" data-settings=\"{&quot;background_background&quot;:&quot;classic&quot;}\">\n\t\t\t\t\t<div class=\"e-con-inner\">\n\t\t\t\t\t<\/div>\n\t\t\t\t<\/div>\n\t\t<div class=\"elementor-element elementor-element-3b76cc7 e-flex e-con-boxed e-con e-parent\" data-id=\"3b76cc7\" data-element_type=\"container\" data-e-type=\"container\" data-settings=\"{&quot;background_background&quot;:&quot;classic&quot;}\">\n\t\t\t\t\t<div class=\"e-con-inner\">\n\t\t\t\t<div class=\"elementor-element elementor-element-406446a elementor-widget elementor-widget-text-editor\" data-id=\"406446a\" data-element_type=\"widget\" data-e-type=\"widget\" data-widget_type=\"text-editor.default\">\n\t\t\t\t<div class=\"elementor-widget-container\">\n\t\t\t\t\t\t\t\t\t<p>[Chi Siamo \/ Valori]<\/p>\n\t\t\t\t\t\t\t\t<\/div>\n\t\t\t\t<\/div>\n\t\t\t\t<div class=\"elementor-element elementor-element-1d1995a elementor-widget elementor-widget-heading\" data-id=\"1d1995a\" data-element_type=\"widget\" data-e-type=\"widget\" data-widget_type=\"heading.default\">\n\t\t\t\t<div class=\"elementor-widget-container\">\n\t\t\t\t\t<h2 class=\"elementor-heading-title elementor-size-default\">NOS VALEURS : LES ARTISANS, LES HOMMES, LE TERRITOIRE<\/h2>\t\t\t\t<\/div>\n\t\t\t\t<\/div>\n\t\t\t\t<div class=\"elementor-element elementor-element-c216ce4 elementor-widget elementor-widget-text-editor\" data-id=\"c216ce4\" data-element_type=\"widget\" data-e-type=\"widget\" data-widget_type=\"text-editor.default\">\n\t\t\t\t<div class=\"elementor-widget-container\">\n\t\t\t\t\t\t\t\t\t<p>Notre famille et nos artisans sont au c\u0153ur de la fabrique artisanale de tricots Elle Emme, une entreprise compos\u00e9e de personnes et fortement ancr\u00e9e dans le territoire.<br \/>Nous sommes fiers de notre travail et pla\u00e7ons certaines valeurs fondamentales au premier plan :<\/p>\n<p><strong>Respect des personnes et de leur travail<\/strong> : nos produits n&rsquo;existeraient pas sans <a href=\"https:\/\/elle-emme.it\/chi-siamo-artigianalita\/\">nos artisans et leur travail<\/a>, c&rsquo;est pourquoi nous nous effor\u00e7ons chaque jour de cr\u00e9er un lieu de travail harmonieux.<\/p>\n<p><strong>Respect de l&rsquo;environnement<\/strong> : nous nous effor\u00e7ons constamment de r\u00e9duire l&rsquo;impact environnemental de notre activit\u00e9, en utilisant des sources <a href=\"https:\/\/elle-emme.it\/chi-siamo-sostenibilita\/\">d&rsquo;\u00e9nergie renouvelables<\/a> et en privil\u00e9giant l&rsquo;utilisation de fils r\u00e9g\u00e9n\u00e9r\u00e9s ou respectueux de l&rsquo;environnement.<\/p>\n<p><strong>Respect du territoire<\/strong> : le maintien d&rsquo;une cha\u00eene de production stable est important pour pr\u00e9server le professionnalisme et les connaissances qui risqueraient sinon de dispara\u00eetre. C&rsquo;est pourquoi nous travaillons avec des entreprises qui font partie de notre territoire et qui produisent de mani\u00e8re non seulement durable, mais aussi responsable. <\/p>\n<p><strong>Respect du client <\/strong> : nous \u00e9tablissons une relation personnelle de confiance avec chaque client. Nous \u00e9coutons et respectons les demandes, tout en mettant \u00e0 disposition notre exp\u00e9rience et notre savoir-faire. Nous sommes convaincus que ce n&rsquo;est que de cette interaction que peut na\u00eetre la production de tricots de qualit\u00e9.  <\/p>\n\t\t\t\t\t\t\t\t<\/div>\n\t\t\t\t<\/div>\n\t\t<div class=\"elementor-element elementor-element-922fb81 e-grid e-con-boxed e-con e-child\" data-id=\"922fb81\" data-element_type=\"container\" data-e-type=\"container\">\n\t\t\t\t\t<div class=\"e-con-inner\">\n\t\t\t\t<div class=\"elementor-element elementor-element-afd8441 elementor-widget elementor-widget-image\" data-id=\"afd8441\" data-element_type=\"widget\" data-e-type=\"widget\" data-widget_type=\"image.default\">\n\t\t\t\t<div class=\"elementor-widget-container\">\n\t\t\t\t\t\t\t\t\t\t\t\t\t\t\t<img fetchpriority=\"high\" decoding=\"async\" width=\"529\" height=\"408\" src=\"https:\/\/elle-emme.it\/wp-content\/uploads\/2024\/06\/ellemme-sede.jpg\" class=\"attachment-large size-large wp-image-6010\" alt=\"\" srcset=\"https:\/\/elle-emme.it\/wp-content\/uploads\/2024\/06\/ellemme-sede.jpg 529w, https:\/\/elle-emme.it\/wp-content\/uploads\/2024\/06\/ellemme-sede-300x231.jpg 300w\" sizes=\"(max-width: 529px) 100vw, 529px\" \/>\t\t\t\t\t\t\t\t\t\t\t\t\t\t\t<\/div>\n\t\t\t\t<\/div>\n\t\t\t\t<div class=\"elementor-element elementor-element-f2481d4 elementor-widget elementor-widget-image\" data-id=\"f2481d4\" data-element_type=\"widget\" data-e-type=\"widget\" data-widget_type=\"image.default\">\n\t\t\t\t<div class=\"elementor-widget-container\">\n\t\t\t\t\t\t\t\t\t\t\t\t\t\t\t<img decoding=\"async\" width=\"838\" height=\"608\" src=\"https:\/\/elle-emme.it\/wp-content\/uploads\/2024\/06\/ellemme-valori-2.jpg\" class=\"attachment-large size-large wp-image-6016\" alt=\"\" srcset=\"https:\/\/elle-emme.it\/wp-content\/uploads\/2024\/06\/ellemme-valori-2.jpg 838w, https:\/\/elle-emme.it\/wp-content\/uploads\/2024\/06\/ellemme-valori-2-800x580.jpg 800w, https:\/\/elle-emme.it\/wp-content\/uploads\/2024\/06\/ellemme-valori-2-600x435.jpg 600w, https:\/\/elle-emme.it\/wp-content\/uploads\/2024\/06\/ellemme-valori-2-300x218.jpg 300w, https:\/\/elle-emme.it\/wp-content\/uploads\/2024\/06\/ellemme-valori-2-768x557.jpg 768w\" sizes=\"(max-width: 838px) 100vw, 838px\" \/>\t\t\t\t\t\t\t\t\t\t\t\t\t\t\t<\/div>\n\t\t\t\t<\/div>\n\t\t\t\t\t<\/div>\n\t\t\t\t<\/div>\n\t\t<div class=\"elementor-element elementor-element-b8fefac e-grid e-con-boxed e-con e-child\" data-id=\"b8fefac\" data-element_type=\"container\" data-e-type=\"container\">\n\t\t\t\t\t<div class=\"e-con-inner\">\n\t\t\t\t<div class=\"elementor-element elementor-element-7322435 elementor-widget elementor-widget-image\" data-id=\"7322435\" data-element_type=\"widget\" data-e-type=\"widget\" data-widget_type=\"image.default\">\n\t\t\t\t<div class=\"elementor-widget-container\">\n\t\t\t\t\t\t\t\t\t\t\t\t\t\t\t<img decoding=\"async\" width=\"377\" height=\"421\" src=\"https:\/\/elle-emme.it\/wp-content\/uploads\/2024\/06\/ellemme-valori-4.jpg\" class=\"attachment-large size-large wp-image-6022\" alt=\"\" srcset=\"https:\/\/elle-emme.it\/wp-content\/uploads\/2024\/06\/ellemme-valori-4.jpg 377w, https:\/\/elle-emme.it\/wp-content\/uploads\/2024\/06\/ellemme-valori-4-269x300.jpg 269w\" sizes=\"(max-width: 377px) 100vw, 377px\" \/>\t\t\t\t\t\t\t\t\t\t\t\t\t\t\t<\/div>\n\t\t\t\t<\/div>\n\t\t\t\t<div class=\"elementor-element elementor-element-daac75b elementor-widget elementor-widget-image\" data-id=\"daac75b\" data-element_type=\"widget\" data-e-type=\"widget\" data-widget_type=\"image.default\">\n\t\t\t\t<div class=\"elementor-widget-container\">\n\t\t\t\t\t\t\t\t\t\t\t\t\t\t\t<img loading=\"lazy\" decoding=\"async\" width=\"650\" height=\"419\" src=\"https:\/\/elle-emme.it\/wp-content\/uploads\/2024\/06\/ellemme-valori-3.jpg\" class=\"attachment-large size-large wp-image-6019\" alt=\"\" srcset=\"https:\/\/elle-emme.it\/wp-content\/uploads\/2024\/06\/ellemme-valori-3.jpg 650w, https:\/\/elle-emme.it\/wp-content\/uploads\/2024\/06\/ellemme-valori-3-600x387.jpg 600w, https:\/\/elle-emme.it\/wp-content\/uploads\/2024\/06\/ellemme-valori-3-300x193.jpg 300w\" sizes=\"(max-width: 650px) 100vw, 650px\" \/>\t\t\t\t\t\t\t\t\t\t\t\t\t\t\t<\/div>\n\t\t\t\t<\/div>\n\t\t\t\t<div class=\"elementor-element elementor-element-d2fd643 elementor-widget elementor-widget-image\" data-id=\"d2fd643\" data-element_type=\"widget\" data-e-type=\"widget\" data-widget_type=\"image.default\">\n\t\t\t\t<div class=\"elementor-widget-container\">\n\t\t\t\t\t\t\t\t\t\t\t\t\t\t\t<img loading=\"lazy\" decoding=\"async\" width=\"518\" height=\"419\" src=\"https:\/\/elle-emme.it\/wp-content\/uploads\/2024\/06\/ellemme-valori-1.jpg\" class=\"attachment-large size-large wp-image-6013\" alt=\"maglieria italiana\" srcset=\"https:\/\/elle-emme.it\/wp-content\/uploads\/2024\/06\/ellemme-valori-1.jpg 518w, https:\/\/elle-emme.it\/wp-content\/uploads\/2024\/06\/ellemme-valori-1-300x243.jpg 300w\" sizes=\"(max-width: 518px) 100vw, 518px\" \/>\t\t\t\t\t\t\t\t\t\t\t\t\t\t\t<\/div>\n\t\t\t\t<\/div>\n\t\t\t\t\t<\/div>\n\t\t\t\t<\/div>\n\t\t\t\t<div class=\"elementor-element elementor-element-11914e3 elementor-widget elementor-widget-spacer\" data-id=\"11914e3\" data-element_type=\"widget\" data-e-type=\"widget\" data-widget_type=\"spacer.default\">\n\t\t\t\t<div class=\"elementor-widget-container\">\n\t\t\t\t\t\t\t<div class=\"elementor-spacer\">\n\t\t\t<div class=\"elementor-spacer-inner\"><\/div>\n\t\t<\/div>\n\t\t\t\t\t\t<\/div>\n\t\t\t\t<\/div>\n\t\t\t\t<div class=\"elementor-element elementor-element-dfb2a46 elementor-widget elementor-widget-heading\" data-id=\"dfb2a46\" data-element_type=\"widget\" data-e-type=\"widget\" data-widget_type=\"heading.default\">\n\t\t\t\t<div class=\"elementor-widget-container\">\n\t\t\t\t\t<h4 class=\"elementor-heading-title elementor-size-default\">EN SAVOIR PLUS SUR ELLE EMME<\/h4>\t\t\t\t<\/div>\n\t\t\t\t<\/div>\n\t\t<div class=\"elementor-element elementor-element-3f1755e e-grid e-con-boxed e-con e-child\" data-id=\"3f1755e\" data-element_type=\"container\" data-e-type=\"container\">\n\t\t\t\t\t<div class=\"e-con-inner\">\n\t\t\t\t<div class=\"elementor-element elementor-element-fee84c6 elementor-position-top elementor-invisible elementor-widget elementor-widget-image-box\" data-id=\"fee84c6\" data-element_type=\"widget\" data-e-type=\"widget\" data-settings=\"{&quot;_animation&quot;:&quot;fadeInUp&quot;}\" data-widget_type=\"image-box.default\">\n\t\t\t\t<div class=\"elementor-widget-container\">\n\t\t\t\t\t<div class=\"elementor-image-box-wrapper\"><figure class=\"elementor-image-box-img\"><a href=\"https:\/\/elle-emme.it\/fr\/a-propos-de-nous\/\" tabindex=\"-1\"><img loading=\"lazy\" decoding=\"async\" width=\"433\" height=\"580\" src=\"https:\/\/elle-emme.it\/wp-content\/uploads\/2024\/06\/scopri-di-piu-chi-siamo.jpg\" class=\"attachment-full size-full wp-image-6026\" alt=\"Italian Knitwear\" srcset=\"https:\/\/elle-emme.it\/wp-content\/uploads\/2024\/06\/scopri-di-piu-chi-siamo.jpg 433w, https:\/\/elle-emme.it\/wp-content\/uploads\/2024\/06\/scopri-di-piu-chi-siamo-224x300.jpg 224w\" sizes=\"(max-width: 433px) 100vw, 433px\" \/><\/a><\/figure><div class=\"elementor-image-box-content\"><h3 class=\"elementor-image-box-title\"><a href=\"https:\/\/elle-emme.it\/fr\/a-propos-de-nous\/\">QUI SOMMES-NOUS<\/a><\/h3><\/div><\/div>\t\t\t\t<\/div>\n\t\t\t\t<\/div>\n\t\t\t\t<div class=\"elementor-element elementor-element-594c32b elementor-position-top elementor-invisible elementor-widget elementor-widget-image-box\" data-id=\"594c32b\" data-element_type=\"widget\" data-e-type=\"widget\" data-settings=\"{&quot;_animation&quot;:&quot;fadeInUp&quot;,&quot;_animation_delay&quot;:60}\" data-widget_type=\"image-box.default\">\n\t\t\t\t<div class=\"elementor-widget-container\">\n\t\t\t\t\t<div class=\"elementor-image-box-wrapper\"><figure class=\"elementor-image-box-img\"><a href=\"https:\/\/elle-emme.it\/chi-siamo-artigianalita\/\" tabindex=\"-1\"><img loading=\"lazy\" decoding=\"async\" width=\"433\" height=\"580\" src=\"https:\/\/elle-emme.it\/wp-content\/uploads\/2024\/06\/scopri-di-piu-artigianalita.jpg\" class=\"attachment-full size-full wp-image-6023\" alt=\"\" srcset=\"https:\/\/elle-emme.it\/wp-content\/uploads\/2024\/06\/scopri-di-piu-artigianalita.jpg 433w, https:\/\/elle-emme.it\/wp-content\/uploads\/2024\/06\/scopri-di-piu-artigianalita-224x300.jpg 224w\" sizes=\"(max-width: 433px) 100vw, 433px\" \/><\/a><\/figure><div class=\"elementor-image-box-content\"><h3 class=\"elementor-image-box-title\"><a href=\"https:\/\/elle-emme.it\/chi-siamo-artigianalita\/\">ARTISANIT\u00c9<\/a><\/h3><\/div><\/div>\t\t\t\t<\/div>\n\t\t\t\t<\/div>\n\t\t\t\t<div class=\"elementor-element elementor-element-d3daa6b elementor-position-top elementor-invisible elementor-widget elementor-widget-image-box\" data-id=\"d3daa6b\" data-element_type=\"widget\" data-e-type=\"widget\" data-settings=\"{&quot;_animation&quot;:&quot;fadeInUp&quot;,&quot;_animation_delay&quot;:120}\" data-widget_type=\"image-box.default\">\n\t\t\t\t<div class=\"elementor-widget-container\">\n\t\t\t\t\t<div class=\"elementor-image-box-wrapper\"><figure class=\"elementor-image-box-img\"><a href=\"\/chi-siamo-sostenibilita\/\" tabindex=\"-1\"><img loading=\"lazy\" decoding=\"async\" width=\"433\" height=\"580\" src=\"https:\/\/elle-emme.it\/wp-content\/uploads\/2024\/06\/scopri-di-piu-sostenibilita.jpg\" class=\"attachment-full size-full wp-image-6029\" alt=\"\" srcset=\"https:\/\/elle-emme.it\/wp-content\/uploads\/2024\/06\/scopri-di-piu-sostenibilita.jpg 433w, https:\/\/elle-emme.it\/wp-content\/uploads\/2024\/06\/scopri-di-piu-sostenibilita-224x300.jpg 224w\" sizes=\"(max-width: 433px) 100vw, 433px\" \/><\/a><\/figure><div class=\"elementor-image-box-content\"><h3 class=\"elementor-image-box-title\"><a href=\"\/chi-siamo-sostenibilita\/\">DURABILIT\u00c9<\/a><\/h3><\/div><\/div>\t\t\t\t<\/div>\n\t\t\t\t<\/div>\n\t\t\t\t\t<\/div>\n\t\t\t\t<\/div>\n\t\t\t\t\t<\/div>\n\t\t\t\t<\/div>\n\t\t\t\t<\/div>\n\t\t","protected":false},"excerpt":{"rendered":"<p>[Chi Siamo \/ Valori] NOS VALEURS : LES ARTISANS, LES HOMMES, LE TERRITOIRE Notre famille et nos artisans sont au c\u0153ur de la fabrique artisanale de tricots Elle Emme, une entreprise compos\u00e9e de personnes et fortement ancr\u00e9e dans le territoire.Nous sommes fiers de notre travail et pla\u00e7ons certaines valeurs fondamentales au premier plan : Respect [&hellip;]<\/p>\n","protected":false},"author":1,"featured_media":0,"parent":0,"menu_order":0,"comment_status":"closed","ping_status":"closed","template":"","meta":{"footnotes":""},"class_list":["post-6037","page","type-page","status-publish","hentry"],"blocksy_meta":[],"yoast_head":"<!-- This site is optimized with the Yoast SEO plugin v27.4 - https:\/\/yoast.com\/product\/yoast-seo-wordpress\/ -->\n<title>Valeurs - Elle Emme<\/title>\n<meta name=\"robots\" content=\"index, follow, max-snippet:-1, max-image-preview:large, max-video-preview:-1\" \/>\n<link rel=\"canonical\" href=\"https:\/\/elle-emme.it\/fr\/valeurs\/\" \/>\n<meta property=\"og:locale\" content=\"fr_FR\" \/>\n<meta property=\"og:type\" content=\"article\" \/>\n<meta property=\"og:title\" content=\"Valeurs - Elle Emme\" \/>\n<meta property=\"og:description\" content=\"[Chi Siamo \/ Valori] NOS VALEURS : LES ARTISANS, LES HOMMES, LE TERRITOIRE Notre famille et nos artisans sont au c\u0153ur de la fabrique artisanale de tricots Elle Emme, une entreprise compos\u00e9e de personnes et fortement ancr\u00e9e dans le territoire.Nous sommes fiers de notre travail et pla\u00e7ons certaines valeurs fondamentales au premier plan : Respect [&hellip;]\" \/>\n<meta property=\"og:url\" content=\"https:\/\/elle-emme.it\/fr\/valeurs\/\" \/>\n<meta property=\"og:site_name\" content=\"Elle Emme\" \/>\n<meta property=\"article:modified_time\" content=\"2024-06-24T13:06:35+00:00\" \/>\n<meta property=\"og:image\" content=\"https:\/\/elle-emme.it\/wp-content\/uploads\/2024\/06\/ellemme-sede.jpg\" \/>\n\t<meta property=\"og:image:width\" content=\"529\" \/>\n\t<meta property=\"og:image:height\" content=\"408\" \/>\n\t<meta property=\"og:image:type\" content=\"image\/jpeg\" \/>\n<meta name=\"twitter:card\" content=\"summary_large_image\" \/>\n<meta name=\"twitter:label1\" content=\"Dur\u00e9e de lecture estim\u00e9e\" \/>\n\t<meta name=\"twitter:data1\" content=\"1 minute\" \/>\n<script type=\"application\/ld+json\" class=\"yoast-schema-graph\">{\"@context\":\"https:\\\/\\\/schema.org\",\"@graph\":[{\"@type\":\"WebPage\",\"@id\":\"https:\\\/\\\/elle-emme.it\\\/fr\\\/valeurs\\\/\",\"url\":\"https:\\\/\\\/elle-emme.it\\\/fr\\\/valeurs\\\/\",\"name\":\"Valeurs - Elle Emme\",\"isPartOf\":{\"@id\":\"https:\\\/\\\/elle-emme.it\\\/#website\"},\"primaryImageOfPage\":{\"@id\":\"https:\\\/\\\/elle-emme.it\\\/fr\\\/valeurs\\\/#primaryimage\"},\"image\":{\"@id\":\"https:\\\/\\\/elle-emme.it\\\/fr\\\/valeurs\\\/#primaryimage\"},\"thumbnailUrl\":\"https:\\\/\\\/elle-emme.it\\\/wp-content\\\/uploads\\\/2024\\\/06\\\/ellemme-sede.jpg\",\"datePublished\":\"2024-06-24T09:29:01+00:00\",\"dateModified\":\"2024-06-24T13:06:35+00:00\",\"breadcrumb\":{\"@id\":\"https:\\\/\\\/elle-emme.it\\\/fr\\\/valeurs\\\/#breadcrumb\"},\"inLanguage\":\"fr-FR\",\"potentialAction\":[{\"@type\":\"ReadAction\",\"target\":[\"https:\\\/\\\/elle-emme.it\\\/fr\\\/valeurs\\\/\"]}]},{\"@type\":\"ImageObject\",\"inLanguage\":\"fr-FR\",\"@id\":\"https:\\\/\\\/elle-emme.it\\\/fr\\\/valeurs\\\/#primaryimage\",\"url\":\"https:\\\/\\\/elle-emme.it\\\/wp-content\\\/uploads\\\/2024\\\/06\\\/ellemme-sede.jpg\",\"contentUrl\":\"https:\\\/\\\/elle-emme.it\\\/wp-content\\\/uploads\\\/2024\\\/06\\\/ellemme-sede.jpg\"},{\"@type\":\"BreadcrumbList\",\"@id\":\"https:\\\/\\\/elle-emme.it\\\/fr\\\/valeurs\\\/#breadcrumb\",\"itemListElement\":[{\"@type\":\"ListItem\",\"position\":1,\"name\":\"Home\",\"item\":\"https:\\\/\\\/elle-emme.it\\\/\"},{\"@type\":\"ListItem\",\"position\":2,\"name\":\"Valeurs\"}]},{\"@type\":\"WebSite\",\"@id\":\"https:\\\/\\\/elle-emme.it\\\/#website\",\"url\":\"https:\\\/\\\/elle-emme.it\\\/\",\"name\":\"https:\\\/\\\/elle-emme.it\\\/\",\"description\":\"\",\"publisher\":{\"@id\":\"https:\\\/\\\/elle-emme.it\\\/#organization\"},\"potentialAction\":[{\"@type\":\"SearchAction\",\"target\":{\"@type\":\"EntryPoint\",\"urlTemplate\":\"https:\\\/\\\/elle-emme.it\\\/?s={search_term_string}\"},\"query-input\":{\"@type\":\"PropertyValueSpecification\",\"valueRequired\":true,\"valueName\":\"search_term_string\"}}],\"inLanguage\":\"fr-FR\"},{\"@type\":\"Organization\",\"@id\":\"https:\\\/\\\/elle-emme.it\\\/#organization\",\"name\":\"Elle-Emme\",\"url\":\"https:\\\/\\\/elle-emme.it\\\/\",\"logo\":{\"@type\":\"ImageObject\",\"inLanguage\":\"fr-FR\",\"@id\":\"https:\\\/\\\/elle-emme.it\\\/#\\\/schema\\\/logo\\\/image\\\/\",\"url\":\"https:\\\/\\\/elle-emme.it\\\/wp-content\\\/uploads\\\/2024\\\/03\\\/logo-elle-emme.png\",\"contentUrl\":\"https:\\\/\\\/elle-emme.it\\\/wp-content\\\/uploads\\\/2024\\\/03\\\/logo-elle-emme.png\",\"width\":686,\"height\":63,\"caption\":\"Elle-Emme\"},\"image\":{\"@id\":\"https:\\\/\\\/elle-emme.it\\\/#\\\/schema\\\/logo\\\/image\\\/\"}}]}<\/script>\n<!-- \/ Yoast SEO plugin. -->","yoast_head_json":{"title":"Valeurs - Elle Emme","robots":{"index":"index","follow":"follow","max-snippet":"max-snippet:-1","max-image-preview":"max-image-preview:large","max-video-preview":"max-video-preview:-1"},"canonical":"https:\/\/elle-emme.it\/fr\/valeurs\/","og_locale":"fr_FR","og_type":"article","og_title":"Valeurs - Elle Emme","og_description":"[Chi Siamo \/ Valori] NOS VALEURS : LES ARTISANS, LES HOMMES, LE TERRITOIRE Notre famille et nos artisans sont au c\u0153ur de la fabrique artisanale de tricots Elle Emme, une entreprise compos\u00e9e de personnes et fortement ancr\u00e9e dans le territoire.Nous sommes fiers de notre travail et pla\u00e7ons certaines valeurs fondamentales au premier plan : Respect [&hellip;]","og_url":"https:\/\/elle-emme.it\/fr\/valeurs\/","og_site_name":"Elle Emme","article_modified_time":"2024-06-24T13:06:35+00:00","og_image":[{"width":529,"height":408,"url":"https:\/\/elle-emme.it\/wp-content\/uploads\/2024\/06\/ellemme-sede.jpg","type":"image\/jpeg"}],"twitter_card":"summary_large_image","twitter_misc":{"Dur\u00e9e de lecture estim\u00e9e":"1 minute"},"schema":{"@context":"https:\/\/schema.org","@graph":[{"@type":"WebPage","@id":"https:\/\/elle-emme.it\/fr\/valeurs\/","url":"https:\/\/elle-emme.it\/fr\/valeurs\/","name":"Valeurs - Elle Emme","isPartOf":{"@id":"https:\/\/elle-emme.it\/#website"},"primaryImageOfPage":{"@id":"https:\/\/elle-emme.it\/fr\/valeurs\/#primaryimage"},"image":{"@id":"https:\/\/elle-emme.it\/fr\/valeurs\/#primaryimage"},"thumbnailUrl":"https:\/\/elle-emme.it\/wp-content\/uploads\/2024\/06\/ellemme-sede.jpg","datePublished":"2024-06-24T09:29:01+00:00","dateModified":"2024-06-24T13:06:35+00:00","breadcrumb":{"@id":"https:\/\/elle-emme.it\/fr\/valeurs\/#breadcrumb"},"inLanguage":"fr-FR","potentialAction":[{"@type":"ReadAction","target":["https:\/\/elle-emme.it\/fr\/valeurs\/"]}]},{"@type":"ImageObject","inLanguage":"fr-FR","@id":"https:\/\/elle-emme.it\/fr\/valeurs\/#primaryimage","url":"https:\/\/elle-emme.it\/wp-content\/uploads\/2024\/06\/ellemme-sede.jpg","contentUrl":"https:\/\/elle-emme.it\/wp-content\/uploads\/2024\/06\/ellemme-sede.jpg"},{"@type":"BreadcrumbList","@id":"https:\/\/elle-emme.it\/fr\/valeurs\/#breadcrumb","itemListElement":[{"@type":"ListItem","position":1,"name":"Home","item":"https:\/\/elle-emme.it\/"},{"@type":"ListItem","position":2,"name":"Valeurs"}]},{"@type":"WebSite","@id":"https:\/\/elle-emme.it\/#website","url":"https:\/\/elle-emme.it\/","name":"https:\/\/elle-emme.it\/","description":"","publisher":{"@id":"https:\/\/elle-emme.it\/#organization"},"potentialAction":[{"@type":"SearchAction","target":{"@type":"EntryPoint","urlTemplate":"https:\/\/elle-emme.it\/?s={search_term_string}"},"query-input":{"@type":"PropertyValueSpecification","valueRequired":true,"valueName":"search_term_string"}}],"inLanguage":"fr-FR"},{"@type":"Organization","@id":"https:\/\/elle-emme.it\/#organization","name":"Elle-Emme","url":"https:\/\/elle-emme.it\/","logo":{"@type":"ImageObject","inLanguage":"fr-FR","@id":"https:\/\/elle-emme.it\/#\/schema\/logo\/image\/","url":"https:\/\/elle-emme.it\/wp-content\/uploads\/2024\/03\/logo-elle-emme.png","contentUrl":"https:\/\/elle-emme.it\/wp-content\/uploads\/2024\/03\/logo-elle-emme.png","width":686,"height":63,"caption":"Elle-Emme"},"image":{"@id":"https:\/\/elle-emme.it\/#\/schema\/logo\/image\/"}}]}},"_links":{"self":[{"href":"https:\/\/elle-emme.it\/fr\/wp-json\/wp\/v2\/pages\/6037","targetHints":{"allow":["GET"]}}],"collection":[{"href":"https:\/\/elle-emme.it\/fr\/wp-json\/wp\/v2\/pages"}],"about":[{"href":"https:\/\/elle-emme.it\/fr\/wp-json\/wp\/v2\/types\/page"}],"author":[{"embeddable":true,"href":"https:\/\/elle-emme.it\/fr\/wp-json\/wp\/v2\/users\/1"}],"replies":[{"embeddable":true,"href":"https:\/\/elle-emme.it\/fr\/wp-json\/wp\/v2\/comments?post=6037"}],"version-history":[{"count":0,"href":"https:\/\/elle-emme.it\/fr\/wp-json\/wp\/v2\/pages\/6037\/revisions"}],"wp:attachment":[{"href":"https:\/\/elle-emme.it\/fr\/wp-json\/wp\/v2\/media?parent=6037"}],"curies":[{"name":"wp","href":"https:\/\/api.w.org\/{rel}","templated":true}]}}