{"id":6078,"date":"2024-06-24T13:00:12","date_gmt":"2024-06-24T13:00:12","guid":{"rendered":"https:\/\/tau.landweb.it\/artisanat\/"},"modified":"2026-04-08T20:49:10","modified_gmt":"2026-04-08T20:49:10","slug":"artisanat","status":"publish","type":"page","link":"https:\/\/elle-emme.it\/fr\/artisanat\/","title":{"rendered":"Artisanat"},"content":{"rendered":"\t\t<div data-elementor-type=\"wp-post\" data-elementor-id=\"6078\" class=\"elementor elementor-6078 elementor-6040\">\n\t\t\t\t<div class=\"elementor-element elementor-element-225e50b e-flex e-con-boxed e-con e-parent\" data-id=\"225e50b\" data-element_type=\"container\" data-e-type=\"container\" data-settings=\"{&quot;background_background&quot;:&quot;classic&quot;}\">\n\t\t\t\t\t<div class=\"e-con-inner\">\n\t\t\t\t\t<\/div>\n\t\t\t\t<\/div>\n\t\t<div class=\"elementor-element elementor-element-3b76cc7 e-flex e-con-boxed e-con e-parent\" data-id=\"3b76cc7\" data-element_type=\"container\" data-e-type=\"container\" data-settings=\"{&quot;background_background&quot;:&quot;classic&quot;}\">\n\t\t\t\t\t<div class=\"e-con-inner\">\n\t\t\t\t<div class=\"elementor-element elementor-element-406446a elementor-widget elementor-widget-text-editor\" data-id=\"406446a\" data-element_type=\"widget\" data-e-type=\"widget\" data-widget_type=\"text-editor.default\">\n\t\t\t\t<div class=\"elementor-widget-container\">\n\t\t\t\t\t\t\t\t\t<p>[\u00c0 propos de nous \/ Savoir-faire]<\/p>\t\t\t\t\t\t\t\t<\/div>\n\t\t\t\t<\/div>\n\t\t\t\t<div class=\"elementor-element elementor-element-1d1995a elementor-widget elementor-widget-heading\" data-id=\"1d1995a\" data-element_type=\"widget\" data-e-type=\"widget\" data-widget_type=\"heading.default\">\n\t\t\t\t<div class=\"elementor-widget-container\">\n\t\t\t\t\t<h2 class=\"elementor-heading-title elementor-size-default\">L\u2019ARTISANAT EST DANS NOTRE ADN<\/h2>\t\t\t\t<\/div>\n\t\t\t\t<\/div>\n\t\t\t\t<div class=\"elementor-element elementor-element-c216ce4 elementor-widget elementor-widget-text-editor\" data-id=\"c216ce4\" data-element_type=\"widget\" data-e-type=\"widget\" data-widget_type=\"text-editor.default\">\n\t\t\t\t<div class=\"elementor-widget-container\">\n\t\t\t\t\t\t\t\t\t<p data-start=\"138\" data-end=\"547\">Le savoir-faire artisanal est au c\u0153ur de la production de tricots Elle-Emme. Forts d&rsquo;une longue tradition, nos artisans, gr\u00e2ce \u00e0 leurs mains expertes, transforment chaque pi\u00e8ce en un parfait \u00e9quilibre entre qualit\u00e9 et innovation. Le respect des techniques artisanales s&rsquo;allie \u00e0 une volont\u00e9 d&rsquo;exp\u00e9rimenter de nouvelles solutions, donnant naissance \u00e0 des produits qui incarnent l&rsquo;excellence du Made in Italy.  <\/p><p data-start=\"549\" data-end=\"952\">Gr\u00e2ce \u00e0 nos efforts constants en recherche et d\u00e9veloppement, nous ma\u00eetrisons toutes les \u00e9tapes de la production, garantissant ainsi des standards de qualit\u00e9 \u00e9lev\u00e9s. Notre entreprise se distingue par sa capacit\u00e9 \u00e0 allier la qualit\u00e9 de la production industrielle de tricots \u00e0 la flexibilit\u00e9 propre \u00e0 une entreprise artisanale, offrant des solutions sur mesure aux marques et entreprises du secteur. <\/p><p data-start=\"954\" data-end=\"1355\">Malgr\u00e9 notre approche novatrice, nous restons fid\u00e8les \u00e0 notre identit\u00e9 de manufacture artisanale de tricots, qui se traduit par la s\u00e9lection des plus beaux fils italiens, un souci du d\u00e9tail m\u00e9ticuleux et un savoir-faire passionn\u00e9. Chaque pi\u00e8ce est le fruit d&rsquo;un processus alliant artisanat, exp\u00e9rience et technologies de pointe, pour un r\u00e9sultat impeccable. <\/p><p data-start=\"1357\" data-end=\"1837\">Nous offrons \u00e0 nos clients la garantie de v\u00eatements confectionn\u00e9s selon des proc\u00e9d\u00e9s industriels, mais finis avec un soin artisanal, enti\u00e8rement produits au sein du tissu manufacturier toscan. Notre structure dynamique et notre int\u00e9gration dans une cha\u00eene d&rsquo;approvisionnement locale nous permettent de r\u00e9pondre \u00e0 toutes les demandes : des petits \u00e9chantillons aux prototypes, en passant par la production en marque blanche, en petites ou grandes s\u00e9ries. <\/p><p data-start=\"1839\" data-end=\"2137\">De la s\u00e9lection des fils \u00e0 la cr\u00e9ation des prototypes, jusqu&rsquo;\u00e0 l&#8217;emballage final, nous nous appuyons sur le savoir-faire de nos artisans et la tradition du Made in Italy. Le r\u00e9sultat ? Des tricots de qualit\u00e9, soign\u00e9s dans les moindres d\u00e9tails et con\u00e7us pour durer.  <\/p>\t\t\t\t\t\t\t\t<\/div>\n\t\t\t\t<\/div>\n\t\t<div class=\"elementor-element elementor-element-922fb81 e-grid e-con-boxed e-con e-child\" data-id=\"922fb81\" data-element_type=\"container\" data-e-type=\"container\">\n\t\t\t\t\t<div class=\"e-con-inner\">\n\t\t\t\t<div class=\"elementor-element elementor-element-afd8441 elementor-widget elementor-widget-image\" data-id=\"afd8441\" data-element_type=\"widget\" data-e-type=\"widget\" data-widget_type=\"image.default\">\n\t\t\t\t<div class=\"elementor-widget-container\">\n\t\t\t\t\t\t\t\t\t\t\t\t\t\t\t<img fetchpriority=\"high\" decoding=\"async\" width=\"529\" height=\"408\" src=\"https:\/\/elle-emme.it\/wp-content\/uploads\/2024\/06\/ellemme-artigianalita-1.jpg\" class=\"attachment-large size-large wp-image-6047\" alt=\"Italian Knitwear\" srcset=\"https:\/\/elle-emme.it\/wp-content\/uploads\/2024\/06\/ellemme-artigianalita-1.jpg 529w, https:\/\/elle-emme.it\/wp-content\/uploads\/2024\/06\/ellemme-artigianalita-1-300x231.jpg 300w\" sizes=\"(max-width: 529px) 100vw, 529px\" \/>\t\t\t\t\t\t\t\t\t\t\t\t\t\t\t<\/div>\n\t\t\t\t<\/div>\n\t\t\t\t<div class=\"elementor-element elementor-element-f2481d4 elementor-widget elementor-widget-image\" data-id=\"f2481d4\" data-element_type=\"widget\" data-e-type=\"widget\" data-widget_type=\"image.default\">\n\t\t\t\t<div class=\"elementor-widget-container\">\n\t\t\t\t\t\t\t\t\t\t\t\t\t\t\t<img decoding=\"async\" width=\"838\" height=\"608\" src=\"https:\/\/elle-emme.it\/wp-content\/uploads\/2024\/06\/ellemme-artigianalita-2.jpg\" class=\"attachment-large size-large wp-image-6050\" alt=\"Italian Knitwear\" srcset=\"https:\/\/elle-emme.it\/wp-content\/uploads\/2024\/06\/ellemme-artigianalita-2.jpg 838w, https:\/\/elle-emme.it\/wp-content\/uploads\/2024\/06\/ellemme-artigianalita-2-800x580.jpg 800w, https:\/\/elle-emme.it\/wp-content\/uploads\/2024\/06\/ellemme-artigianalita-2-600x435.jpg 600w, https:\/\/elle-emme.it\/wp-content\/uploads\/2024\/06\/ellemme-artigianalita-2-300x218.jpg 300w, https:\/\/elle-emme.it\/wp-content\/uploads\/2024\/06\/ellemme-artigianalita-2-768x557.jpg 768w\" sizes=\"(max-width: 838px) 100vw, 838px\" \/>\t\t\t\t\t\t\t\t\t\t\t\t\t\t\t<\/div>\n\t\t\t\t<\/div>\n\t\t\t\t\t<\/div>\n\t\t\t\t<\/div>\n\t\t<div class=\"elementor-element elementor-element-b8fefac e-grid e-con-boxed e-con e-child\" data-id=\"b8fefac\" data-element_type=\"container\" data-e-type=\"container\">\n\t\t\t\t\t<div class=\"e-con-inner\">\n\t\t\t\t<div class=\"elementor-element elementor-element-7322435 elementor-widget elementor-widget-image\" data-id=\"7322435\" data-element_type=\"widget\" data-e-type=\"widget\" data-widget_type=\"image.default\">\n\t\t\t\t<div class=\"elementor-widget-container\">\n\t\t\t\t\t\t\t\t\t\t\t\t\t\t\t<img decoding=\"async\" width=\"377\" height=\"421\" src=\"https:\/\/elle-emme.it\/wp-content\/uploads\/2024\/06\/ellemme-artigianalita-5.jpg\" class=\"attachment-large size-large wp-image-6059\" alt=\"artigianalit\u00e0\" srcset=\"https:\/\/elle-emme.it\/wp-content\/uploads\/2024\/06\/ellemme-artigianalita-5.jpg 377w, https:\/\/elle-emme.it\/wp-content\/uploads\/2024\/06\/ellemme-artigianalita-5-269x300.jpg 269w\" sizes=\"(max-width: 377px) 100vw, 377px\" \/>\t\t\t\t\t\t\t\t\t\t\t\t\t\t\t<\/div>\n\t\t\t\t<\/div>\n\t\t\t\t<div class=\"elementor-element elementor-element-daac75b elementor-widget elementor-widget-image\" data-id=\"daac75b\" data-element_type=\"widget\" data-e-type=\"widget\" data-widget_type=\"image.default\">\n\t\t\t\t<div class=\"elementor-widget-container\">\n\t\t\t\t\t\t\t\t\t\t\t\t\t\t\t<img loading=\"lazy\" decoding=\"async\" width=\"650\" height=\"419\" src=\"https:\/\/elle-emme.it\/wp-content\/uploads\/2024\/06\/ellemme-artigianalita-4.jpg\" class=\"attachment-large size-large wp-image-6056\" alt=\"artigianalit\u00e0\" srcset=\"https:\/\/elle-emme.it\/wp-content\/uploads\/2024\/06\/ellemme-artigianalita-4.jpg 650w, https:\/\/elle-emme.it\/wp-content\/uploads\/2024\/06\/ellemme-artigianalita-4-600x387.jpg 600w, https:\/\/elle-emme.it\/wp-content\/uploads\/2024\/06\/ellemme-artigianalita-4-300x193.jpg 300w\" sizes=\"(max-width: 650px) 100vw, 650px\" \/>\t\t\t\t\t\t\t\t\t\t\t\t\t\t\t<\/div>\n\t\t\t\t<\/div>\n\t\t\t\t<div class=\"elementor-element elementor-element-d2fd643 elementor-widget elementor-widget-image\" data-id=\"d2fd643\" data-element_type=\"widget\" data-e-type=\"widget\" data-widget_type=\"image.default\">\n\t\t\t\t<div class=\"elementor-widget-container\">\n\t\t\t\t\t\t\t\t\t\t\t\t\t\t\t<img loading=\"lazy\" decoding=\"async\" width=\"518\" height=\"419\" src=\"https:\/\/elle-emme.it\/wp-content\/uploads\/2024\/06\/ellemme-artigianalita-3.jpg\" class=\"attachment-large size-large wp-image-6053\" alt=\"artigianalit\u00e0\" srcset=\"https:\/\/elle-emme.it\/wp-content\/uploads\/2024\/06\/ellemme-artigianalita-3.jpg 518w, https:\/\/elle-emme.it\/wp-content\/uploads\/2024\/06\/ellemme-artigianalita-3-300x243.jpg 300w\" sizes=\"(max-width: 518px) 100vw, 518px\" \/>\t\t\t\t\t\t\t\t\t\t\t\t\t\t\t<\/div>\n\t\t\t\t<\/div>\n\t\t\t\t\t<\/div>\n\t\t\t\t<\/div>\n\t\t\t\t<div class=\"elementor-element elementor-element-11914e3 elementor-widget elementor-widget-spacer\" data-id=\"11914e3\" data-element_type=\"widget\" data-e-type=\"widget\" data-widget_type=\"spacer.default\">\n\t\t\t\t<div class=\"elementor-widget-container\">\n\t\t\t\t\t\t\t<div class=\"elementor-spacer\">\n\t\t\t<div class=\"elementor-spacer-inner\"><\/div>\n\t\t<\/div>\n\t\t\t\t\t\t<\/div>\n\t\t\t\t<\/div>\n\t\t\t\t<div class=\"elementor-element elementor-element-dfb2a46 elementor-widget elementor-widget-heading\" data-id=\"dfb2a46\" data-element_type=\"widget\" data-e-type=\"widget\" data-widget_type=\"heading.default\">\n\t\t\t\t<div class=\"elementor-widget-container\">\n\t\t\t\t\t<h4 class=\"elementor-heading-title elementor-size-default\">EN SAVOIR PLUS SUR ELLE EMME<\/h4>\t\t\t\t<\/div>\n\t\t\t\t<\/div>\n\t\t<div class=\"elementor-element elementor-element-3f1755e e-grid e-con-boxed e-con e-child\" data-id=\"3f1755e\" data-element_type=\"container\" data-e-type=\"container\">\n\t\t\t\t\t<div class=\"e-con-inner\">\n\t\t\t\t<div class=\"elementor-element elementor-element-fee84c6 elementor-position-top elementor-invisible elementor-widget elementor-widget-image-box\" data-id=\"fee84c6\" data-element_type=\"widget\" data-e-type=\"widget\" data-settings=\"{&quot;_animation&quot;:&quot;fadeInUp&quot;}\" data-widget_type=\"image-box.default\">\n\t\t\t\t<div class=\"elementor-widget-container\">\n\t\t\t\t\t<div class=\"elementor-image-box-wrapper\"><figure class=\"elementor-image-box-img\"><a href=\"https:\/\/elle-emme.it\/fr\/a-propos-de-nous\/\" tabindex=\"-1\"><img loading=\"lazy\" decoding=\"async\" width=\"433\" height=\"580\" src=\"https:\/\/elle-emme.it\/wp-content\/uploads\/2024\/06\/scopri-di-piu-chi-siamo.jpg\" class=\"attachment-full size-full wp-image-6028\" alt=\"Italian Knitwear\" srcset=\"https:\/\/elle-emme.it\/wp-content\/uploads\/2024\/06\/scopri-di-piu-chi-siamo.jpg 433w, https:\/\/elle-emme.it\/wp-content\/uploads\/2024\/06\/scopri-di-piu-chi-siamo-224x300.jpg 224w\" sizes=\"(max-width: 433px) 100vw, 433px\" \/><\/a><\/figure><div class=\"elementor-image-box-content\"><h3 class=\"elementor-image-box-title\"><a href=\"https:\/\/elle-emme.it\/fr\/a-propos-de-nous\/\">QUI SOMMES-NOUS<\/a><\/h3><\/div><\/div>\t\t\t\t<\/div>\n\t\t\t\t<\/div>\n\t\t\t\t<div class=\"elementor-element elementor-element-594c32b elementor-position-top elementor-invisible elementor-widget elementor-widget-image-box\" data-id=\"594c32b\" data-element_type=\"widget\" data-e-type=\"widget\" data-settings=\"{&quot;_animation&quot;:&quot;fadeInUp&quot;,&quot;_animation_delay&quot;:60}\" data-widget_type=\"image-box.default\">\n\t\t\t\t<div class=\"elementor-widget-container\">\n\t\t\t\t\t<div class=\"elementor-image-box-wrapper\"><figure class=\"elementor-image-box-img\"><a href=\"https:\/\/elle-emme.it\/fr\/valeurs\/\" tabindex=\"-1\"><img loading=\"lazy\" decoding=\"async\" width=\"433\" height=\"580\" src=\"https:\/\/elle-emme.it\/wp-content\/uploads\/2024\/06\/ellemme-valori.jpg\" class=\"attachment-full size-full wp-image-6044\" alt=\"Italian Knitwear\" srcset=\"https:\/\/elle-emme.it\/wp-content\/uploads\/2024\/06\/ellemme-valori.jpg 433w, https:\/\/elle-emme.it\/wp-content\/uploads\/2024\/06\/ellemme-valori-224x300.jpg 224w\" sizes=\"(max-width: 433px) 100vw, 433px\" \/><\/a><\/figure><div class=\"elementor-image-box-content\"><h3 class=\"elementor-image-box-title\"><a href=\"https:\/\/elle-emme.it\/fr\/valeurs\/\">VALEURS<\/a><\/h3><\/div><\/div>\t\t\t\t<\/div>\n\t\t\t\t<\/div>\n\t\t\t\t<div class=\"elementor-element elementor-element-d3daa6b elementor-position-top elementor-invisible elementor-widget elementor-widget-image-box\" data-id=\"d3daa6b\" data-element_type=\"widget\" data-e-type=\"widget\" data-settings=\"{&quot;_animation&quot;:&quot;fadeInUp&quot;,&quot;_animation_delay&quot;:120}\" data-widget_type=\"image-box.default\">\n\t\t\t\t<div class=\"elementor-widget-container\">\n\t\t\t\t\t<div class=\"elementor-image-box-wrapper\"><figure class=\"elementor-image-box-img\"><a href=\"https:\/\/elle-emme.it\/fr\/durabilite\/\" tabindex=\"-1\"><img loading=\"lazy\" decoding=\"async\" width=\"433\" height=\"580\" src=\"https:\/\/elle-emme.it\/wp-content\/uploads\/2024\/06\/scopri-di-piu-sostenibilita.jpg\" class=\"attachment-full size-full wp-image-6031\" alt=\"\" srcset=\"https:\/\/elle-emme.it\/wp-content\/uploads\/2024\/06\/scopri-di-piu-sostenibilita.jpg 433w, https:\/\/elle-emme.it\/wp-content\/uploads\/2024\/06\/scopri-di-piu-sostenibilita-224x300.jpg 224w\" sizes=\"(max-width: 433px) 100vw, 433px\" \/><\/a><\/figure><div class=\"elementor-image-box-content\"><h3 class=\"elementor-image-box-title\"><a href=\"https:\/\/elle-emme.it\/fr\/durabilite\/\">DURABILIT\u00c9<\/a><\/h3><\/div><\/div>\t\t\t\t<\/div>\n\t\t\t\t<\/div>\n\t\t\t\t\t<\/div>\n\t\t\t\t<\/div>\n\t\t\t\t\t<\/div>\n\t\t\t\t<\/div>\n\t\t\t\t<\/div>\n\t\t","protected":false},"excerpt":{"rendered":"<p>[\u00c0 propos de nous \/ Savoir-faire] L\u2019ARTISANAT EST DANS NOTRE ADN Le savoir-faire artisanal est au c\u0153ur de la production de tricots Elle-Emme. Forts d&rsquo;une longue tradition, nos artisans, gr\u00e2ce \u00e0 leurs mains expertes, transforment chaque pi\u00e8ce en un parfait \u00e9quilibre entre qualit\u00e9 et innovation. Le respect des techniques artisanales s&rsquo;allie \u00e0 une volont\u00e9 d&rsquo;exp\u00e9rimenter [&hellip;]<\/p>\n","protected":false},"author":1,"featured_media":0,"parent":0,"menu_order":0,"comment_status":"closed","ping_status":"closed","template":"","meta":{"footnotes":""},"class_list":["post-6078","page","type-page","status-publish","hentry"],"blocksy_meta":{"has_hero_section":"disabled","styles_descriptor":{"styles":{"desktop":"","tablet":"","mobile":""},"google_fonts":[],"version":6}},"yoast_head":"<!-- This site is optimized with the Yoast SEO plugin v27.4 - https:\/\/yoast.com\/product\/yoast-seo-wordpress\/ -->\n<title>L&#039;artisanat du tricot italien | Elle-Emme<\/title>\n<meta name=\"description\" content=\"D\u00e9couvrez le savoir-faire italien en mati\u00e8re de tricot avec Elle-Emme : qualit\u00e9, exp\u00e9rience et passion dans la production de v\u00eatements tricot\u00e9s.\" \/>\n<meta name=\"robots\" content=\"index, follow, max-snippet:-1, max-image-preview:large, max-video-preview:-1\" \/>\n<link rel=\"canonical\" href=\"https:\/\/elle-emme.it\/fr\/artisanat\/\" \/>\n<meta property=\"og:locale\" content=\"fr_FR\" \/>\n<meta property=\"og:type\" content=\"article\" \/>\n<meta property=\"og:title\" content=\"L&#039;artisanat du tricot italien | Elle-Emme\" \/>\n<meta property=\"og:description\" content=\"D\u00e9couvrez le savoir-faire italien en mati\u00e8re de tricot avec Elle-Emme : qualit\u00e9, exp\u00e9rience et passion dans la production de v\u00eatements tricot\u00e9s.\" \/>\n<meta property=\"og:url\" content=\"https:\/\/elle-emme.it\/fr\/artisanat\/\" \/>\n<meta property=\"og:site_name\" content=\"Elle Emme\" \/>\n<meta property=\"article:modified_time\" content=\"2026-04-08T20:49:10+00:00\" \/>\n<meta property=\"og:image\" content=\"https:\/\/elle-emme.it\/wp-content\/uploads\/2024\/06\/ellemme-artigianalita-1.jpg\" \/>\n\t<meta property=\"og:image:width\" content=\"529\" \/>\n\t<meta property=\"og:image:height\" content=\"408\" \/>\n\t<meta property=\"og:image:type\" content=\"image\/jpeg\" \/>\n<meta name=\"twitter:card\" content=\"summary_large_image\" \/>\n<meta name=\"twitter:label1\" content=\"Dur\u00e9e de lecture estim\u00e9e\" \/>\n\t<meta name=\"twitter:data1\" content=\"2 minutes\" \/>\n<script type=\"application\/ld+json\" class=\"yoast-schema-graph\">{\"@context\":\"https:\\\/\\\/schema.org\",\"@graph\":[{\"@type\":\"WebPage\",\"@id\":\"https:\\\/\\\/elle-emme.it\\\/fr\\\/artisanat\\\/\",\"url\":\"https:\\\/\\\/elle-emme.it\\\/fr\\\/artisanat\\\/\",\"name\":\"L'artisanat du tricot italien | Elle-Emme\",\"isPartOf\":{\"@id\":\"https:\\\/\\\/elle-emme.it\\\/#website\"},\"primaryImageOfPage\":{\"@id\":\"https:\\\/\\\/elle-emme.it\\\/fr\\\/artisanat\\\/#primaryimage\"},\"image\":{\"@id\":\"https:\\\/\\\/elle-emme.it\\\/fr\\\/artisanat\\\/#primaryimage\"},\"thumbnailUrl\":\"https:\\\/\\\/elle-emme.it\\\/wp-content\\\/uploads\\\/2024\\\/06\\\/ellemme-artigianalita-1.jpg\",\"datePublished\":\"2024-06-24T13:00:12+00:00\",\"dateModified\":\"2026-04-08T20:49:10+00:00\",\"description\":\"D\u00e9couvrez le savoir-faire italien en mati\u00e8re de tricot avec Elle-Emme : qualit\u00e9, exp\u00e9rience et passion dans la production de v\u00eatements tricot\u00e9s.\",\"breadcrumb\":{\"@id\":\"https:\\\/\\\/elle-emme.it\\\/fr\\\/artisanat\\\/#breadcrumb\"},\"inLanguage\":\"fr-FR\",\"potentialAction\":[{\"@type\":\"ReadAction\",\"target\":[\"https:\\\/\\\/elle-emme.it\\\/fr\\\/artisanat\\\/\"]}]},{\"@type\":\"ImageObject\",\"inLanguage\":\"fr-FR\",\"@id\":\"https:\\\/\\\/elle-emme.it\\\/fr\\\/artisanat\\\/#primaryimage\",\"url\":\"https:\\\/\\\/elle-emme.it\\\/wp-content\\\/uploads\\\/2024\\\/06\\\/ellemme-artigianalita-1.jpg\",\"contentUrl\":\"https:\\\/\\\/elle-emme.it\\\/wp-content\\\/uploads\\\/2024\\\/06\\\/ellemme-artigianalita-1.jpg\"},{\"@type\":\"BreadcrumbList\",\"@id\":\"https:\\\/\\\/elle-emme.it\\\/fr\\\/artisanat\\\/#breadcrumb\",\"itemListElement\":[{\"@type\":\"ListItem\",\"position\":1,\"name\":\"Home\",\"item\":\"https:\\\/\\\/elle-emme.it\\\/\"},{\"@type\":\"ListItem\",\"position\":2,\"name\":\"Artisanat\"}]},{\"@type\":\"WebSite\",\"@id\":\"https:\\\/\\\/elle-emme.it\\\/#website\",\"url\":\"https:\\\/\\\/elle-emme.it\\\/\",\"name\":\"https:\\\/\\\/elle-emme.it\\\/\",\"description\":\"\",\"publisher\":{\"@id\":\"https:\\\/\\\/elle-emme.it\\\/#organization\"},\"potentialAction\":[{\"@type\":\"SearchAction\",\"target\":{\"@type\":\"EntryPoint\",\"urlTemplate\":\"https:\\\/\\\/elle-emme.it\\\/?s={search_term_string}\"},\"query-input\":{\"@type\":\"PropertyValueSpecification\",\"valueRequired\":true,\"valueName\":\"search_term_string\"}}],\"inLanguage\":\"fr-FR\"},{\"@type\":\"Organization\",\"@id\":\"https:\\\/\\\/elle-emme.it\\\/#organization\",\"name\":\"Elle-Emme\",\"url\":\"https:\\\/\\\/elle-emme.it\\\/\",\"logo\":{\"@type\":\"ImageObject\",\"inLanguage\":\"fr-FR\",\"@id\":\"https:\\\/\\\/elle-emme.it\\\/#\\\/schema\\\/logo\\\/image\\\/\",\"url\":\"https:\\\/\\\/elle-emme.it\\\/wp-content\\\/uploads\\\/2024\\\/03\\\/logo-elle-emme.png\",\"contentUrl\":\"https:\\\/\\\/elle-emme.it\\\/wp-content\\\/uploads\\\/2024\\\/03\\\/logo-elle-emme.png\",\"width\":686,\"height\":63,\"caption\":\"Elle-Emme\"},\"image\":{\"@id\":\"https:\\\/\\\/elle-emme.it\\\/#\\\/schema\\\/logo\\\/image\\\/\"}}]}<\/script>\n<!-- \/ Yoast SEO plugin. -->","yoast_head_json":{"title":"L'artisanat du tricot italien | Elle-Emme","description":"D\u00e9couvrez le savoir-faire italien en mati\u00e8re de tricot avec Elle-Emme : qualit\u00e9, exp\u00e9rience et passion dans la production de v\u00eatements tricot\u00e9s.","robots":{"index":"index","follow":"follow","max-snippet":"max-snippet:-1","max-image-preview":"max-image-preview:large","max-video-preview":"max-video-preview:-1"},"canonical":"https:\/\/elle-emme.it\/fr\/artisanat\/","og_locale":"fr_FR","og_type":"article","og_title":"L'artisanat du tricot italien | Elle-Emme","og_description":"D\u00e9couvrez le savoir-faire italien en mati\u00e8re de tricot avec Elle-Emme : qualit\u00e9, exp\u00e9rience et passion dans la production de v\u00eatements tricot\u00e9s.","og_url":"https:\/\/elle-emme.it\/fr\/artisanat\/","og_site_name":"Elle Emme","article_modified_time":"2026-04-08T20:49:10+00:00","og_image":[{"width":529,"height":408,"url":"https:\/\/elle-emme.it\/wp-content\/uploads\/2024\/06\/ellemme-artigianalita-1.jpg","type":"image\/jpeg"}],"twitter_card":"summary_large_image","twitter_misc":{"Dur\u00e9e de lecture estim\u00e9e":"2 minutes"},"schema":{"@context":"https:\/\/schema.org","@graph":[{"@type":"WebPage","@id":"https:\/\/elle-emme.it\/fr\/artisanat\/","url":"https:\/\/elle-emme.it\/fr\/artisanat\/","name":"L'artisanat du tricot italien | Elle-Emme","isPartOf":{"@id":"https:\/\/elle-emme.it\/#website"},"primaryImageOfPage":{"@id":"https:\/\/elle-emme.it\/fr\/artisanat\/#primaryimage"},"image":{"@id":"https:\/\/elle-emme.it\/fr\/artisanat\/#primaryimage"},"thumbnailUrl":"https:\/\/elle-emme.it\/wp-content\/uploads\/2024\/06\/ellemme-artigianalita-1.jpg","datePublished":"2024-06-24T13:00:12+00:00","dateModified":"2026-04-08T20:49:10+00:00","description":"D\u00e9couvrez le savoir-faire italien en mati\u00e8re de tricot avec Elle-Emme : qualit\u00e9, exp\u00e9rience et passion dans la production de v\u00eatements tricot\u00e9s.","breadcrumb":{"@id":"https:\/\/elle-emme.it\/fr\/artisanat\/#breadcrumb"},"inLanguage":"fr-FR","potentialAction":[{"@type":"ReadAction","target":["https:\/\/elle-emme.it\/fr\/artisanat\/"]}]},{"@type":"ImageObject","inLanguage":"fr-FR","@id":"https:\/\/elle-emme.it\/fr\/artisanat\/#primaryimage","url":"https:\/\/elle-emme.it\/wp-content\/uploads\/2024\/06\/ellemme-artigianalita-1.jpg","contentUrl":"https:\/\/elle-emme.it\/wp-content\/uploads\/2024\/06\/ellemme-artigianalita-1.jpg"},{"@type":"BreadcrumbList","@id":"https:\/\/elle-emme.it\/fr\/artisanat\/#breadcrumb","itemListElement":[{"@type":"ListItem","position":1,"name":"Home","item":"https:\/\/elle-emme.it\/"},{"@type":"ListItem","position":2,"name":"Artisanat"}]},{"@type":"WebSite","@id":"https:\/\/elle-emme.it\/#website","url":"https:\/\/elle-emme.it\/","name":"https:\/\/elle-emme.it\/","description":"","publisher":{"@id":"https:\/\/elle-emme.it\/#organization"},"potentialAction":[{"@type":"SearchAction","target":{"@type":"EntryPoint","urlTemplate":"https:\/\/elle-emme.it\/?s={search_term_string}"},"query-input":{"@type":"PropertyValueSpecification","valueRequired":true,"valueName":"search_term_string"}}],"inLanguage":"fr-FR"},{"@type":"Organization","@id":"https:\/\/elle-emme.it\/#organization","name":"Elle-Emme","url":"https:\/\/elle-emme.it\/","logo":{"@type":"ImageObject","inLanguage":"fr-FR","@id":"https:\/\/elle-emme.it\/#\/schema\/logo\/image\/","url":"https:\/\/elle-emme.it\/wp-content\/uploads\/2024\/03\/logo-elle-emme.png","contentUrl":"https:\/\/elle-emme.it\/wp-content\/uploads\/2024\/03\/logo-elle-emme.png","width":686,"height":63,"caption":"Elle-Emme"},"image":{"@id":"https:\/\/elle-emme.it\/#\/schema\/logo\/image\/"}}]}},"_links":{"self":[{"href":"https:\/\/elle-emme.it\/fr\/wp-json\/wp\/v2\/pages\/6078","targetHints":{"allow":["GET"]}}],"collection":[{"href":"https:\/\/elle-emme.it\/fr\/wp-json\/wp\/v2\/pages"}],"about":[{"href":"https:\/\/elle-emme.it\/fr\/wp-json\/wp\/v2\/types\/page"}],"author":[{"embeddable":true,"href":"https:\/\/elle-emme.it\/fr\/wp-json\/wp\/v2\/users\/1"}],"replies":[{"embeddable":true,"href":"https:\/\/elle-emme.it\/fr\/wp-json\/wp\/v2\/comments?post=6078"}],"version-history":[{"count":2,"href":"https:\/\/elle-emme.it\/fr\/wp-json\/wp\/v2\/pages\/6078\/revisions"}],"predecessor-version":[{"id":50141,"href":"https:\/\/elle-emme.it\/fr\/wp-json\/wp\/v2\/pages\/6078\/revisions\/50141"}],"wp:attachment":[{"href":"https:\/\/elle-emme.it\/fr\/wp-json\/wp\/v2\/media?parent=6078"}],"curies":[{"name":"wp","href":"https:\/\/api.w.org\/{rel}","templated":true}]}}