{"id":6107,"date":"2024-06-24T13:12:54","date_gmt":"2024-06-24T13:12:54","guid":{"rendered":"https:\/\/tau.landweb.it\/durabilite\/"},"modified":"2024-06-24T13:24:11","modified_gmt":"2024-06-24T13:24:11","slug":"durabilite","status":"publish","type":"page","link":"https:\/\/elle-emme.it\/fr\/durabilite\/","title":{"rendered":"Durabilit\u00e9"},"content":{"rendered":"\t\t<div data-elementor-type=\"wp-post\" data-elementor-id=\"6107\" class=\"elementor elementor-6107 elementor-6080\">\n\t\t\t\t<div class=\"elementor-element elementor-element-225e50b e-flex e-con-boxed e-con e-parent\" data-id=\"225e50b\" data-element_type=\"container\" data-e-type=\"container\" data-settings=\"{&quot;background_background&quot;:&quot;classic&quot;}\">\n\t\t\t\t\t<div class=\"e-con-inner\">\n\t\t\t\t\t<\/div>\n\t\t\t\t<\/div>\n\t\t<div class=\"elementor-element elementor-element-3b76cc7 e-flex e-con-boxed e-con e-parent\" data-id=\"3b76cc7\" data-element_type=\"container\" data-e-type=\"container\" data-settings=\"{&quot;background_background&quot;:&quot;classic&quot;}\">\n\t\t\t\t\t<div class=\"e-con-inner\">\n\t\t\t\t<div class=\"elementor-element elementor-element-406446a elementor-widget elementor-widget-text-editor\" data-id=\"406446a\" data-element_type=\"widget\" data-e-type=\"widget\" data-widget_type=\"text-editor.default\">\n\t\t\t\t<div class=\"elementor-widget-container\">\n\t\t\t\t\t\t\t\t\t<p>[Chi Siamo \/ Sostenibilit\u00e0]<\/p>\n\t\t\t\t\t\t\t\t<\/div>\n\t\t\t\t<\/div>\n\t\t\t\t<div class=\"elementor-element elementor-element-1d1995a elementor-widget elementor-widget-heading\" data-id=\"1d1995a\" data-element_type=\"widget\" data-e-type=\"widget\" data-widget_type=\"heading.default\">\n\t\t\t\t<div class=\"elementor-widget-container\">\n\t\t\t\t\t<h2 class=\"elementor-heading-title elementor-size-default\">LA MANUFACTURE \u00c0 KM 0 DANS LE RESPECT DE L\u2019ENVIRONNEMENT<\/h2>\t\t\t\t<\/div>\n\t\t\t\t<\/div>\n\t\t\t\t<div class=\"elementor-element elementor-element-c216ce4 elementor-widget elementor-widget-text-editor\" data-id=\"c216ce4\" data-element_type=\"widget\" data-e-type=\"widget\" data-widget_type=\"text-editor.default\">\n\t\t\t\t<div class=\"elementor-widget-container\">\n\t\t\t\t\t\t\t\t\t<p>Nous pensons que le <strong>d\u00e9veloppement <\/strong> durable est important pour le secteur manufacturier et nous avons toujours investi dans la recherche de solutions industrielles qui r\u00e9duisent l&rsquo;impact environnemental de nos activit\u00e9s et de nos produits.<\/p>\n<p>Nous avons choisi d&rsquo;alimenter notre entreprise <strong>en \u00e9nergie solaire<\/strong>. Gr\u00e2ce \u00e0 l&rsquo;installation de panneaux photovolta\u00efques qui nous permettent de couvrir la quasi-totalit\u00e9 de nos besoins \u00e9nerg\u00e9tiques, nous avons r\u00e9duit de mani\u00e8re drastique notre consommation d&rsquo;\u00e9nergie provenant de sources non renouvelables et, par cons\u00e9quent, nos \u00e9missions de CO2. <\/p>\n<p>Nos actions en faveur de la production durable de tricots ne se limitent pas au choix des sources d&rsquo;\u00e9nergie. Elle-Emme est situ\u00e9e au centre de la r\u00e9gion textile de Toscane, l&rsquo;une des plus importantes zones de production d&rsquo;Italie. Cela signifie que nous pouvons compter sur une v\u00e9ritable cha\u00eene d&rsquo;approvisionnement <strong>\u00e0 kilom\u00e8tre z\u00e9ro<\/strong>. Nous effectuons la plupart des op\u00e9rations de transformation directement dans notre usine, mais si n\u00e9cessaire, nous collaborons avec des entreprises situ\u00e9es \u00e0 une courte distance. Nous <strong>minimisons ainsi les \u00e9missions de CO2<\/strong> li\u00e9es au transport des marchandises et des mat\u00e9riaux, tout en renfor\u00e7ant le professionnalisme de notre r\u00e9gion.    <\/p>\n<p>Enfin, nous sommes convaincus que les \u00e9conomies d&rsquo;\u00e9nergie ne suffisent pas. En effet, nous sommes conscients que le choix des mati\u00e8res premi\u00e8res est fondamental pour cr\u00e9er une v\u00e9ritable cha\u00eene d&rsquo;approvisionnement durable. C&rsquo;est pourquoi, depuis quelques ann\u00e9es, nous avons choisi d&rsquo;inclure dans nos collections des v\u00eatements fabriqu\u00e9s \u00e0 partir de fils r\u00e9g\u00e9n\u00e9r\u00e9s ou produits \u00e0 partir de plastiques recycl\u00e9s, afin d&rsquo;\u00e9viter les d\u00e9chets et de favoriser une \u00e9conomie circulaire. Nos activit\u00e9s de recherche et de d\u00e9veloppement sont \u00e9galement constamment orient\u00e9es vers l&rsquo;exp\u00e9rimentation de <a href=\"https:\/\/elle-emme.it\/cosa-facciamo-materiali\/\">mat\u00e9riaux <\/a> et de <a href=\"https:\/\/elle-emme.it\/cosa-facciamo-lavorazioni\/\">processus <\/a> respectueux de l&rsquo;environnement, afin d&rsquo;am\u00e9liorer constamment notre empreinte \u00e9cologique.   <\/p>\n\t\t\t\t\t\t\t\t<\/div>\n\t\t\t\t<\/div>\n\t\t<div class=\"elementor-element elementor-element-922fb81 e-grid e-con-boxed e-con e-child\" data-id=\"922fb81\" data-element_type=\"container\" data-e-type=\"container\">\n\t\t\t\t\t<div class=\"e-con-inner\">\n\t\t\t\t<div class=\"elementor-element elementor-element-afd8441 elementor-widget elementor-widget-image\" data-id=\"afd8441\" data-element_type=\"widget\" data-e-type=\"widget\" data-widget_type=\"image.default\">\n\t\t\t\t<div class=\"elementor-widget-container\">\n\t\t\t\t\t\t\t\t\t\t\t\t\t\t\t<img fetchpriority=\"high\" decoding=\"async\" width=\"529\" height=\"408\" src=\"https:\/\/elle-emme.it\/wp-content\/uploads\/2024\/06\/ellemme-sostenibilita-1.jpg\" class=\"attachment-large size-large wp-image-6087\" alt=\"\" srcset=\"https:\/\/elle-emme.it\/wp-content\/uploads\/2024\/06\/ellemme-sostenibilita-1.jpg 529w, https:\/\/elle-emme.it\/wp-content\/uploads\/2024\/06\/ellemme-sostenibilita-1-300x231.jpg 300w\" sizes=\"(max-width: 529px) 100vw, 529px\" \/>\t\t\t\t\t\t\t\t\t\t\t\t\t\t\t<\/div>\n\t\t\t\t<\/div>\n\t\t\t\t<div class=\"elementor-element elementor-element-f2481d4 elementor-widget elementor-widget-image\" data-id=\"f2481d4\" data-element_type=\"widget\" data-e-type=\"widget\" data-widget_type=\"image.default\">\n\t\t\t\t<div class=\"elementor-widget-container\">\n\t\t\t\t\t\t\t\t\t\t\t\t\t\t\t<img decoding=\"async\" width=\"600\" height=\"435\" src=\"https:\/\/elle-emme.it\/wp-content\/uploads\/2024\/06\/ellemme-sostenibilita-2.jpg\" class=\"attachment-large size-large wp-image-6090\" alt=\"\" srcset=\"https:\/\/elle-emme.it\/wp-content\/uploads\/2024\/06\/ellemme-sostenibilita-2.jpg 600w, https:\/\/elle-emme.it\/wp-content\/uploads\/2024\/06\/ellemme-sostenibilita-2-300x218.jpg 300w\" sizes=\"(max-width: 600px) 100vw, 600px\" \/>\t\t\t\t\t\t\t\t\t\t\t\t\t\t\t<\/div>\n\t\t\t\t<\/div>\n\t\t\t\t\t<\/div>\n\t\t\t\t<\/div>\n\t\t<div class=\"elementor-element elementor-element-b8fefac e-grid e-con-boxed e-con e-child\" data-id=\"b8fefac\" data-element_type=\"container\" data-e-type=\"container\">\n\t\t\t\t\t<div class=\"e-con-inner\">\n\t\t\t\t<div class=\"elementor-element elementor-element-7322435 elementor-widget elementor-widget-image\" data-id=\"7322435\" data-element_type=\"widget\" data-e-type=\"widget\" data-widget_type=\"image.default\">\n\t\t\t\t<div class=\"elementor-widget-container\">\n\t\t\t\t\t\t\t\t\t\t\t\t\t\t\t<img decoding=\"async\" width=\"269\" height=\"300\" src=\"https:\/\/elle-emme.it\/wp-content\/uploads\/2024\/06\/ellemme-sostenibilita-3.jpg\" class=\"attachment-large size-large wp-image-6093\" alt=\"\" \/>\t\t\t\t\t\t\t\t\t\t\t\t\t\t\t<\/div>\n\t\t\t\t<\/div>\n\t\t\t\t<div class=\"elementor-element elementor-element-daac75b elementor-widget elementor-widget-image\" data-id=\"daac75b\" data-element_type=\"widget\" data-e-type=\"widget\" data-widget_type=\"image.default\">\n\t\t\t\t<div class=\"elementor-widget-container\">\n\t\t\t\t\t\t\t\t\t\t\t\t\t\t\t<img loading=\"lazy\" decoding=\"async\" width=\"600\" height=\"387\" src=\"https:\/\/elle-emme.it\/wp-content\/uploads\/2024\/06\/ellemme-sostenibilita-4.jpg\" class=\"attachment-large size-large wp-image-6096\" alt=\"\" srcset=\"https:\/\/elle-emme.it\/wp-content\/uploads\/2024\/06\/ellemme-sostenibilita-4.jpg 600w, https:\/\/elle-emme.it\/wp-content\/uploads\/2024\/06\/ellemme-sostenibilita-4-300x194.jpg 300w\" sizes=\"(max-width: 600px) 100vw, 600px\" \/>\t\t\t\t\t\t\t\t\t\t\t\t\t\t\t<\/div>\n\t\t\t\t<\/div>\n\t\t\t\t<div class=\"elementor-element elementor-element-d2fd643 elementor-widget elementor-widget-image\" data-id=\"d2fd643\" data-element_type=\"widget\" data-e-type=\"widget\" data-widget_type=\"image.default\">\n\t\t\t\t<div class=\"elementor-widget-container\">\n\t\t\t\t\t\t\t\t\t\t\t\t\t\t\t<img loading=\"lazy\" decoding=\"async\" width=\"518\" height=\"419\" src=\"https:\/\/elle-emme.it\/wp-content\/uploads\/2024\/06\/ellemme-sostenibilita-5.jpg\" class=\"attachment-large size-large wp-image-6099\" alt=\"\" srcset=\"https:\/\/elle-emme.it\/wp-content\/uploads\/2024\/06\/ellemme-sostenibilita-5.jpg 518w, https:\/\/elle-emme.it\/wp-content\/uploads\/2024\/06\/ellemme-sostenibilita-5-300x243.jpg 300w\" sizes=\"(max-width: 518px) 100vw, 518px\" \/>\t\t\t\t\t\t\t\t\t\t\t\t\t\t\t<\/div>\n\t\t\t\t<\/div>\n\t\t\t\t\t<\/div>\n\t\t\t\t<\/div>\n\t\t\t\t<div class=\"elementor-element elementor-element-11914e3 elementor-widget elementor-widget-spacer\" data-id=\"11914e3\" data-element_type=\"widget\" data-e-type=\"widget\" data-widget_type=\"spacer.default\">\n\t\t\t\t<div class=\"elementor-widget-container\">\n\t\t\t\t\t\t\t<div class=\"elementor-spacer\">\n\t\t\t<div class=\"elementor-spacer-inner\"><\/div>\n\t\t<\/div>\n\t\t\t\t\t\t<\/div>\n\t\t\t\t<\/div>\n\t\t\t\t<div class=\"elementor-element elementor-element-dfb2a46 elementor-widget elementor-widget-heading\" data-id=\"dfb2a46\" data-element_type=\"widget\" data-e-type=\"widget\" data-widget_type=\"heading.default\">\n\t\t\t\t<div class=\"elementor-widget-container\">\n\t\t\t\t\t<h4 class=\"elementor-heading-title elementor-size-default\">EN SAVOIR PLUS SUR ELLE EMME<\/h4>\t\t\t\t<\/div>\n\t\t\t\t<\/div>\n\t\t<div class=\"elementor-element elementor-element-3f1755e e-grid e-con-boxed e-con e-child\" data-id=\"3f1755e\" data-element_type=\"container\" data-e-type=\"container\">\n\t\t\t\t\t<div class=\"e-con-inner\">\n\t\t\t\t<div class=\"elementor-element elementor-element-fee84c6 elementor-position-top elementor-invisible elementor-widget elementor-widget-image-box\" data-id=\"fee84c6\" data-element_type=\"widget\" data-e-type=\"widget\" data-settings=\"{&quot;_animation&quot;:&quot;fadeInUp&quot;}\" data-widget_type=\"image-box.default\">\n\t\t\t\t<div class=\"elementor-widget-container\">\n\t\t\t\t\t<div class=\"elementor-image-box-wrapper\"><figure class=\"elementor-image-box-img\"><a href=\"https:\/\/elle-emme.it\/fr\/a-propos-de-nous\/\" tabindex=\"-1\"><img loading=\"lazy\" decoding=\"async\" width=\"433\" height=\"580\" src=\"https:\/\/elle-emme.it\/wp-content\/uploads\/2024\/06\/scopri-di-piu-chi-siamo.jpg\" class=\"attachment-full size-full wp-image-6026\" alt=\"Italian Knitwear\" srcset=\"https:\/\/elle-emme.it\/wp-content\/uploads\/2024\/06\/scopri-di-piu-chi-siamo.jpg 433w, https:\/\/elle-emme.it\/wp-content\/uploads\/2024\/06\/scopri-di-piu-chi-siamo-224x300.jpg 224w\" sizes=\"(max-width: 433px) 100vw, 433px\" \/><\/a><\/figure><div class=\"elementor-image-box-content\"><h3 class=\"elementor-image-box-title\"><a href=\"https:\/\/elle-emme.it\/fr\/a-propos-de-nous\/\">QUI SOMMES-NOUS<\/a><\/h3><\/div><\/div>\t\t\t\t<\/div>\n\t\t\t\t<\/div>\n\t\t\t\t<div class=\"elementor-element elementor-element-d3daa6b elementor-position-top elementor-invisible elementor-widget elementor-widget-image-box\" data-id=\"d3daa6b\" data-element_type=\"widget\" data-e-type=\"widget\" data-settings=\"{&quot;_animation&quot;:&quot;fadeInUp&quot;,&quot;_animation_delay&quot;:120}\" data-widget_type=\"image-box.default\">\n\t\t\t\t<div class=\"elementor-widget-container\">\n\t\t\t\t\t<div class=\"elementor-image-box-wrapper\"><figure class=\"elementor-image-box-img\"><a href=\"https:\/\/elle-emme.it\/fr\/artisanat\/\" tabindex=\"-1\"><img loading=\"lazy\" decoding=\"async\" width=\"433\" height=\"580\" src=\"https:\/\/elle-emme.it\/wp-content\/uploads\/2024\/06\/scopri-di-piu-artigianalita.jpg\" class=\"attachment-full size-full wp-image-6023\" alt=\"\" srcset=\"https:\/\/elle-emme.it\/wp-content\/uploads\/2024\/06\/scopri-di-piu-artigianalita.jpg 433w, https:\/\/elle-emme.it\/wp-content\/uploads\/2024\/06\/scopri-di-piu-artigianalita-224x300.jpg 224w\" sizes=\"(max-width: 433px) 100vw, 433px\" \/><\/a><\/figure><div class=\"elementor-image-box-content\"><h3 class=\"elementor-image-box-title\"><a href=\"https:\/\/elle-emme.it\/fr\/artisanat\/\">ARTISANIT\u00c9<\/a><\/h3><\/div><\/div>\t\t\t\t<\/div>\n\t\t\t\t<\/div>\n\t\t\t\t<div class=\"elementor-element elementor-element-594c32b elementor-position-top elementor-invisible elementor-widget elementor-widget-image-box\" data-id=\"594c32b\" data-element_type=\"widget\" data-e-type=\"widget\" data-settings=\"{&quot;_animation&quot;:&quot;fadeInUp&quot;,&quot;_animation_delay&quot;:60}\" data-widget_type=\"image-box.default\">\n\t\t\t\t<div class=\"elementor-widget-container\">\n\t\t\t\t\t<div class=\"elementor-image-box-wrapper\"><figure class=\"elementor-image-box-img\"><a href=\"https:\/\/elle-emme.it\/fr\/valeurs\/\" tabindex=\"-1\"><img loading=\"lazy\" decoding=\"async\" width=\"433\" height=\"580\" src=\"https:\/\/elle-emme.it\/wp-content\/uploads\/2024\/06\/ellemme-valori.jpg\" class=\"attachment-full size-full wp-image-6042\" alt=\"Italian Knitwear\" srcset=\"https:\/\/elle-emme.it\/wp-content\/uploads\/2024\/06\/ellemme-valori.jpg 433w, https:\/\/elle-emme.it\/wp-content\/uploads\/2024\/06\/ellemme-valori-224x300.jpg 224w\" sizes=\"(max-width: 433px) 100vw, 433px\" \/><\/a><\/figure><div class=\"elementor-image-box-content\"><h3 class=\"elementor-image-box-title\"><a href=\"https:\/\/elle-emme.it\/fr\/valeurs\/\">VALEURS<\/a><\/h3><\/div><\/div>\t\t\t\t<\/div>\n\t\t\t\t<\/div>\n\t\t\t\t\t<\/div>\n\t\t\t\t<\/div>\n\t\t\t\t\t<\/div>\n\t\t\t\t<\/div>\n\t\t\t\t<\/div>\n\t\t","protected":false},"excerpt":{"rendered":"<p>[Chi Siamo \/ Sostenibilit\u00e0] LA MANUFACTURE \u00c0 KM 0 DANS LE RESPECT DE L\u2019ENVIRONNEMENT Nous pensons que le d\u00e9veloppement durable est important pour le secteur manufacturier et nous avons toujours investi dans la recherche de solutions industrielles qui r\u00e9duisent l&rsquo;impact environnemental de nos activit\u00e9s et de nos produits. Nous avons choisi d&rsquo;alimenter notre entreprise en [&hellip;]<\/p>\n","protected":false},"author":1,"featured_media":0,"parent":0,"menu_order":0,"comment_status":"closed","ping_status":"closed","template":"","meta":{"footnotes":""},"class_list":["post-6107","page","type-page","status-publish","hentry"],"blocksy_meta":{"has_hero_section":"disabled","styles_descriptor":{"styles":{"desktop":"","tablet":"","mobile":""},"google_fonts":[],"version":6}},"yoast_head":"<!-- This site is optimized with the Yoast SEO plugin v27.4 - https:\/\/yoast.com\/product\/yoast-seo-wordpress\/ -->\n<title>Durabilit\u00e9 - Elle Emme<\/title>\n<meta name=\"robots\" content=\"index, follow, max-snippet:-1, max-image-preview:large, max-video-preview:-1\" \/>\n<link rel=\"canonical\" href=\"https:\/\/elle-emme.it\/fr\/durabilite\/\" \/>\n<meta property=\"og:locale\" content=\"fr_FR\" \/>\n<meta property=\"og:type\" content=\"article\" \/>\n<meta property=\"og:title\" content=\"Durabilit\u00e9 - Elle Emme\" \/>\n<meta property=\"og:description\" content=\"[Chi Siamo \/ Sostenibilit\u00e0] LA MANUFACTURE \u00c0 KM 0 DANS LE RESPECT DE L\u2019ENVIRONNEMENT Nous pensons que le d\u00e9veloppement durable est important pour le secteur manufacturier et nous avons toujours investi dans la recherche de solutions industrielles qui r\u00e9duisent l&rsquo;impact environnemental de nos activit\u00e9s et de nos produits. Nous avons choisi d&rsquo;alimenter notre entreprise en [&hellip;]\" \/>\n<meta property=\"og:url\" content=\"https:\/\/elle-emme.it\/fr\/durabilite\/\" \/>\n<meta property=\"og:site_name\" content=\"Elle Emme\" \/>\n<meta property=\"article:modified_time\" content=\"2024-06-24T13:24:11+00:00\" \/>\n<meta property=\"og:image\" content=\"https:\/\/elle-emme.it\/wp-content\/uploads\/2024\/06\/ellemme-sostenibilita-1.jpg\" \/>\n\t<meta property=\"og:image:width\" content=\"529\" \/>\n\t<meta property=\"og:image:height\" content=\"408\" \/>\n\t<meta property=\"og:image:type\" content=\"image\/jpeg\" \/>\n<meta name=\"twitter:card\" content=\"summary_large_image\" \/>\n<meta name=\"twitter:label1\" content=\"Dur\u00e9e de lecture estim\u00e9e\" \/>\n\t<meta name=\"twitter:data1\" content=\"2 minutes\" \/>\n<script type=\"application\/ld+json\" class=\"yoast-schema-graph\">{\"@context\":\"https:\\\/\\\/schema.org\",\"@graph\":[{\"@type\":\"WebPage\",\"@id\":\"https:\\\/\\\/elle-emme.it\\\/fr\\\/durabilite\\\/\",\"url\":\"https:\\\/\\\/elle-emme.it\\\/fr\\\/durabilite\\\/\",\"name\":\"Durabilit\u00e9 - Elle Emme\",\"isPartOf\":{\"@id\":\"https:\\\/\\\/elle-emme.it\\\/#website\"},\"primaryImageOfPage\":{\"@id\":\"https:\\\/\\\/elle-emme.it\\\/fr\\\/durabilite\\\/#primaryimage\"},\"image\":{\"@id\":\"https:\\\/\\\/elle-emme.it\\\/fr\\\/durabilite\\\/#primaryimage\"},\"thumbnailUrl\":\"https:\\\/\\\/elle-emme.it\\\/wp-content\\\/uploads\\\/2024\\\/06\\\/ellemme-sostenibilita-1.jpg\",\"datePublished\":\"2024-06-24T13:12:54+00:00\",\"dateModified\":\"2024-06-24T13:24:11+00:00\",\"breadcrumb\":{\"@id\":\"https:\\\/\\\/elle-emme.it\\\/fr\\\/durabilite\\\/#breadcrumb\"},\"inLanguage\":\"fr-FR\",\"potentialAction\":[{\"@type\":\"ReadAction\",\"target\":[\"https:\\\/\\\/elle-emme.it\\\/fr\\\/durabilite\\\/\"]}]},{\"@type\":\"ImageObject\",\"inLanguage\":\"fr-FR\",\"@id\":\"https:\\\/\\\/elle-emme.it\\\/fr\\\/durabilite\\\/#primaryimage\",\"url\":\"https:\\\/\\\/elle-emme.it\\\/wp-content\\\/uploads\\\/2024\\\/06\\\/ellemme-sostenibilita-1.jpg\",\"contentUrl\":\"https:\\\/\\\/elle-emme.it\\\/wp-content\\\/uploads\\\/2024\\\/06\\\/ellemme-sostenibilita-1.jpg\"},{\"@type\":\"BreadcrumbList\",\"@id\":\"https:\\\/\\\/elle-emme.it\\\/fr\\\/durabilite\\\/#breadcrumb\",\"itemListElement\":[{\"@type\":\"ListItem\",\"position\":1,\"name\":\"Home\",\"item\":\"https:\\\/\\\/elle-emme.it\\\/\"},{\"@type\":\"ListItem\",\"position\":2,\"name\":\"Durabilit\u00e9\"}]},{\"@type\":\"WebSite\",\"@id\":\"https:\\\/\\\/elle-emme.it\\\/#website\",\"url\":\"https:\\\/\\\/elle-emme.it\\\/\",\"name\":\"https:\\\/\\\/elle-emme.it\\\/\",\"description\":\"\",\"publisher\":{\"@id\":\"https:\\\/\\\/elle-emme.it\\\/#organization\"},\"potentialAction\":[{\"@type\":\"SearchAction\",\"target\":{\"@type\":\"EntryPoint\",\"urlTemplate\":\"https:\\\/\\\/elle-emme.it\\\/?s={search_term_string}\"},\"query-input\":{\"@type\":\"PropertyValueSpecification\",\"valueRequired\":true,\"valueName\":\"search_term_string\"}}],\"inLanguage\":\"fr-FR\"},{\"@type\":\"Organization\",\"@id\":\"https:\\\/\\\/elle-emme.it\\\/#organization\",\"name\":\"Elle-Emme\",\"url\":\"https:\\\/\\\/elle-emme.it\\\/\",\"logo\":{\"@type\":\"ImageObject\",\"inLanguage\":\"fr-FR\",\"@id\":\"https:\\\/\\\/elle-emme.it\\\/#\\\/schema\\\/logo\\\/image\\\/\",\"url\":\"https:\\\/\\\/elle-emme.it\\\/wp-content\\\/uploads\\\/2024\\\/03\\\/logo-elle-emme.png\",\"contentUrl\":\"https:\\\/\\\/elle-emme.it\\\/wp-content\\\/uploads\\\/2024\\\/03\\\/logo-elle-emme.png\",\"width\":686,\"height\":63,\"caption\":\"Elle-Emme\"},\"image\":{\"@id\":\"https:\\\/\\\/elle-emme.it\\\/#\\\/schema\\\/logo\\\/image\\\/\"}}]}<\/script>\n<!-- \/ Yoast SEO plugin. -->","yoast_head_json":{"title":"Durabilit\u00e9 - Elle Emme","robots":{"index":"index","follow":"follow","max-snippet":"max-snippet:-1","max-image-preview":"max-image-preview:large","max-video-preview":"max-video-preview:-1"},"canonical":"https:\/\/elle-emme.it\/fr\/durabilite\/","og_locale":"fr_FR","og_type":"article","og_title":"Durabilit\u00e9 - Elle Emme","og_description":"[Chi Siamo \/ Sostenibilit\u00e0] LA MANUFACTURE \u00c0 KM 0 DANS LE RESPECT DE L\u2019ENVIRONNEMENT Nous pensons que le d\u00e9veloppement durable est important pour le secteur manufacturier et nous avons toujours investi dans la recherche de solutions industrielles qui r\u00e9duisent l&rsquo;impact environnemental de nos activit\u00e9s et de nos produits. Nous avons choisi d&rsquo;alimenter notre entreprise en [&hellip;]","og_url":"https:\/\/elle-emme.it\/fr\/durabilite\/","og_site_name":"Elle Emme","article_modified_time":"2024-06-24T13:24:11+00:00","og_image":[{"width":529,"height":408,"url":"https:\/\/elle-emme.it\/wp-content\/uploads\/2024\/06\/ellemme-sostenibilita-1.jpg","type":"image\/jpeg"}],"twitter_card":"summary_large_image","twitter_misc":{"Dur\u00e9e de lecture estim\u00e9e":"2 minutes"},"schema":{"@context":"https:\/\/schema.org","@graph":[{"@type":"WebPage","@id":"https:\/\/elle-emme.it\/fr\/durabilite\/","url":"https:\/\/elle-emme.it\/fr\/durabilite\/","name":"Durabilit\u00e9 - Elle Emme","isPartOf":{"@id":"https:\/\/elle-emme.it\/#website"},"primaryImageOfPage":{"@id":"https:\/\/elle-emme.it\/fr\/durabilite\/#primaryimage"},"image":{"@id":"https:\/\/elle-emme.it\/fr\/durabilite\/#primaryimage"},"thumbnailUrl":"https:\/\/elle-emme.it\/wp-content\/uploads\/2024\/06\/ellemme-sostenibilita-1.jpg","datePublished":"2024-06-24T13:12:54+00:00","dateModified":"2024-06-24T13:24:11+00:00","breadcrumb":{"@id":"https:\/\/elle-emme.it\/fr\/durabilite\/#breadcrumb"},"inLanguage":"fr-FR","potentialAction":[{"@type":"ReadAction","target":["https:\/\/elle-emme.it\/fr\/durabilite\/"]}]},{"@type":"ImageObject","inLanguage":"fr-FR","@id":"https:\/\/elle-emme.it\/fr\/durabilite\/#primaryimage","url":"https:\/\/elle-emme.it\/wp-content\/uploads\/2024\/06\/ellemme-sostenibilita-1.jpg","contentUrl":"https:\/\/elle-emme.it\/wp-content\/uploads\/2024\/06\/ellemme-sostenibilita-1.jpg"},{"@type":"BreadcrumbList","@id":"https:\/\/elle-emme.it\/fr\/durabilite\/#breadcrumb","itemListElement":[{"@type":"ListItem","position":1,"name":"Home","item":"https:\/\/elle-emme.it\/"},{"@type":"ListItem","position":2,"name":"Durabilit\u00e9"}]},{"@type":"WebSite","@id":"https:\/\/elle-emme.it\/#website","url":"https:\/\/elle-emme.it\/","name":"https:\/\/elle-emme.it\/","description":"","publisher":{"@id":"https:\/\/elle-emme.it\/#organization"},"potentialAction":[{"@type":"SearchAction","target":{"@type":"EntryPoint","urlTemplate":"https:\/\/elle-emme.it\/?s={search_term_string}"},"query-input":{"@type":"PropertyValueSpecification","valueRequired":true,"valueName":"search_term_string"}}],"inLanguage":"fr-FR"},{"@type":"Organization","@id":"https:\/\/elle-emme.it\/#organization","name":"Elle-Emme","url":"https:\/\/elle-emme.it\/","logo":{"@type":"ImageObject","inLanguage":"fr-FR","@id":"https:\/\/elle-emme.it\/#\/schema\/logo\/image\/","url":"https:\/\/elle-emme.it\/wp-content\/uploads\/2024\/03\/logo-elle-emme.png","contentUrl":"https:\/\/elle-emme.it\/wp-content\/uploads\/2024\/03\/logo-elle-emme.png","width":686,"height":63,"caption":"Elle-Emme"},"image":{"@id":"https:\/\/elle-emme.it\/#\/schema\/logo\/image\/"}}]}},"_links":{"self":[{"href":"https:\/\/elle-emme.it\/fr\/wp-json\/wp\/v2\/pages\/6107","targetHints":{"allow":["GET"]}}],"collection":[{"href":"https:\/\/elle-emme.it\/fr\/wp-json\/wp\/v2\/pages"}],"about":[{"href":"https:\/\/elle-emme.it\/fr\/wp-json\/wp\/v2\/types\/page"}],"author":[{"embeddable":true,"href":"https:\/\/elle-emme.it\/fr\/wp-json\/wp\/v2\/users\/1"}],"replies":[{"embeddable":true,"href":"https:\/\/elle-emme.it\/fr\/wp-json\/wp\/v2\/comments?post=6107"}],"version-history":[{"count":0,"href":"https:\/\/elle-emme.it\/fr\/wp-json\/wp\/v2\/pages\/6107\/revisions"}],"wp:attachment":[{"href":"https:\/\/elle-emme.it\/fr\/wp-json\/wp\/v2\/media?parent=6107"}],"curies":[{"name":"wp","href":"https:\/\/api.w.org\/{rel}","templated":true}]}}